{"id":591590,"date":"2025-03-04T23:24:10","date_gmt":"2025-03-04T22:24:10","guid":{"rendered":"https:\/\/shop.kustom.ch\/?post_type=product&#038;p=591590"},"modified":"2026-03-31T09:10:41","modified_gmt":"2026-03-31T08:10:41","slug":"damen-high-vis-piraten-hose","status":"publish","type":"product","link":"https:\/\/shop.kustom.ch\/fr\/produit\/damen-high-vis-piraten-hose\/","title":{"rendered":"Pantalon pirate haute visibilit\u00e9 pour femmes"},"content":{"rendered":"<p>Ce pantalon de pirate au design flexible ne fait aucun compromis. Les jambes 3\/4 longues offrent une alternative cool. Deux poches arri\u00e8re renforc\u00e9es en CORDURA\u00ae avec soufflet. Certifi\u00e9 selon la norme EN ISO 20471 classe 2, meilleure visibilit\u00e9 lors de travaux dans des conditions extr\u00eames. <\/p>\n<p>FERMETURE : Bas de jambes r\u00e9glables. D\u00c9TAILS : Poche pour carte d'identit\u00e9. Boucle pour marteau sur le c\u00f4t\u00e9. Fermeture \u00e9clair en plastique \u00e0 l'entrejambe. Passants, dont un avec anneau en D. \u00c9lastique \u00e0 la taille. FONCTIONNALIT\u00c9 : Taille femme. CARACT\u00c9RISTIQUES PRINCIPALES : Conducteur. Femmes. EN 14004. REFLEX : Mat\u00e9riau r\u00e9fl\u00e9chissant autour des jambes. TISSU : Disponible pour hommes et femmes. Jaune haute visibilit\u00e9. L\u00e9ger. Protection haute visibilit\u00e9. POCHES : Poches arri\u00e8re \u00e0 soufflet. Poche pour t\u00e9l\u00e9phone portable. Poches ext\u00e9rieures pour genouill\u00e8res. Les poches \u00e0 clous peuvent \u00eatre ins\u00e9r\u00e9es dans les poches avant \u00e0 soufflet. Poches avant avec soufflet. Poche pour m\u00e8tre pliant avec porte-couteau et poche pour stylo. INSTRUCTIONS DE LAVAGE : Nombre de lavages : 30. Ne pas nettoyer \u00e0 sec. LAVAGE : Lavage industriel EN ISO 15797. CERTIFICATION : EN 14404:2004+A1:2010 avec genouill\u00e8res 4027 et 4057. EN ISO 20471, Classe 2<\/p>\n<p>65% polyester, 35% coton, serg\u00e9, ext\u00e9rieur hydrofuge, 240g\/m<\/p>","protected":false},"excerpt":{"rendered":"<p>Diese Piraten Hose mit flexiblem Design geht keine Kompromisse ein. 3\/4 lange Beine bieten eine coole Alternative. Zwei CORDURA\u00ae verst\u00e4rkte Ges\u00e4sstaschen mit Balg. Zertifiziert nach EN ISO 20471 Klasse 2, bessere Sichtbarkeit bei Arbeiten in extremen Bedingungen. ABSCHLUSS: Verstellbare Beinabschl\u00fcsse. DETAILS: Ausweistasche. Hammerschlaufe an der Seite. Kunststoff-Reissverschluss im Schritt. Schlaufen, davon eine mit D-Ring. Gummizug [&hellip;]<\/p>\n","protected":false},"featured_media":591631,"template":"","meta":[],"product_brand":[],"product_cat":[4198],"product_tag":[],"class_list":{"0":"post-591590","1":"product","2":"type-product","3":"status-publish","4":"has-post-thumbnail","6":"product_cat-shorts","7":"pa_brand-blaklaeder","8":"pa_brand-type-workwear","9":"pa_filter-color-gelb","10":"pa_filter-color-orange","12":"first","13":"instock","14":"sale","15":"taxable","16":"shipping-taxable","17":"purchasable","18":"product-type-variable","19":"add-to-wishlist-before_image"},"exclude_global_add_ons":[],"addons":[],"acf":[],"_links":{"self":[{"href":"https:\/\/shop.kustom.ch\/fr\/wp-json\/wp\/v2\/product\/591590"}],"collection":[{"href":"https:\/\/shop.kustom.ch\/fr\/wp-json\/wp\/v2\/product"}],"about":[{"href":"https:\/\/shop.kustom.ch\/fr\/wp-json\/wp\/v2\/types\/product"}],"wp:featuredmedia":[{"embeddable":true,"href":"https:\/\/shop.kustom.ch\/fr\/wp-json\/wp\/v2\/media\/591631"}],"wp:attachment":[{"href":"https:\/\/shop.kustom.ch\/fr\/wp-json\/wp\/v2\/media?parent=591590"}],"wp:term":[{"taxonomy":"product_brand","embeddable":true,"href":"https:\/\/shop.kustom.ch\/fr\/wp-json\/wp\/v2\/product_brand?post=591590"},{"taxonomy":"product_cat","embeddable":true,"href":"https:\/\/shop.kustom.ch\/fr\/wp-json\/wp\/v2\/product_cat?post=591590"},{"taxonomy":"product_tag","embeddable":true,"href":"https:\/\/shop.kustom.ch\/fr\/wp-json\/wp\/v2\/product_tag?post=591590"}],"curies":[{"name":"wp","href":"https:\/\/api.w.org\/{rel}","templated":true}]}}