{"id":591566,"date":"2025-03-04T23:23:35","date_gmt":"2025-03-04T22:23:35","guid":{"rendered":"https:\/\/shop.kustom.ch\/?post_type=product&#038;p=591566"},"modified":"2026-03-31T09:10:36","modified_gmt":"2026-03-31T08:10:36","slug":"damen-service-shorts-stretch","status":"publish","type":"product","link":"https:\/\/shop.kustom.ch\/fr\/produit\/damen-service-shorts-stretch\/","title":{"rendered":"Short de service pour femmes Stretch"},"content":{"rendered":"<p>Short en denim stretch con\u00e7u pour la silhouette f\u00e9minine avec des empi\u00e8cements en stretch 4 directions \u00e0 l'entrejambe, sur le devant et dans le dos. Taille \u00e9lastique. R\u00e9sistant aux \u00e9raflures.<\/p>\n<p>DETAILS : Boutons cach\u00e9s. Fermeture \u00e0 glissi\u00e8re en plastique \u00e0 l'entrejambe. Anneau en D \u00e0 la taille. FONCTIONNALIT\u00c9 : Ne se raye pas. Taille pour femme. CARACTERISTIQUES PRINCIPALES : Jardinier. Disponible pour hommes et femmes. TISSU : Disponible pour femmes et hommes. bleu. Sans rayures. Tissu stretch. POCHES : Poches sur les jambes avec soufflet, poche pour stylo et couteau. Rabat avec boutons magn\u00e9tiques cach\u00e9s. Poche pour t\u00e9l\u00e9phone portable \u00e0 l'int\u00e9rieur. Poches lat\u00e9rales. Poche m\u00e8tre \u00e0 l'int\u00e9rieur. INSTRUCTIONS DE LAVAGE : Ne pas blanchir.<\/p>\n<p>80% coton, 17% polyamide, 3% \u00e9lasthanne, denim enduit, CORDURA\u00ae Denim Stretch, 300 g\/m<\/p>","protected":false},"excerpt":{"rendered":"<p>F\u00fcr die weibliche Figur entworfene Shorts aus Stretch Denim mit Eins\u00e4tzen aus 4-Wege-Stretch im Schritt, an der Vorderseite und R\u00fcckseite. Elastische Taille. Kratzerresistent. DETAILS: Verdeckte Kn\u00f6pfe. Kunststoff-Reissverschluss im Schritt. D-Ring am Bund. FUNKTIONALIT\u00c4T: Kratzfrei. Damengr\u00f6sse. HAUPTEIGENSCHAFTEN: Gartenarbeiter. Erh\u00e4ltlich f\u00fcr Damen und Herren. STOFF: Erh\u00e4ltlich f\u00fcr Damen und Herren. blau. Kratzfrei. Stretch. TASCHEN: Beintaschen mit Balg, [&hellip;]<\/p>\n","protected":false},"featured_media":591629,"template":"","meta":[],"product_brand":[],"product_cat":[4198],"product_tag":[],"class_list":{"0":"post-591566","1":"product","2":"type-product","3":"status-publish","4":"has-post-thumbnail","6":"product_cat-shorts","7":"pa_brand-blaklaeder","8":"pa_brand-type-workwear","9":"pa_filter-color-blau","10":"pa_filter-color-schwarz","12":"first","13":"instock","14":"sale","15":"taxable","16":"shipping-taxable","17":"purchasable","18":"product-type-variable","19":"add-to-wishlist-before_image"},"exclude_global_add_ons":[],"addons":[],"acf":[],"_links":{"self":[{"href":"https:\/\/shop.kustom.ch\/fr\/wp-json\/wp\/v2\/product\/591566"}],"collection":[{"href":"https:\/\/shop.kustom.ch\/fr\/wp-json\/wp\/v2\/product"}],"about":[{"href":"https:\/\/shop.kustom.ch\/fr\/wp-json\/wp\/v2\/types\/product"}],"wp:featuredmedia":[{"embeddable":true,"href":"https:\/\/shop.kustom.ch\/fr\/wp-json\/wp\/v2\/media\/591629"}],"wp:attachment":[{"href":"https:\/\/shop.kustom.ch\/fr\/wp-json\/wp\/v2\/media?parent=591566"}],"wp:term":[{"taxonomy":"product_brand","embeddable":true,"href":"https:\/\/shop.kustom.ch\/fr\/wp-json\/wp\/v2\/product_brand?post=591566"},{"taxonomy":"product_cat","embeddable":true,"href":"https:\/\/shop.kustom.ch\/fr\/wp-json\/wp\/v2\/product_cat?post=591566"},{"taxonomy":"product_tag","embeddable":true,"href":"https:\/\/shop.kustom.ch\/fr\/wp-json\/wp\/v2\/product_tag?post=591566"}],"curies":[{"name":"wp","href":"https:\/\/api.w.org\/{rel}","templated":true}]}}