{"id":591548,"date":"2025-03-04T23:23:31","date_gmt":"2025-03-04T22:23:31","guid":{"rendered":"https:\/\/shop.kustom.ch\/?post_type=product&#038;p=591548"},"modified":"2026-03-31T09:10:23","modified_gmt":"2026-03-31T08:10:23","slug":"damen-maler-arbeitshose","status":"publish","type":"product","link":"https:\/\/shop.kustom.ch\/fr\/produit\/damen-maler-arbeitshose\/","title":{"rendered":"Pantalon de travail pour femme"},"content":{"rendered":"<p>Pantalon de travail pour peintre avec la fonctionnalit\u00e9 de rester confortable au travail. Le tissu en coton a d'excellentes propri\u00e9t\u00e9s absorbantes et emp\u00eache la peinture de p\u00e9n\u00e9trer sur la peau. Poches renforc\u00e9es pour genouill\u00e8res, poches arri\u00e8re et poches pour accessoires de peinture en CORDURA\u00ae.<\/p>\n<p>D\u00c9TAILS : Boucle marteau sur le c\u00f4t\u00e9. Boutons en m\u00e9tal. Fermeture \u00e9clair en plastique \u00e0 l'entrejambe. Passants, dont un avec anneau en D. FONCTIONNALIT\u00c9 : Taille femme. CARACTERISTIQUES PRINCIPALES : Ma\u00e7on \/ Carreleur. EN 14004. TISSU : Femmes. blanc. Sacs \u00e0 clous. Peintre en b\u00e2timent. POSSIBILIT\u00c9S : Poche sur la jambe avec soufflet, poche stylo et poche t\u00e9l\u00e9phone \u00e0 l'int\u00e9rieur en mesh. Poches arri\u00e8re avec soufflet. Poches ext\u00e9rieures pour genouill\u00e8res. Les poches \u00e0 clous peuvent \u00eatre ins\u00e9r\u00e9es dans les poches avant \u00e0 soufflet. Poches avant avec soufflet. INSTRUCTIONS DE LAVAGE : 70\u00b0 C. RENFORCEMENT : genoux, poches arri\u00e8re et poche \u00e0 spatules renforc\u00e9s en CORDURA\u00ae. CERTIFICATION : EN 14404:2004+A1:2010 avec genouill\u00e8res 4027 et 4057.<\/p>\n<p>100% Coton, serg\u00e9, 320 g\/m<\/p>","protected":false},"excerpt":{"rendered":"<p>Maler Arbeitshose mit der Funktionalit\u00e4t, bequem bei der Arbeit zu bleiben. Der Baumwollstoff hat exzellente absorbierende Eigenschaften und verhindert, dass Farbe auf die Haut gelangt. Verst\u00e4rkte Kniepolstertaschen, Ges\u00e4sstaschen und Malerzubeh\u00f6rtaschen aus CORDURA\u00ae. DETAILS: Hammerschlaufe an der Seite. Metallkn\u00f6pfe. Kunststoff-Reissverschluss im Schritt. Schlaufen, davon eine mit D-Ring. FUNKTIONALIT\u00c4T: Damengr\u00f6sse. HAUPTEIGENSCHAFTEN: Maurer \/ Fliesenleger. EN 14004. STOFF: [&hellip;]<\/p>\n","protected":false},"featured_media":591572,"template":"","meta":[],"product_brand":[],"product_cat":[4185],"product_tag":[],"class_list":{"0":"post-591548","1":"product","2":"type-product","3":"status-publish","4":"has-post-thumbnail","6":"product_cat-hosen","7":"pa_brand-blaklaeder","8":"pa_brand-type-workwear","9":"pa_filter-color-grau","10":"pa_filter-color-weiss","12":"first","13":"instock","14":"sale","15":"taxable","16":"shipping-taxable","17":"purchasable","18":"product-type-variable","19":"add-to-wishlist-before_image"},"exclude_global_add_ons":[],"addons":[],"acf":[],"_links":{"self":[{"href":"https:\/\/shop.kustom.ch\/fr\/wp-json\/wp\/v2\/product\/591548"}],"collection":[{"href":"https:\/\/shop.kustom.ch\/fr\/wp-json\/wp\/v2\/product"}],"about":[{"href":"https:\/\/shop.kustom.ch\/fr\/wp-json\/wp\/v2\/types\/product"}],"wp:featuredmedia":[{"embeddable":true,"href":"https:\/\/shop.kustom.ch\/fr\/wp-json\/wp\/v2\/media\/591572"}],"wp:attachment":[{"href":"https:\/\/shop.kustom.ch\/fr\/wp-json\/wp\/v2\/media?parent=591548"}],"wp:term":[{"taxonomy":"product_brand","embeddable":true,"href":"https:\/\/shop.kustom.ch\/fr\/wp-json\/wp\/v2\/product_brand?post=591548"},{"taxonomy":"product_cat","embeddable":true,"href":"https:\/\/shop.kustom.ch\/fr\/wp-json\/wp\/v2\/product_cat?post=591548"},{"taxonomy":"product_tag","embeddable":true,"href":"https:\/\/shop.kustom.ch\/fr\/wp-json\/wp\/v2\/product_tag?post=591548"}],"curies":[{"name":"wp","href":"https:\/\/api.w.org\/{rel}","templated":true}]}}