{"id":591506,"date":"2025-03-04T23:22:51","date_gmt":"2025-03-04T22:22:51","guid":{"rendered":"https:\/\/shop.kustom.ch\/?post_type=product&#038;p=591506"},"modified":"2026-03-31T09:10:21","modified_gmt":"2026-03-31T08:10:21","slug":"damen-handwerker-arbeitshose-mit-stretch-2","status":"publish","type":"product","link":"https:\/\/shop.kustom.ch\/fr\/produit\/damen-handwerker-arbeitshose-mit-stretch-2\/","title":{"rendered":"Pantalon de travail d'artisan pour femme avec stretch"},"content":{"rendered":"<p>Ce pantalon de travail artisanal de coupe f\u00e9minine est compos\u00e9 \u00e0 100% de coton. Il est robuste, confortable et plein de d\u00e9tails pratiques qui vous accompagneront tout au long de votre journ\u00e9e de travail. Malgr\u00e9 la robustesse du mat\u00e9riau, le pantalon est a\u00e9r\u00e9 et souple. Les empi\u00e8cements en stretch quadri-directionnel au dos, \u00e0 l'empi\u00e8cement, aux tibias et aux entr\u00e9es de poches procurent une sensation particuli\u00e8rement l\u00e9g\u00e8re et agr\u00e9able. En outre, il dispose de poches genouill\u00e8res en CORDURA\u00ae stretch qui assurent un confort imbattable. \u00c9galement disponible en mod\u00e8le homme 1590.<\/p>\n<p>FERMETURE : Bas de jambe avec renfort \u00e0 l'arri\u00e8re. D\u00c9TAILS : Poche amovible pour carte d'identit\u00e9. Boutons en m\u00e9tal. Porte-couteau avec bouton. Couture int\u00e9rieure de la jambe avec triple couture. Fermeture \u00e0 glissi\u00e8re en plastique \u00e0 l'entrejambe. Deux passants de ceinture sur les c\u00f4t\u00e9s avec un bouton pour un passant pour marteau, un passant de ceinture avec anneau en D \u00e0 l'avant. Large passant de ceinture \u00e0 l'arri\u00e8re. Anneau en D \u00e0 la taille. FONCTIONNALIT\u00c9 : Insert stretch \u00e0 l'entrejambe, aux genoux, aux hanches et au mollet. CARACT\u00c9RISTIQUES PRINCIPALES : Jardinier. EN 14004. REFLEX : D\u00e9tails r\u00e9fl\u00e9chissants sur la jambe. TISSU : Femmes. Noir. Poches \u00e0 clous. Artisanat. POCHES : Poche sur la jambe avec soufflet, poche pour stylo, poche flexible pour t\u00e9l\u00e9phone portable et deux grandes poches - une avec fermeture \u00e9clair et une poche amovible pour carte d'identit\u00e9. Poches arri\u00e8re \u00e0 soufflet. Poches rembourr\u00e9es pour les genoux. Poches \u00e0 clous - avec porte-outils et poches suppl\u00e9mentaires \u00e0 fermeture \u00e9clair. Poche ins\u00e9r\u00e9e avec insert stretch. Poche m\u00e8tre renforc\u00e9e avec porte-couteau et poche stylo. INSTRUCTIONS DE LAVAGE : 40\u00b0 C. RENFORCEMENT : poches \u00e0 clous renforc\u00e9es en CORDURA\u00ae1000, poches arri\u00e8re, poche m\u00e8tre et ourlet de la jambe. CERTIFICATION : EN 14404:2004+A1:2010 avec genouill\u00e8res 4027, 4057, 4058 et 4032.<\/p>\n<p>100% Coton, serg\u00e9, 370 g\/m<\/p>","protected":false},"excerpt":{"rendered":"<p>Diese Handwerker Arbeitshose im Damenschnitt besteht zu 100% aus Baumwolle. Sie ist robust, bequem und voller praktischer Details, die Sie durch Ihren Arbeitstag begleiten. Trotz des robusten Materials ist die Hose luftig und geschmeidig. F\u00fcr ein besonders leichtes und angenehmes Tragegef\u00fchl sorgen die 4-Wege-Stretch-Eins\u00e4tze am R\u00fccken, an der Passe, an den Schienbeinen und an den [&hellip;]<\/p>\n","protected":false},"featured_media":591532,"template":"","meta":[],"product_brand":[],"product_cat":[4185],"product_tag":[],"class_list":{"0":"post-591506","1":"product","2":"type-product","3":"status-publish","4":"has-post-thumbnail","6":"product_cat-hosen","7":"pa_brand-blaklaeder","8":"pa_brand-type-workwear","9":"pa_filter-color-schwarz","11":"first","12":"instock","13":"sale","14":"taxable","15":"shipping-taxable","16":"purchasable","17":"product-type-variable","18":"add-to-wishlist-before_image"},"exclude_global_add_ons":[],"addons":[],"acf":[],"_links":{"self":[{"href":"https:\/\/shop.kustom.ch\/fr\/wp-json\/wp\/v2\/product\/591506"}],"collection":[{"href":"https:\/\/shop.kustom.ch\/fr\/wp-json\/wp\/v2\/product"}],"about":[{"href":"https:\/\/shop.kustom.ch\/fr\/wp-json\/wp\/v2\/types\/product"}],"wp:featuredmedia":[{"embeddable":true,"href":"https:\/\/shop.kustom.ch\/fr\/wp-json\/wp\/v2\/media\/591532"}],"wp:attachment":[{"href":"https:\/\/shop.kustom.ch\/fr\/wp-json\/wp\/v2\/media?parent=591506"}],"wp:term":[{"taxonomy":"product_brand","embeddable":true,"href":"https:\/\/shop.kustom.ch\/fr\/wp-json\/wp\/v2\/product_brand?post=591506"},{"taxonomy":"product_cat","embeddable":true,"href":"https:\/\/shop.kustom.ch\/fr\/wp-json\/wp\/v2\/product_cat?post=591506"},{"taxonomy":"product_tag","embeddable":true,"href":"https:\/\/shop.kustom.ch\/fr\/wp-json\/wp\/v2\/product_tag?post=591506"}],"curies":[{"name":"wp","href":"https:\/\/api.w.org\/{rel}","templated":true}]}}