{"id":591468,"date":"2025-03-04T23:22:18","date_gmt":"2025-03-04T22:22:18","guid":{"rendered":"https:\/\/shop.kustom.ch\/?post_type=product&#038;p=591468"},"modified":"2026-03-31T09:10:15","modified_gmt":"2026-03-31T08:10:15","slug":"damen-service-piratenhose-mit-stretch","status":"publish","type":"product","link":"https:\/\/shop.kustom.ch\/fr\/produit\/damen-service-piratenhose-mit-stretch\/","title":{"rendered":"Pantalon pirate de service pour femme avec stretch"},"content":{"rendered":"<p>Un pantalon de pirate moderne avec une coupe f\u00e9minine, fabriqu\u00e9 dans un mat\u00e9riau l\u00e9ger mais r\u00e9sistant, avec un tissu qui s\u00e8che rapidement, ce qui le rend parfait pour le travail en int\u00e9rieur ou le temps \u00e0 l'ext\u00e9rieur. Le pantalon de pirate a une bonne coupe et, pour une libert\u00e9 de mouvement optimale, il est dot\u00e9 de stretch \u00e0 certains endroits. Il dispose d'une poche pour stylo et couteau adapt\u00e9e aux droitiers et aux gauchers et de poches sur les jambes avec des poches int\u00e9rieures en maille pour un t\u00e9l\u00e9phone portable.<\/p>\n<p>D\u00c9TAILS : fermeture \u00e0 glissi\u00e8re en plastique \u00e0 l'entrejambe. \u00c9lastique \u00e0 la taille. FONCTIONNALIT\u00c9 : Empi\u00e8cements stretch \u00e0 l'entrejambe, aux genoux et aux fesses. Taille femme. CARACTERISTIQUES PRINCIPALES : manutentionnaire. Femmes . TISSU : noir. L\u00e9ger. Industrie \/ Service. POCHES : poches sur les jambes avec soufflet, fermeture \u00e0 glissi\u00e8re, poche pour stylo et couteau. Poche pour t\u00e9l\u00e9phone portable \u00e0 l'int\u00e9rieur. Poches lat\u00e9rales. Poche m\u00e8tre \u00e0 l'int\u00e9rieur. INSTRUCTIONS DE LAVAGE : repassage - bas<\/p>\n<p>65% polyester, 35% coton, tissage fin , 166g\/m<\/p>","protected":false},"excerpt":{"rendered":"<p>Eine moderne Piratenhose mit Damenpassform aus leichtem, aber strapazierf\u00e4higen Material mit einem schnelltrocknenden Stoff, was sie perfekt f\u00fcr die Arbeit Innen oder das Wetter draussen macht. Die Piratenhose hat eine gute Passform und f\u00fcr optimale Bewegungsfreiheit ist sie an ausgew\u00e4hlten Stellen mit Stretch versehen. Sie verf\u00fcgt \u00fcber eine Stift- und Messertasche angepasst f\u00fcr Rechts- und [&hellip;]<\/p>\n","protected":false},"featured_media":591530,"template":"","meta":[],"product_brand":[],"product_cat":[4198],"product_tag":[],"class_list":{"0":"post-591468","1":"product","2":"type-product","3":"status-publish","4":"has-post-thumbnail","6":"product_cat-shorts","7":"pa_brand-blaklaeder","8":"pa_brand-type-workwear","9":"pa_filter-color-schwarz","11":"first","12":"instock","13":"sale","14":"taxable","15":"shipping-taxable","16":"purchasable","17":"product-type-variable","18":"add-to-wishlist-before_image"},"exclude_global_add_ons":[],"addons":[],"acf":[],"_links":{"self":[{"href":"https:\/\/shop.kustom.ch\/fr\/wp-json\/wp\/v2\/product\/591468"}],"collection":[{"href":"https:\/\/shop.kustom.ch\/fr\/wp-json\/wp\/v2\/product"}],"about":[{"href":"https:\/\/shop.kustom.ch\/fr\/wp-json\/wp\/v2\/types\/product"}],"wp:featuredmedia":[{"embeddable":true,"href":"https:\/\/shop.kustom.ch\/fr\/wp-json\/wp\/v2\/media\/591530"}],"wp:attachment":[{"href":"https:\/\/shop.kustom.ch\/fr\/wp-json\/wp\/v2\/media?parent=591468"}],"wp:term":[{"taxonomy":"product_brand","embeddable":true,"href":"https:\/\/shop.kustom.ch\/fr\/wp-json\/wp\/v2\/product_brand?post=591468"},{"taxonomy":"product_cat","embeddable":true,"href":"https:\/\/shop.kustom.ch\/fr\/wp-json\/wp\/v2\/product_cat?post=591468"},{"taxonomy":"product_tag","embeddable":true,"href":"https:\/\/shop.kustom.ch\/fr\/wp-json\/wp\/v2\/product_tag?post=591468"}],"curies":[{"name":"wp","href":"https:\/\/api.w.org\/{rel}","templated":true}]}}