{"id":591448,"date":"2025-03-04T23:22:14","date_gmt":"2025-03-04T22:22:14","guid":{"rendered":"https:\/\/shop.kustom.ch\/?post_type=product&#038;p=591448"},"modified":"2026-03-31T09:10:10","modified_gmt":"2026-03-31T08:10:10","slug":"damen-service-shorts-4-wege-stretch","status":"publish","type":"product","link":"https:\/\/shop.kustom.ch\/fr\/produit\/damen-service-shorts-4-wege-stretch\/","title":{"rendered":"Short de service femme 4-way stretch"},"content":{"rendered":"<p>Un short de service qui ne gratte pas, avec une coupe f\u00e9minine dans un stretch 4 directions fantastiquement confortable et souple, qui peut \u00eatre port\u00e9 aussi bien pour les loisirs que pour le travail. Le short a une coupe plus \u00e9troite et un \u00e9lastique \u00e0 la taille pour encore plus de confort.<\/p>\n<p>D\u00c9TAILS : Bonnes surfaces pour les finitions. Boutons cach\u00e9s. Fermeture \u00e0 glissi\u00e8re en plastique \u00e0 l'entrejambe. Anneau en D \u00e0 la taille. FONCTIONNALIT\u00c9 : Ne se raye pas. Coupe normale. CARACTERISTIQUES PRINCIPALES : Artisan. Femmes . TISSU : Femme. Noir. \u00c9lastique. Tissu stretch. POCHES : Poche sur la jambe gauche avec rabat et bouton magn\u00e9tique dissimul\u00e9 et poche int\u00e9rieure pour t\u00e9l\u00e9phone portable en mesh. Poche int\u00e9rieure avec poche zipp\u00e9e cach\u00e9e. Poche pour m\u00e8tre pliant avec poche pour couteau et stylo. INSTRUCTIONS DE LAVAGE : Ne pas nettoyer \u00e0 sec. RENFORCEMENT : poches renforc\u00e9es en CORDURA\u00ae.<\/p>\n<p>92% polyamide, 8% \u00e9lasthanne, double tissage, stretch quadri-directionnel, 230 g\/m<\/p>","protected":false},"excerpt":{"rendered":"<p>Eine kratzfreie Service-Shorts mit Damen-Passform in einem fantastisch komfortablen und nachgiebigen 4-Wege-Stretch, die sowohl in der Freizeit als auch bei der Arbeit getragen werden kann. Die Shorts hat eine engere Passform und einen Gummizug im Bund f\u00fcr noch besseren Komfort. DETAILS: Gute Oberfl\u00e4chen f\u00fcr Veredelung. Verdeckte Kn\u00f6pfe. Kunststoff-Reissverschluss im Schritt. D-Ring am Bund. FUNKTIONALIT\u00c4T: Kratzfrei. [&hellip;]<\/p>\n","protected":false},"featured_media":591476,"template":"","meta":[],"product_brand":[],"product_cat":[4198],"product_tag":[],"class_list":{"0":"post-591448","1":"product","2":"type-product","3":"status-publish","4":"has-post-thumbnail","6":"product_cat-shorts","7":"pa_brand-blaklaeder","8":"pa_brand-type-workwear","9":"pa_filter-color-blau","10":"pa_filter-color-grau","11":"pa_filter-color-schwarz","13":"first","14":"instock","15":"sale","16":"taxable","17":"shipping-taxable","18":"purchasable","19":"product-type-variable","20":"add-to-wishlist-before_image"},"exclude_global_add_ons":[],"addons":[],"acf":[],"_links":{"self":[{"href":"https:\/\/shop.kustom.ch\/fr\/wp-json\/wp\/v2\/product\/591448"}],"collection":[{"href":"https:\/\/shop.kustom.ch\/fr\/wp-json\/wp\/v2\/product"}],"about":[{"href":"https:\/\/shop.kustom.ch\/fr\/wp-json\/wp\/v2\/types\/product"}],"wp:featuredmedia":[{"embeddable":true,"href":"https:\/\/shop.kustom.ch\/fr\/wp-json\/wp\/v2\/media\/591476"}],"wp:attachment":[{"href":"https:\/\/shop.kustom.ch\/fr\/wp-json\/wp\/v2\/media?parent=591448"}],"wp:term":[{"taxonomy":"product_brand","embeddable":true,"href":"https:\/\/shop.kustom.ch\/fr\/wp-json\/wp\/v2\/product_brand?post=591448"},{"taxonomy":"product_cat","embeddable":true,"href":"https:\/\/shop.kustom.ch\/fr\/wp-json\/wp\/v2\/product_cat?post=591448"},{"taxonomy":"product_tag","embeddable":true,"href":"https:\/\/shop.kustom.ch\/fr\/wp-json\/wp\/v2\/product_tag?post=591448"}],"curies":[{"name":"wp","href":"https:\/\/api.w.org\/{rel}","templated":true}]}}