{"id":591384,"date":"2025-03-04T23:21:34","date_gmt":"2025-03-04T22:21:34","guid":{"rendered":"https:\/\/shop.kustom.ch\/?post_type=product&#038;p=591384"},"modified":"2026-03-31T09:10:03","modified_gmt":"2026-03-31T08:10:03","slug":"damen-service-arbeitshose-4-wege-stretch","status":"publish","type":"product","link":"https:\/\/shop.kustom.ch\/fr\/produit\/damen-service-arbeitshose-4-wege-stretch\/","title":{"rendered":"Pantalon de travail de service pour femme 4-way stretch"},"content":{"rendered":"<p>Pantalon de travail de service r\u00e9sistant aux \u00e9raflures, sp\u00e9cialement con\u00e7u pour la silhouette f\u00e9minine. Fabriqu\u00e9 en fibres stretch 4 directions confortables, il peut \u00eatre port\u00e9 au travail ou pour les loisirs en plein air. Le pantalon a une coupe plus fine et semble plus \u00e9troit, ce qui est aujourd'hui appr\u00e9ci\u00e9 par de nombreux porteurs. La taille \u00e9lastique assure un confort suppl\u00e9mentaire. L'ourlet est r\u00e9glable et l'empi\u00e8cement en filet \u00e0 l'arri\u00e8re des genoux assure une ventilation accrue. Les journ\u00e9es de travail d\u00e9sagr\u00e9ables ne sont plus qu'un lointain souvenir.<\/p>\n<p>FERMETURE : Bas de jambes r\u00e9glables avec boutons. D\u00c9TAILS : Bonnes surfaces pour les finitions. Bouton en m\u00e9tal. Fermeture \u00e0 glissi\u00e8re en plastique \u00e0 l'entrejambe. Anneau en D \u00e0 la taille. FONCTIONNALIT\u00c9 : Stretch 4 directions. Jambes de pantalon particuli\u00e8rement ergonomiques. CARACT\u00c9RISTIQUES PRINCIPALES : Artisan. REFLEX : D\u00e9tails r\u00e9fl\u00e9chissants noirs. TISSU : Disponible pour hommes et femmes. noir. Ne se raye pas. Industrie \/ Service. POCHES : Poche sur la cuisse avec fermeture \u00e0 glissi\u00e8re. Poche int\u00e9rieure avec poche zipp\u00e9e cach\u00e9e. Poche pour m\u00e8tre pliant avec poche pour couteau et stylo. INSTRUCTIONS DE LAVAGE : Ne pas nettoyer \u00e0 sec. RENFORCEMENT : extr\u00e9mit\u00e9s des jambes renforc\u00e9es en CORDURA\u00ae.<\/p>\n<p>92% polyamide, 8% \u00e9lasthanne, double tissage, stretch quadri-directionnel, 230 g\/m<\/p>","protected":false},"excerpt":{"rendered":"<p>Kratzerresistente Service Arbeitshose speziell f\u00fcr die weibliche Figur entworfen. Hergestellt aus komfortablen 4-Wege-Stretch Fasern, die sowohl bei der Arbeit als auch f\u00fcr den Freizeiteinsatz im Freien getragen werden kann. Die Hose hat eine schlankere Passform und sieht enger aus, was heute bei vielen Tr\u00e4gern beliebt ist. Der elastische Bund sorgt f\u00fcr zus\u00e4tzlichen Komfort. Der Saum [&hellip;]<\/p>\n","protected":false},"featured_media":591412,"template":"","meta":[],"product_brand":[],"product_cat":[4185],"product_tag":[],"class_list":{"0":"post-591384","1":"product","2":"type-product","3":"status-publish","4":"has-post-thumbnail","6":"product_cat-hosen","7":"pa_brand-blaklaeder","8":"pa_brand-type-workwear","9":"pa_filter-color-blau","10":"pa_filter-color-gelb","11":"pa_filter-color-grau","12":"pa_filter-color-rot","13":"pa_filter-color-schwarz","15":"first","16":"instock","17":"sale","18":"taxable","19":"shipping-taxable","20":"purchasable","21":"product-type-variable","22":"add-to-wishlist-before_image"},"exclude_global_add_ons":[],"addons":[],"acf":[],"_links":{"self":[{"href":"https:\/\/shop.kustom.ch\/fr\/wp-json\/wp\/v2\/product\/591384"}],"collection":[{"href":"https:\/\/shop.kustom.ch\/fr\/wp-json\/wp\/v2\/product"}],"about":[{"href":"https:\/\/shop.kustom.ch\/fr\/wp-json\/wp\/v2\/types\/product"}],"wp:featuredmedia":[{"embeddable":true,"href":"https:\/\/shop.kustom.ch\/fr\/wp-json\/wp\/v2\/media\/591412"}],"wp:attachment":[{"href":"https:\/\/shop.kustom.ch\/fr\/wp-json\/wp\/v2\/media?parent=591384"}],"wp:term":[{"taxonomy":"product_brand","embeddable":true,"href":"https:\/\/shop.kustom.ch\/fr\/wp-json\/wp\/v2\/product_brand?post=591384"},{"taxonomy":"product_cat","embeddable":true,"href":"https:\/\/shop.kustom.ch\/fr\/wp-json\/wp\/v2\/product_cat?post=591384"},{"taxonomy":"product_tag","embeddable":true,"href":"https:\/\/shop.kustom.ch\/fr\/wp-json\/wp\/v2\/product_tag?post=591384"}],"curies":[{"name":"wp","href":"https:\/\/api.w.org\/{rel}","templated":true}]}}