{"id":591283,"date":"2025-03-04T23:20:17","date_gmt":"2025-03-04T22:20:17","guid":{"rendered":"https:\/\/shop.kustom.ch\/?post_type=product&#038;p=591283"},"modified":"2026-03-31T09:09:48","modified_gmt":"2026-03-31T08:09:48","slug":"damen-handwerker-arbeitshose-mit-stretch","status":"publish","type":"product","link":"https:\/\/shop.kustom.ch\/fr\/produit\/damen-handwerker-arbeitshose-mit-stretch\/","title":{"rendered":"Pantalon de travail d'artisan pour femme avec stretch"},"content":{"rendered":"<p>Un pantalon de travail artisanal incroyablement confortable et souple, qui ne laisse rien au hasard en mati\u00e8re de durabilit\u00e9, de confort et de d\u00e9tails pratiques. Il est dot\u00e9 d'une taille \u00e9lastique pour plus de confort et d'une possibilit\u00e9 d'extension sur la jambe. Le pantalon est dot\u00e9 d'inserts stretch dans un fantastique stretch quadri-directionnel \u00e0 l'avant, au mollet et \u00e0 l'empi\u00e8cement, et d'un stretch bi-directionnel \u00e0 l'entrejambe. Si vous souhaitez travailler de mani\u00e8re d\u00e9contract\u00e9e tout en restant concentr\u00e9, ce pantalon de travail artisanal est fait pour vous. \u00c9galement disponible en mod\u00e8le homme 1599.<\/p>\n<p>FERMETURE : Possibilit\u00e9 de rallonger l'ourlet de la jambe. Bas de jambe avec renfort \u00e0 l'arri\u00e8re. D\u00c9TAILS : Poche amovible pour carte d'identit\u00e9. Boutons en m\u00e9tal. Porte-couteau avec bouton. Couture int\u00e9rieure de la jambe avec triple couture. Fermeture \u00e0 glissi\u00e8re en plastique \u00e0 l'entrejambe. Deux passants de ceinture sur les c\u00f4t\u00e9s avec un bouton pour un passant pour marteau, un passant de ceinture avec anneau en D \u00e0 l'avant. Large passant de ceinture \u00e0 l'arri\u00e8re. Anneau en D \u00e0 la taille. FONCTIONNALIT\u00c9 : Empi\u00e8cements stretch \u00e0 l'avant, aux genoux, au-dessus des fesses, sur les poches avant, aux mollets et \u00e0 l'entrejambe. Jambes de pantalon particuli\u00e8rement ergonomiques. CARACT\u00c9RISTIQUES PRINCIPALES : \u00c9lectricien. EN 14004. REFLEX : D\u00e9tails r\u00e9fl\u00e9chissants sur la jambe. TISSU : Disponible pour hommes et femmes. bleu. Poches pour genouill\u00e8res. Artisanat. POCHES : Poche sur la jambe avec soufflet, poche pour stylo, poche flexible pour t\u00e9l\u00e9phone portable et deux grandes poches - une avec fermeture \u00e9clair et une poche amovible pour carte d'identit\u00e9. Poches arri\u00e8re \u00e0 soufflet. Poches rembourr\u00e9es pour les genoux. Poches \u00e0 clous - avec porte-outils et poches suppl\u00e9mentaires \u00e0 fermeture \u00e9clair. Poche ins\u00e9r\u00e9e avec insert stretch. Poche m\u00e8tre renforc\u00e9e avec porte couteau et poche stylo. INSTRUCTIONS DE LAVAGE : Ne pas essorer. RENFORCEMENT : Poches \u00e0 clous renforc\u00e9es, poche \u00e0 spatules, poches arri\u00e8re et bas de jambe \u00e0 l'arri\u00e8re. CERTIFICATION : EN 14404:2004+A1:2010 avec genouill\u00e8res 4027, 4057, 4058 et 4032.<\/p>\n<p>60% coton, 40% polyester, toile, 340 g\/m<\/p>","protected":false},"excerpt":{"rendered":"<p>Eine unglaublich bequeme und nachgiebige Handwerker Arbeitshose, die nichts dem Zufall \u00fcberl\u00e4sst, wenn es um Haltbarkeit, Komfort und praktische Details geht. Sie verf\u00fcgt \u00fcber eine elastische Taille f\u00fcr erh\u00f6hten Komfort und einer Verl\u00e4ngerungsm\u00f6glichkeit am Bein. Die Hose hat Stretch-Eins\u00e4tze in fantastischem 4-Wege-Stretch vorne, an der Wade und in der Passe und gleichzeitig 2-Wege-Stretch im Schritt. [&hellip;]<\/p>\n","protected":false},"featured_media":591311,"template":"","meta":[],"product_brand":[],"product_cat":[4185],"product_tag":[],"class_list":{"0":"post-591283","1":"product","2":"type-product","3":"status-publish","4":"has-post-thumbnail","6":"product_cat-hosen","7":"pa_brand-blaklaeder","8":"pa_brand-type-workwear","9":"pa_filter-color-blau","10":"pa_filter-color-schwarz","12":"first","13":"instock","14":"sale","15":"taxable","16":"shipping-taxable","17":"purchasable","18":"product-type-variable","19":"add-to-wishlist-before_image"},"exclude_global_add_ons":[],"addons":[],"acf":[],"_links":{"self":[{"href":"https:\/\/shop.kustom.ch\/fr\/wp-json\/wp\/v2\/product\/591283"}],"collection":[{"href":"https:\/\/shop.kustom.ch\/fr\/wp-json\/wp\/v2\/product"}],"about":[{"href":"https:\/\/shop.kustom.ch\/fr\/wp-json\/wp\/v2\/types\/product"}],"wp:featuredmedia":[{"embeddable":true,"href":"https:\/\/shop.kustom.ch\/fr\/wp-json\/wp\/v2\/media\/591311"}],"wp:attachment":[{"href":"https:\/\/shop.kustom.ch\/fr\/wp-json\/wp\/v2\/media?parent=591283"}],"wp:term":[{"taxonomy":"product_brand","embeddable":true,"href":"https:\/\/shop.kustom.ch\/fr\/wp-json\/wp\/v2\/product_brand?post=591283"},{"taxonomy":"product_cat","embeddable":true,"href":"https:\/\/shop.kustom.ch\/fr\/wp-json\/wp\/v2\/product_cat?post=591283"},{"taxonomy":"product_tag","embeddable":true,"href":"https:\/\/shop.kustom.ch\/fr\/wp-json\/wp\/v2\/product_tag?post=591283"}],"curies":[{"name":"wp","href":"https:\/\/api.w.org\/{rel}","templated":true}]}}