{"id":591253,"date":"2025-03-04T23:19:39","date_gmt":"2025-03-04T22:19:39","guid":{"rendered":"https:\/\/shop.kustom.ch\/?post_type=product&#038;p=591253"},"modified":"2026-03-31T09:09:29","modified_gmt":"2026-03-31T08:09:29","slug":"damen-industrie-arbeitshose-stretch","status":"publish","type":"product","link":"https:\/\/shop.kustom.ch\/fr\/produit\/damen-industrie-arbeitshose-stretch\/","title":{"rendered":"Pantalon de travail industriel stretch pour femmes"},"content":{"rendered":"<p>Un pantalon industriel de coupe f\u00e9minine. Ce pantalon industriel lavable, qui ne gratte pas, avec des poches pour les genoux, est fabriqu\u00e9 dans une toile de coton confortable avec un stretch bidirectionnel et est \u00e9lastique \u00e0 la taille pour plus de confort. Le pantalon est dot\u00e9 de d\u00e9tails r\u00e9fl\u00e9chissants pour \u00eatre vu en cas de besoin. \u00c9galement disponible en mod\u00e8le homme 1466.<\/p>\n<p>D\u00c9TAILS : Anneau en D. Boutons dissimul\u00e9s. Couture de la jambe int\u00e9rieure avec triple couture. Fermeture \u00e9clair m\u00e9tallique \u00e0 l'entrejambe. \u00c9lastique \u00e0 la taille. FONCTIONNALIT\u00c9 : Sans rayures. Jambes de pantalon de forme particuli\u00e8rement ergonomique. PRINCIPALES CARACT\u00c9RISTIQUES : Travailleurs en entrep\u00f4t. EN 14004. REFLEX : D\u00e9tails r\u00e9fl\u00e9chissants sur la jambe. TISSU : Femmes. Bleu. Stretch. Tissu stretch. POCHES : Poches sur la jambe avec soufflet et rabat, boutons m\u00e9talliques cach\u00e9s. Poche arri\u00e8re, une avec rabat. Poche pour t\u00e9l\u00e9phone portable \u00e0 l'int\u00e9rieur. Poches ext\u00e9rieures pour genouill\u00e8res. Poche int\u00e9rieure avec poche zipp\u00e9e cach\u00e9e. Poche m\u00e8tre \u00e0 l'int\u00e9rieur. INSTRUCTIONS DE LAVAGE : Ne pas nettoyer \u00e0 sec. LAVAGE : Lavage industriel EN ISO 15797. CERTIFICATION : EN 14404:2004+A1:2010 avec genouill\u00e8re 4057<\/p>\n<p>98% coton, 2% \u00e9lastol\u00e9fine, toile, 285 g\/m<\/p>","protected":false},"excerpt":{"rendered":"<p>Eine Industriehose mit Damenschnitt. Diese industriell waschbare, kratzfreie Hose mit Kniepolstertaschen besteht aus einem gem\u00fctlichen Baumwoll-Canvas mit Zwei-Wege-Stretch und ist in der Taille elastisch, um den Komfort zu erh\u00f6hen. Die Hose hat reflektierende Details, damit Sie bei Bedarf gesehen werden. Auch als Herrenmodell 1466 erh\u00e4ltlich. DETAILS: D-Ring. Verdeckte Kn\u00f6pfe. Innenbeinnaht mit 3-fach-Naht. Metall-Reissverschluss im Schritt. [&hellip;]<\/p>\n","protected":false},"featured_media":591309,"template":"","meta":[],"product_brand":[],"product_cat":[4185],"product_tag":[],"class_list":{"0":"post-591253","1":"product","2":"type-product","3":"status-publish","4":"has-post-thumbnail","6":"product_cat-hosen","7":"pa_brand-blaklaeder","8":"pa_brand-type-workwear","9":"pa_filter-color-blau","10":"pa_filter-color-grau","11":"pa_filter-color-schwarz","13":"first","14":"instock","15":"sale","16":"taxable","17":"shipping-taxable","18":"purchasable","19":"product-type-variable","20":"add-to-wishlist-before_image"},"exclude_global_add_ons":[],"addons":[],"acf":[],"_links":{"self":[{"href":"https:\/\/shop.kustom.ch\/fr\/wp-json\/wp\/v2\/product\/591253"}],"collection":[{"href":"https:\/\/shop.kustom.ch\/fr\/wp-json\/wp\/v2\/product"}],"about":[{"href":"https:\/\/shop.kustom.ch\/fr\/wp-json\/wp\/v2\/types\/product"}],"wp:featuredmedia":[{"embeddable":true,"href":"https:\/\/shop.kustom.ch\/fr\/wp-json\/wp\/v2\/media\/591309"}],"wp:attachment":[{"href":"https:\/\/shop.kustom.ch\/fr\/wp-json\/wp\/v2\/media?parent=591253"}],"wp:term":[{"taxonomy":"product_brand","embeddable":true,"href":"https:\/\/shop.kustom.ch\/fr\/wp-json\/wp\/v2\/product_brand?post=591253"},{"taxonomy":"product_cat","embeddable":true,"href":"https:\/\/shop.kustom.ch\/fr\/wp-json\/wp\/v2\/product_cat?post=591253"},{"taxonomy":"product_tag","embeddable":true,"href":"https:\/\/shop.kustom.ch\/fr\/wp-json\/wp\/v2\/product_tag?post=591253"}],"curies":[{"name":"wp","href":"https:\/\/api.w.org\/{rel}","templated":true}]}}