{"id":591246,"date":"2025-03-04T23:19:38","date_gmt":"2025-03-04T22:19:38","guid":{"rendered":"https:\/\/shop.kustom.ch\/?post_type=product&#038;p=591246"},"modified":"2026-03-31T09:09:25","modified_gmt":"2026-03-31T08:09:25","slug":"damen-industrie-arbeitshose","status":"publish","type":"product","link":"https:\/\/shop.kustom.ch\/fr\/produit\/damen-industrie-arbeitshose\/","title":{"rendered":"Pantalon de travail industriel pour femmes"},"content":{"rendered":"<p>Pantalon de travail pour l'industrie\/les services avec une coupe propre aux femmes. Ce pantalon a une taille \u00e9lastique, des jambes resserr\u00e9es et diff\u00e9rentes poches judicieusement plac\u00e9es, comme par exemple les poches arri\u00e8res \u00e0 rabat, les poches sur les jambes avec poche pour t\u00e9l\u00e9phone portable, la poche m\u00e8tre, la poche pour carte d'identit\u00e9 et le compartiment pour stylo. L\u00e9ger comme une plume et tr\u00e8s confortable, ce pantalon est id\u00e9al pour un large domaine d'utilisation.<\/p>\n<p>FERMETURE : Possibilit\u00e9 de rallonger l'ourlet de la jambe. D\u00c9TAILS : Poche amovible pour carte d'identit\u00e9. Boutons-pression en m\u00e9tal. Fermeture \u00e0 glissi\u00e8re en plastique \u00e0 l'entrejambe. \u00c9lastique \u00e0 la taille. FONCTIONNALIT\u00c9 : Taille pour femmes. CARACT\u00c9RISTIQUES PRINCIPALES : Artisan. TISSU : Femme. Bleu. Industrie \/ Service. POSSIBILIT\u00c9S : Poche sur la jambe avec poche pour t\u00e9l\u00e9phone portable, poche pour carte d'identit\u00e9 et poches pour stylos. Poche arri\u00e8re avec rabat. Poches lat\u00e9rales. Poche pour m\u00e8tre pliant. INSTRUCTIONS DE LAVAGE : repassage - moyen. LAVAGE : lavage industriel EN ISO 15797<\/p>\n<p>65% polyester, 35% coton, serg\u00e9, 240 g\/m<\/p>","protected":false},"excerpt":{"rendered":"<p>Industrie\/Service Arbeitshose mit eigenem Damenschnitt. Diese Bundhose hat einen elastischen Bund, enger geschnittene Beine und verschiedene, geschickt platzierte Taschen, wie zum Beispiel Ges\u00e4sstaschen mit Patte, Beintaschen mit Handytasche, Zollstocktasche, ID-Tasche und Stiftfach. Federleicht und sehr komfortabel &#8211; das macht diese Bundhose ideal f\u00fcr ein breites Einsatzgebiet. ABSCHLUSS: Verl\u00e4ngerungsm\u00f6glichkeit am Beinsaum. DETAILS: Abnehmbare Ausweistasche. Metall-Druckkn\u00f6pfe. Kunststoff-Reissverschluss [&hellip;]<\/p>\n","protected":false},"featured_media":530736,"template":"","meta":[],"product_brand":[],"product_cat":[4185],"product_tag":[],"class_list":{"0":"post-591246","1":"product","2":"type-product","3":"status-publish","4":"has-post-thumbnail","6":"product_cat-hosen","7":"pa_brand-blaklaeder","8":"pa_brand-type-workwear","9":"pa_filter-color-blau","10":"pa_filter-color-grau","11":"pa_filter-color-rot","12":"pa_filter-color-schwarz","14":"first","15":"instock","16":"sale","17":"taxable","18":"shipping-taxable","19":"purchasable","20":"product-type-variable","21":"add-to-wishlist-before_image"},"exclude_global_add_ons":[],"addons":[],"acf":[],"_links":{"self":[{"href":"https:\/\/shop.kustom.ch\/fr\/wp-json\/wp\/v2\/product\/591246"}],"collection":[{"href":"https:\/\/shop.kustom.ch\/fr\/wp-json\/wp\/v2\/product"}],"about":[{"href":"https:\/\/shop.kustom.ch\/fr\/wp-json\/wp\/v2\/types\/product"}],"wp:featuredmedia":[{"embeddable":true,"href":"https:\/\/shop.kustom.ch\/fr\/wp-json\/wp\/v2\/media\/530736"}],"wp:attachment":[{"href":"https:\/\/shop.kustom.ch\/fr\/wp-json\/wp\/v2\/media?parent=591246"}],"wp:term":[{"taxonomy":"product_brand","embeddable":true,"href":"https:\/\/shop.kustom.ch\/fr\/wp-json\/wp\/v2\/product_brand?post=591246"},{"taxonomy":"product_cat","embeddable":true,"href":"https:\/\/shop.kustom.ch\/fr\/wp-json\/wp\/v2\/product_cat?post=591246"},{"taxonomy":"product_tag","embeddable":true,"href":"https:\/\/shop.kustom.ch\/fr\/wp-json\/wp\/v2\/product_tag?post=591246"}],"curies":[{"name":"wp","href":"https:\/\/api.w.org\/{rel}","templated":true}]}}