{"id":591245,"date":"2025-03-04T23:19:38","date_gmt":"2025-03-04T22:19:38","guid":{"rendered":"https:\/\/shop.kustom.ch\/?post_type=product&#038;p=591245"},"modified":"2026-03-31T09:09:19","modified_gmt":"2026-03-31T08:09:19","slug":"service-umstandshose-mit-stretch","status":"publish","type":"product","link":"https:\/\/shop.kustom.ch\/fr\/produit\/service-umstandshose-mit-stretch\/","title":{"rendered":"Service Pantalon de maternit\u00e9 avec stretch"},"content":{"rendered":"<p>Pantalon de service r\u00e9sistant aux \u00e9raflures de la collection r\u00e9volutionnaire de v\u00eatements de maternit\u00e9 de Bl\u00e5kl\u00e4der. Le pantalon est fabriqu\u00e9 dans un mat\u00e9riau stretch \u00e0 deux sens et poss\u00e8de des inserts stretch \u00e0 quatre sens au dos, \u00e0 l'entrejambe et aux genoux. Les boutons magn\u00e9tiques et les caract\u00e9ristiques cach\u00e9es rendent ce pantalon tr\u00e8s fiable parfait pour \u00eatre port\u00e9 dans des environnements avec des surfaces sensibles. Il y a des boucles \u00e0 la taille pour une ceinture, de sorte qu'une poche \u00e0 clous peut \u00eatre ajout\u00e9e en option.<\/p>\n<p>FERMETURE : Possibilit\u00e9 de rallonger l'ourlet de la jambe. D\u00c9TAILS : Anneau en D. Passants . Taille haute \u00e0 l'arri\u00e8re. FONCTIONNALIT\u00c9 : Sans rayures. Jambes de pantalon particuli\u00e8rement ergonomiques. CARACTERISTIQUES PRINCIPALES : Conducteur. EN 14004. TISSU : Femmes. noir. Stretch. Industrie \/ Service. POSITIONS : Poches sur les jambes avec soufflet, poche pour stylo et couteau. Rabat avec boutons magn\u00e9tiques cach\u00e9s. Poche pour t\u00e9l\u00e9phone portable \u00e0 l'int\u00e9rieur. Poches rembourr\u00e9es aux genoux \u00e0 l'int\u00e9rieur. Poche m\u00e8tre \u00e0 l'int\u00e9rieur. INSTRUCTIONS DE LAVAGE : Ne pas essorer. CERTIFICATION : EN 14404:2004+A1:2010 avec genouill\u00e8re 4057<\/p>\n<p>63% polyester, 33% coton, 4% \u00e9lastofin, serg\u00e9, stretch, 245 g\/m<\/p>","protected":false},"excerpt":{"rendered":"<p>Kratzerresistente Service Hose aus Bl\u00e5kl\u00e4ders revolution\u00e4rer Umstandsmoden-Kollektion. Die Hose besteht aus 2-Wege-Stretch Material und hat 4-Wege-Stretch Eins\u00e4tze an R\u00fccken, im Schritt und den Knien. Magnetkn\u00f6pfe und verdeckte Eigenschaften machen diese sehr zuverl\u00e4ssige Hose perfekt zum tragen in Umgebungen mit empfindlichen Oberfl\u00e4chen. Es gib Schlaufen an der Taille f\u00fcr einen G\u00fcrtel, so dass optional eine Nageltasche [&hellip;]<\/p>\n","protected":false},"featured_media":591271,"template":"","meta":[],"product_brand":[],"product_cat":[4185],"product_tag":[],"class_list":{"0":"post-591245","1":"product","2":"type-product","3":"status-publish","4":"has-post-thumbnail","6":"product_cat-hosen","7":"pa_brand-blaklaeder","8":"pa_brand-type-workwear","9":"pa_filter-color-schwarz","11":"first","12":"instock","13":"sale","14":"taxable","15":"shipping-taxable","16":"purchasable","17":"product-type-variable","18":"add-to-wishlist-before_image"},"exclude_global_add_ons":[],"addons":[],"acf":[],"_links":{"self":[{"href":"https:\/\/shop.kustom.ch\/fr\/wp-json\/wp\/v2\/product\/591245"}],"collection":[{"href":"https:\/\/shop.kustom.ch\/fr\/wp-json\/wp\/v2\/product"}],"about":[{"href":"https:\/\/shop.kustom.ch\/fr\/wp-json\/wp\/v2\/types\/product"}],"wp:featuredmedia":[{"embeddable":true,"href":"https:\/\/shop.kustom.ch\/fr\/wp-json\/wp\/v2\/media\/591271"}],"wp:attachment":[{"href":"https:\/\/shop.kustom.ch\/fr\/wp-json\/wp\/v2\/media?parent=591245"}],"wp:term":[{"taxonomy":"product_brand","embeddable":true,"href":"https:\/\/shop.kustom.ch\/fr\/wp-json\/wp\/v2\/product_brand?post=591245"},{"taxonomy":"product_cat","embeddable":true,"href":"https:\/\/shop.kustom.ch\/fr\/wp-json\/wp\/v2\/product_cat?post=591245"},{"taxonomy":"product_tag","embeddable":true,"href":"https:\/\/shop.kustom.ch\/fr\/wp-json\/wp\/v2\/product_tag?post=591245"}],"curies":[{"name":"wp","href":"https:\/\/api.w.org\/{rel}","templated":true}]}}