{"id":591216,"date":"2025-03-04T23:19:02","date_gmt":"2025-03-04T22:19:02","guid":{"rendered":"https:\/\/shop.kustom.ch\/?post_type=product&#038;p=591216"},"modified":"2026-03-31T09:09:18","modified_gmt":"2026-03-31T08:09:18","slug":"high-vis-umstandshose-4-wege-stretch","status":"publish","type":"product","link":"https:\/\/shop.kustom.ch\/fr\/produit\/high-vis-umstandshose-4-wege-stretch\/","title":{"rendered":"Pantalon de grossesse haute visibilit\u00e9 4-way stretch"},"content":{"rendered":"<p>Le pantalon de maternit\u00e9 r\u00e9volutionnaire de Bl\u00e5kl\u00e4der est enfin arriv\u00e9. Un pantalon de travail doux, confortable et r\u00e9sistant, con\u00e7u pour faciliter le travail physique pendant la grossesse aussi longtemps que possible. Les v\u00eatements ou la grossesse ne devraient pas \u00eatre un obstacle au travail. Et c'est l\u00e0 que le 7100 entre en jeu. Ce pantalon haute visibilit\u00e9 est con\u00e7u dans un mat\u00e9riau confortable en stretch 4 directions et r\u00e9sistant aux \u00e9raflures avec une fermeture magn\u00e9tique au lieu d'une fermeture \u00e9clair sur les poches. Boucles \u00e0 la taille pour une ceinture, ce qui permet d'ajouter une poche \u00e0 clous en option. Certifi\u00e9 selon la norme EN ISO 20471, classe 2, v\u00eatements de protection haute visibilit\u00e9.<\/p>\n<p>FERMETURE : Possibilit\u00e9 de rallonger l'ourlet de la jambe. D\u00c9TAILS : Anneau en D. Passants . Taille haute \u00e0 l'arri\u00e8re. FONCTIONNALIT\u00c9 : Sans rayures. Jambes de pantalon particuli\u00e8rement ergonomiques. CARACTERISTIQUES PRINCIPALES : Conducteur. EN 14004. REFLEX : bandes r\u00e9fl\u00e9chissantes de transfert de 50 mm de large. TISSU : Femmes. Noir. Tissu stretch. Protection haute visibilit\u00e9. POCHES : Poches sur les jambes avec soufflet, poche pour stylo et couteau. Rabat avec boutons magn\u00e9tiques cach\u00e9s. Poche pour t\u00e9l\u00e9phone portable \u00e0 l'int\u00e9rieur. Poches rembourr\u00e9es aux genoux \u00e0 l'int\u00e9rieur. Poche m\u00e8tre \u00e0 l'int\u00e9rieur. INSTRUCTIONS DE LAVAGE : Nombre de lavages : 20. Ne pas essorer. CERTIFICATION : EN 14404:2004+A1:2010 avec genouill\u00e8re 4057. EN ISO 20471, classe 2.<\/p>\n<p>94% polyester, 6% \u00e9lasthanne, stretch 4 directions, 320 g\/m<\/p>","protected":false},"excerpt":{"rendered":"<p>Die revolution\u00e4re Umstandshose von Bl\u00e5kl\u00e4der ist endlich da. Weiche, bequeme und strapazierf\u00e4hige Arbeitshose, die die k\u00f6rperliche Arbeit in der Schwangerschaft so lange wie m\u00f6glich erleichtern soll. Kleidung oder Schwangerschaft sollten kein Hindernis f\u00fcr das Arbeiten sein. Und da kommt die 7100 ins Spiel. Diese High Vis Hose ist aus bequemem 4-Wege-Stretch Material entwickelt und kratzerresistent [&hellip;]<\/p>\n","protected":false},"featured_media":591269,"template":"","meta":[],"product_brand":[],"product_cat":[4185],"product_tag":[],"class_list":{"0":"post-591216","1":"product","2":"type-product","3":"status-publish","4":"has-post-thumbnail","6":"product_cat-hosen","7":"pa_brand-blaklaeder","8":"pa_brand-type-workwear","9":"pa_filter-color-gelb","10":"pa_filter-color-orange","11":"pa_filter-color-schwarz","13":"first","14":"instock","15":"sale","16":"taxable","17":"shipping-taxable","18":"purchasable","19":"product-type-variable","20":"add-to-wishlist-before_image"},"exclude_global_add_ons":[],"addons":[],"acf":[],"_links":{"self":[{"href":"https:\/\/shop.kustom.ch\/fr\/wp-json\/wp\/v2\/product\/591216"}],"collection":[{"href":"https:\/\/shop.kustom.ch\/fr\/wp-json\/wp\/v2\/product"}],"about":[{"href":"https:\/\/shop.kustom.ch\/fr\/wp-json\/wp\/v2\/types\/product"}],"wp:featuredmedia":[{"embeddable":true,"href":"https:\/\/shop.kustom.ch\/fr\/wp-json\/wp\/v2\/media\/591269"}],"wp:attachment":[{"href":"https:\/\/shop.kustom.ch\/fr\/wp-json\/wp\/v2\/media?parent=591216"}],"wp:term":[{"taxonomy":"product_brand","embeddable":true,"href":"https:\/\/shop.kustom.ch\/fr\/wp-json\/wp\/v2\/product_brand?post=591216"},{"taxonomy":"product_cat","embeddable":true,"href":"https:\/\/shop.kustom.ch\/fr\/wp-json\/wp\/v2\/product_cat?post=591216"},{"taxonomy":"product_tag","embeddable":true,"href":"https:\/\/shop.kustom.ch\/fr\/wp-json\/wp\/v2\/product_tag?post=591216"}],"curies":[{"name":"wp","href":"https:\/\/api.w.org\/{rel}","templated":true}]}}