{"id":591178,"date":"2025-03-04T23:18:54","date_gmt":"2025-03-04T22:18:54","guid":{"rendered":"https:\/\/shop.kustom.ch\/?post_type=product&#038;p=591178"},"modified":"2026-03-31T09:08:48","modified_gmt":"2026-03-31T08:08:48","slug":"winteroverall-2","status":"publish","type":"product","link":"https:\/\/shop.kustom.ch\/fr\/produit\/winteroverall-2\/","title":{"rendered":"Combinaison d'hiver"},"content":{"rendered":"<p>FERMETURE : Bas de jambes r\u00e9glables avec velcro. Poignets r\u00e9glables avec \u00e9lastique. D\u00c9TAILS : Capuche amovible avec doublure chaude. Coutures soud\u00e9es. Larges passants de ceinture \u00e0 l'arri\u00e8re et sur les c\u00f4t\u00e9s. Jupe pare-neige avec fermeture velcro et bouton. Elastique \u00e0 la taille. FERMETURE FRONTALE : Fermeture \u00e0 glissi\u00e8re invisible en plastique. FONCTIONNALIT\u00c9 : Mat\u00e9riau imperm\u00e9able au vent et \u00e0 l'eau avec respirabilit\u00e9, coutures soud\u00e9es. CARACT\u00c9RISTIQUES PRINCIPALES : Artisan. Messieurs . EN 343. REFLEX : Mat\u00e9riau r\u00e9fl\u00e9chissant sur les \u00e9paules, les manches et les jambes. TISSU : Jaune haute visibilit\u00e9. Respirabilit\u00e9. Vent \/ humidit\u00e9 \/ froid. POCHES : Poche sur la jambe avec rabat. Poche de poitrine avec fermeture \u00e9clair hydrofuge et doublure en polaire. Poche arri\u00e8re avec soufflet et rabat. Poche int\u00e9rieure avec fermeture \u00e9clair. Poches rembourr\u00e9es aux genoux \u00e0 l'int\u00e9rieur. Poches avant avec fermetures \u00e9clair hydrofuges. Poche m\u00e8tre avec poche suppl\u00e9mentaire. INSTRUCTIONS DE LAVAGE : Ne pas blanchir. CERTIFICATION : EN 14404:2004+A1:2010 avec genouill\u00e8res 4027, 4057, 4058 et 4032. EN 342. EN 343, classe 3.1. Non certifi\u00e9 High Vis.<\/p>\n<p>100% Polyester, Oxford, enduit, imperm\u00e9able 15.000 mm, coupe-vent, respirant Ret 8,5, 200g\/m<\/p>","protected":false},"excerpt":{"rendered":"<p>ABSCHLUSS: Verstellbare Beinabschl\u00fcsse mit Klettverschluss. Verstellbare \u00c4rmelb\u00fcndchen mit Gummizug. DETAILS: Abnehmbare Kapuze mit Warmfutter. Verschweisste N\u00e4hte. Breite G\u00fcrtelschlaufen hinten und an den Seiten. Schneefang mit Klettverschluss und Knopf. Gummizug an der Taille. FRONTVERSCHLUSS: Verdeckter Reissverschluss aus Kunststoff. FUNKTIONALIT\u00c4T: Wind- &amp;amp; wasserdichtes Material mit Atmungsaktivit\u00e4t, verschweisste N\u00e4hte. HAUPTEIGENSCHAFTEN: Handwerker. Herren. EN 343. REFLEX: Reflexmaterial an Schultern, [&hellip;]<\/p>\n","protected":false},"featured_media":591220,"template":"","meta":[],"product_brand":[],"product_cat":[10454],"product_tag":[],"class_list":{"0":"post-591178","1":"product","2":"type-product","3":"status-publish","4":"has-post-thumbnail","6":"product_cat-overalls","7":"pa_brand-blaklaeder","8":"pa_brand-type-workwear","9":"pa_filter-color-gelb","10":"pa_filter-color-schwarz","12":"first","13":"instock","14":"sale","15":"taxable","16":"shipping-taxable","17":"purchasable","18":"product-type-variable","19":"add-to-wishlist-before_image"},"exclude_global_add_ons":[],"addons":[],"acf":[],"_links":{"self":[{"href":"https:\/\/shop.kustom.ch\/fr\/wp-json\/wp\/v2\/product\/591178"}],"collection":[{"href":"https:\/\/shop.kustom.ch\/fr\/wp-json\/wp\/v2\/product"}],"about":[{"href":"https:\/\/shop.kustom.ch\/fr\/wp-json\/wp\/v2\/types\/product"}],"wp:featuredmedia":[{"embeddable":true,"href":"https:\/\/shop.kustom.ch\/fr\/wp-json\/wp\/v2\/media\/591220"}],"wp:attachment":[{"href":"https:\/\/shop.kustom.ch\/fr\/wp-json\/wp\/v2\/media?parent=591178"}],"wp:term":[{"taxonomy":"product_brand","embeddable":true,"href":"https:\/\/shop.kustom.ch\/fr\/wp-json\/wp\/v2\/product_brand?post=591178"},{"taxonomy":"product_cat","embeddable":true,"href":"https:\/\/shop.kustom.ch\/fr\/wp-json\/wp\/v2\/product_cat?post=591178"},{"taxonomy":"product_tag","embeddable":true,"href":"https:\/\/shop.kustom.ch\/fr\/wp-json\/wp\/v2\/product_tag?post=591178"}],"curies":[{"name":"wp","href":"https:\/\/api.w.org\/{rel}","templated":true}]}}