{"id":591031,"date":"2025-03-04T23:17:01","date_gmt":"2025-03-04T22:17:01","guid":{"rendered":"https:\/\/shop.kustom.ch\/?post_type=product&#038;p=591031"},"modified":"2026-03-31T09:08:40","modified_gmt":"2026-03-31T08:08:40","slug":"high-vis-winteroverall-3","status":"publish","type":"product","link":"https:\/\/shop.kustom.ch\/fr\/produit\/high-vis-winteroverall-3\/","title":{"rendered":"Combinaison d'hiver haute visibilit\u00e9"},"content":{"rendered":"<p>Protection fiable et fonctionnalit\u00e9 int\u00e9gr\u00e9e dans cette combinaison d'hiver imperm\u00e9able au vent et \u00e0 l'eau. La combinaison est dot\u00e9e de soufflets aux jambes et au dos, la largeur des pieds est r\u00e9glable \u00e0 l'aide d'un cordon de serrage. Poches genouill\u00e8res int\u00e9rieures et capuche amovible. Certifi\u00e9e selon la norme EN ISO 20471 classe 3, v\u00eatement \u00e0 haute visibilit\u00e9.<\/p>\n<p>FERMETURE : Ouverture zipp\u00e9e en haut des hanches. Bas de jambes r\u00e9glables avec fermeture velcro. Poignets r\u00e9glables avec fermeture velcro. D\u00c9TAILS : Poche pour carte d'identit\u00e9 escamotable. Soufflet dans le dos. Capuche amovible avec doublure chaude. Col doubl\u00e9 en polaire. Boucles d'attache. Jupe pare-neige avec fermeture velcro et bouton. Elastique \u00e0 la taille. FERMETURE FRONTALE : Fermeture \u00e0 glissi\u00e8re invisible et renforc\u00e9e en plastique. FONCTIONNALIT\u00c9 : A\u00e9rations sous les manches. CARACTERISTIQUES PRINCIPALES : Artisan. Messieurs. EN 343. REFLEX : Mat\u00e9riau r\u00e9fl\u00e9chissant autour des jambes. TISSU : Jaune haute visibilit\u00e9. Imperm\u00e9able. Protection haute visibilit\u00e9. POCHES : Poches sur les jambes avec rabat. Poches poitrine avec fermetures \u00e0 glissi\u00e8re hydrofuges. Poches arri\u00e8re avec rabat. Poche int\u00e9rieure avec fermeture \u00e9clair et poche pour t\u00e9l\u00e9phone portable. Poches rembourr\u00e9es aux genoux \u00e0 l'int\u00e9rieur. Poches lat\u00e9rales avec doublure en polaire. Poche m\u00e8tre avec porte couteau et poche stylo. INSTRUCTIONS DE LAVAGE : Nombre de lavages : 25. Ne pas essorer. CERTIFICATION : EN 14404:2004+A1:2010 avec genouill\u00e8res 4027, 4057, 4058 et 4032. EN 342. EN 343, classe 4,1. EN ISO 20471, classe 3.<\/p>\n<p>100% Polyester, Oxford, enduit, imperm\u00e9able 15.000 mm, coupe-vent, respirant Ret 8,5, 200g\/m<\/p>","protected":false},"excerpt":{"rendered":"<p>Zuverl\u00e4ssiger Schutz und integrierte Funktionalit\u00e4t in diesem wind- und wasserdichten Winteroverall. Der Overall hat Faltenb\u00e4lge an Beinen und R\u00fccken, die Fussweite ist mit einem Kordelzug verstellbar. Innenliegende Kniepolstertaschen und abnehmbare Kapuze. Zertifiziert nach EN ISO 20471 Klasse 3, Kleidung mit hoher Sichtbarkeit. ABSCHLUSS: Oben an der H\u00fcfte mit Reissverschluss zu \u00f6ffnen. Verstellbare Beinabschl\u00fcsse mit Klettverschluss. [&hellip;]<\/p>\n","protected":false},"featured_media":591041,"template":"","meta":[],"product_brand":[],"product_cat":[10454],"product_tag":[],"class_list":{"0":"post-591031","1":"product","2":"type-product","3":"status-publish","4":"has-post-thumbnail","6":"product_cat-overalls","7":"pa_brand-blaklaeder","8":"pa_brand-type-workwear","9":"pa_filter-color-blau","10":"pa_filter-color-gelb","11":"pa_filter-color-grau","12":"pa_filter-color-orange","13":"pa_filter-color-rot","14":"pa_filter-color-schwarz","16":"first","17":"instock","18":"sale","19":"taxable","20":"shipping-taxable","21":"purchasable","22":"product-type-variable","23":"add-to-wishlist-before_image"},"exclude_global_add_ons":[],"addons":[],"acf":[],"_links":{"self":[{"href":"https:\/\/shop.kustom.ch\/fr\/wp-json\/wp\/v2\/product\/591031"}],"collection":[{"href":"https:\/\/shop.kustom.ch\/fr\/wp-json\/wp\/v2\/product"}],"about":[{"href":"https:\/\/shop.kustom.ch\/fr\/wp-json\/wp\/v2\/types\/product"}],"wp:featuredmedia":[{"embeddable":true,"href":"https:\/\/shop.kustom.ch\/fr\/wp-json\/wp\/v2\/media\/591041"}],"wp:attachment":[{"href":"https:\/\/shop.kustom.ch\/fr\/wp-json\/wp\/v2\/media?parent=591031"}],"wp:term":[{"taxonomy":"product_brand","embeddable":true,"href":"https:\/\/shop.kustom.ch\/fr\/wp-json\/wp\/v2\/product_brand?post=591031"},{"taxonomy":"product_cat","embeddable":true,"href":"https:\/\/shop.kustom.ch\/fr\/wp-json\/wp\/v2\/product_cat?post=591031"},{"taxonomy":"product_tag","embeddable":true,"href":"https:\/\/shop.kustom.ch\/fr\/wp-json\/wp\/v2\/product_tag?post=591031"}],"curies":[{"name":"wp","href":"https:\/\/api.w.org\/{rel}","templated":true}]}}