{"id":590925,"date":"2025-03-04T23:15:40","date_gmt":"2025-03-04T22:15:40","guid":{"rendered":"https:\/\/shop.kustom.ch\/?post_type=product&#038;p=590925"},"modified":"2026-03-31T09:08:26","modified_gmt":"2026-03-31T08:08:26","slug":"flammschutz-overall-2","status":"publish","type":"product","link":"https:\/\/shop.kustom.ch\/fr\/produit\/flammschutz-overall-2\/","title":{"rendered":"Combinaison ignifug\u00e9e"},"content":{"rendered":"<p>Combinaison ignifug\u00e9e, r\u00e9sistante \u00e0 l'huile, \u00e0 la salet\u00e9 et \u00e0 l'eau, avec poignets r\u00e9glables, pli de mouvement dans le dos et taille r\u00e9glable pour un confort optimal. Le v\u00eatement est r\u00e9sistant et dispose d'une fermeture \u00e0 glissi\u00e8re dissimul\u00e9e, de poches pratiques avec rabats et d'une poche m\u00e8tre pour faciliter votre travail. Convient au lavage industriel. Certifi\u00e9 selon les normes EN 1149-5, EN ISO 11611, EN 13034, EN ISO 11612, IEC 61482-2. ATPV : 16,0 cal\/cm\u00b2, HAF : 82,0%.<\/p>\n<p>FERMETURE : Poignets r\u00e9glables avec boutons-pression. D\u00c9TAILS : Soufflet au dos. \u00c9tiquettes de certification ext\u00e9rieures. Boucles de chaque c\u00f4t\u00e9 de la poitrine pour le d\u00e9tecteur de gaz \/ l'oxyg\u00e9nom\u00e8tre \/ le microphone. Taille \u00e9lastique r\u00e9glable. FERMETURE FRONTALE : Patte de boutonnage cach\u00e9e avec boutons m\u00e9talliques. FONCTIONNALIT\u00c9 : R\u00e9sistant \u00e0 l'huile, \u00e0 la salet\u00e9 et \u00e0 l'eau. CARACTERISTIQUES PRINCIPALES : Soudeur. Messieurs. EN ISO 11611. TISSU : bleu. Protection contre les flammes. POSITIONS : Poche de poitrine avec anneau en D. Poches arri\u00e8re avec rabat. Poche int\u00e9rieure. Poches avant avec rabat et bouton-pression. Poche pour m\u00e8tre pliant. INSTRUCTIONS DE LAVAGE : PRO : convient au s\u00e9chage en tambour. CERTIFICATION : EN 1149-5. 20 cycles de lavage maximum. EN ISO 11611, classe 1 A1+A2. EN ISO 11612 A1, A2, B1, C1, E3, F1. ATPV - 16 cal\/cm\u00b2<\/p>\n<p>85% coton, 14% polyester, 1% antistatique, serg\u00e9, ignifug\u00e9, antistatique, 350 g\/m<\/p>","protected":false},"excerpt":{"rendered":"<p>\u00d6l-, schmutz- und wasserabweisender, flammhemmender Overall mit verstellbaren \u00c4rmelenden, Bewegungsfalte am R\u00fccken und verstellbarem Bund f\u00fcr optimalen Komfort. Das Kleidungsst\u00fcck ist strapazierf\u00e4hig und hat einen verdeckten Reissverschluss, praktische Taschen mit Patten und eine Zollstocktasche, die Ihnen die Arbeit erleichtern. Industriew\u00e4sche geeignet. Zertifiziert nach EN 1149-5, EN ISO 11611, EN 13034, EN ISO 11612, IEC 61482-2. [&hellip;]<\/p>\n","protected":false},"featured_media":590961,"template":"","meta":[],"product_brand":[],"product_cat":[10454],"product_tag":[],"class_list":{"0":"post-590925","1":"product","2":"type-product","3":"status-publish","4":"has-post-thumbnail","6":"product_cat-overalls","7":"pa_brand-blaklaeder","8":"pa_brand-type-workwear","9":"pa_filter-color-blau","11":"first","12":"instock","13":"sale","14":"taxable","15":"shipping-taxable","16":"purchasable","17":"product-type-variable","18":"add-to-wishlist-before_image"},"exclude_global_add_ons":[],"addons":[],"acf":[],"_links":{"self":[{"href":"https:\/\/shop.kustom.ch\/fr\/wp-json\/wp\/v2\/product\/590925"}],"collection":[{"href":"https:\/\/shop.kustom.ch\/fr\/wp-json\/wp\/v2\/product"}],"about":[{"href":"https:\/\/shop.kustom.ch\/fr\/wp-json\/wp\/v2\/types\/product"}],"wp:featuredmedia":[{"embeddable":true,"href":"https:\/\/shop.kustom.ch\/fr\/wp-json\/wp\/v2\/media\/590961"}],"wp:attachment":[{"href":"https:\/\/shop.kustom.ch\/fr\/wp-json\/wp\/v2\/media?parent=590925"}],"wp:term":[{"taxonomy":"product_brand","embeddable":true,"href":"https:\/\/shop.kustom.ch\/fr\/wp-json\/wp\/v2\/product_brand?post=590925"},{"taxonomy":"product_cat","embeddable":true,"href":"https:\/\/shop.kustom.ch\/fr\/wp-json\/wp\/v2\/product_cat?post=590925"},{"taxonomy":"product_tag","embeddable":true,"href":"https:\/\/shop.kustom.ch\/fr\/wp-json\/wp\/v2\/product_tag?post=590925"}],"curies":[{"name":"wp","href":"https:\/\/api.w.org\/{rel}","templated":true}]}}