{"id":590902,"date":"2025-03-04T23:15:04","date_gmt":"2025-03-04T22:15:04","guid":{"rendered":"https:\/\/shop.kustom.ch\/?post_type=product&#038;p=590902"},"modified":"2026-03-31T09:08:20","modified_gmt":"2026-03-31T08:08:20","slug":"multinorm-overall","status":"publish","type":"product","link":"https:\/\/shop.kustom.ch\/fr\/produit\/multinorm-overall\/","title":{"rendered":"Overall Multinorm"},"content":{"rendered":"<p>Combinaison multi-normes r\u00e9sistante \u00e0 l'huile, \u00e0 la salet\u00e9 et \u00e0 l'eau, qui vous offre une protection maximale lors de travaux dans des conditions extr\u00eames. Elle est fabriqu\u00e9e dans un mat\u00e9riau r\u00e9sistant et poss\u00e8de une coupe confortable avec une taille r\u00e9glable par cordon de serrage, des soufflets d'aisance dans le dos et des poignets r\u00e9glables. La combinaison dispose de poches genouill\u00e8res suppl\u00e9mentaires renforc\u00e9es ProtalT \u00e0 l'ext\u00e9rieur. Convient au lavage industriel. Certifi\u00e9e selon les normes EN 14404, EN 1149-5, EN ISO 11611, EN 13034, EN ISO 20471, EN ISO 11612, IEC 61482-2.<\/p>\n<p>FERMETURE : Poignets r\u00e9glables avec boutons-pression. D\u00c9TAILS : Poche d'identification amovible pour les v\u00eatements ignifuges. Soufflet dans le dos. \u00c9tiquettes de certification ext\u00e9rieures. Col haut avec fermeture \u00e0 glissi\u00e8re. R\u00e9glable par cordon de serrage \u00e0 la taille. FERMETURE FRONTALE : Fermeture frontale avec boutons-pression m\u00e9talliques cach\u00e9s. FONCTIONNALIT\u00c9 : R\u00e9sistant \u00e0 l'huile, \u00e0 la salet\u00e9 et \u00e0 l'eau. CARACTERISTIQUES PRINCIPALES : Artisan. Messieurs. EN ISO 11612. REFLEX : Bandes r\u00e9fl\u00e9chissantes ignifuges avec doubles coutures. TISSU : Jaune haute visibilit\u00e9. Poches pour genouill\u00e8res. Protection contre les flammes. POCHES : Poche sur la jambe avec soufflet, poche pour t\u00e9l\u00e9phone portable et poche pour stylo. Poches poitrine avec rabats. Poches arri\u00e8re \u00e0 soufflet et \u00e0 rabat. Poche int\u00e9rieure avec fermeture velcro. Poches ext\u00e9rieures pour genouill\u00e8res. Poches int\u00e9gr\u00e9es avec rabats. Poche m\u00e8tre avec porte-couteau et poche stylo. INSTRUCTIONS DE LAVAGE : Ne pas blanchir. RENFORCEMENT : CORDURA\u00ae\/Kevlar\u00ae\/Protal\u00ae - renforc\u00e9 aux genoux. CERTIFICATION : EN 1149-5. 20 lavages maximum. EN 14404:2004+A1:2010 avec les genouill\u00e8res 4027 et 4057. EN ISO 11611, classe 1 A1+A2. EN ISO 11612 A1, A2, B1, C1, E3, F1. Max. 50 cycles de lavage. IEC 61482-2, APC 1<\/p>\n<p>75% coton, 24% polyester, 1% antistatique, serg\u00e9, ignifug\u00e9, antistatique, 350 g\/m<\/p>","protected":false},"excerpt":{"rendered":"<p>\u00d6l-, schmutz- und wasserabweisender Multinorm-Overall, der Ihnen maximalen Schutz bei Arbeiten unter extremen Bedingungen bietet. Er ist aus strapazierf\u00e4higem Material gefertigt und hat eine bequeme Passform mit einem durch Kordelzug verstellbaren Bund, Bewegungsfalten am R\u00fccken und verstellbaren \u00c4rmelabschl\u00fcssen. Der Overall verf\u00fcgt \u00fcber zus\u00e4tzliche ProtalT-verst\u00e4rkte Kniepolstertaschen aussen. Industriew\u00e4sche geeignet. Zertifiziert nach EN 14404, EN 1149-5, EN [&hellip;]<\/p>\n","protected":false},"featured_media":590959,"template":"","meta":[],"product_brand":[],"product_cat":[10454],"product_tag":[],"class_list":{"0":"post-590902","1":"product","2":"type-product","3":"status-publish","4":"has-post-thumbnail","6":"product_cat-overalls","7":"pa_brand-blaklaeder","8":"pa_brand-type-workwear","9":"pa_filter-color-blau","10":"pa_filter-color-gelb","12":"first","13":"instock","14":"sale","15":"taxable","16":"shipping-taxable","17":"purchasable","18":"product-type-variable","19":"add-to-wishlist-before_image"},"exclude_global_add_ons":[],"addons":[],"acf":[],"_links":{"self":[{"href":"https:\/\/shop.kustom.ch\/fr\/wp-json\/wp\/v2\/product\/590902"}],"collection":[{"href":"https:\/\/shop.kustom.ch\/fr\/wp-json\/wp\/v2\/product"}],"about":[{"href":"https:\/\/shop.kustom.ch\/fr\/wp-json\/wp\/v2\/types\/product"}],"wp:featuredmedia":[{"embeddable":true,"href":"https:\/\/shop.kustom.ch\/fr\/wp-json\/wp\/v2\/media\/590959"}],"wp:attachment":[{"href":"https:\/\/shop.kustom.ch\/fr\/wp-json\/wp\/v2\/media?parent=590902"}],"wp:term":[{"taxonomy":"product_brand","embeddable":true,"href":"https:\/\/shop.kustom.ch\/fr\/wp-json\/wp\/v2\/product_brand?post=590902"},{"taxonomy":"product_cat","embeddable":true,"href":"https:\/\/shop.kustom.ch\/fr\/wp-json\/wp\/v2\/product_cat?post=590902"},{"taxonomy":"product_tag","embeddable":true,"href":"https:\/\/shop.kustom.ch\/fr\/wp-json\/wp\/v2\/product_tag?post=590902"}],"curies":[{"name":"wp","href":"https:\/\/api.w.org\/{rel}","templated":true}]}}