{"id":590860,"date":"2025-03-04T23:14:26","date_gmt":"2025-03-04T22:14:26","guid":{"rendered":"https:\/\/shop.kustom.ch\/?post_type=product&#038;p=590860"},"modified":"2026-03-31T09:08:19","modified_gmt":"2026-03-31T08:08:19","slug":"high-vis-overall","status":"publish","type":"product","link":"https:\/\/shop.kustom.ch\/fr\/produit\/high-vis-overall\/","title":{"rendered":"Combinaison haute visibilit\u00e9"},"content":{"rendered":"<p>Poches poitrine avec rabats et fermeture velcro. Poches lat\u00e9rales ouvertes, dont une avec un anneau en D. Poches sur les jambes et poches arri\u00e8re avec soufflet et rabat. Porte-marteau pour la s\u00e9curit\u00e9. Poche m\u00e8tre avec poche stylo et porte-couteau. Longueur des manches r\u00e9glable par velcro. Poche pour t\u00e9l\u00e9phone portable \u00e0 l'int\u00e9rieur. Poche int\u00e9rieure pour genouill\u00e8res. Bande r\u00e9fl\u00e9chissante de 50 mm. Poche pour carte d'identit\u00e9. Certifi\u00e9 selon EN 471 classe 3, la norme europ\u00e9enne pour les v\u00eatements de signalisation.<\/p>\n<p>FERMETURE : Bas de jambes r\u00e9glables avec velcro. Poignets r\u00e9glables avec fermeture velcro. D\u00c9TAILS : Poche pour carte d'identit\u00e9 escamotable. Soufflet dans le dos. Col haut avec fermeture \u00e0 glissi\u00e8re. Taille \u00e9lastique r\u00e9glable. FERMETURE FRONTALE : Fermeture \u00e0 glissi\u00e8re m\u00e9tallique \u00e0 double sens, renforc\u00e9e et dissimul\u00e9e. TYPE DE TRAVAIL PRINCIPAL : Travailleurs de la route et du b\u00e2timent. Messieurs. EN 14004. REFLEX : Mat\u00e9riau r\u00e9fl\u00e9chissant autour des jambes. TISSU : jaune haute visibilit\u00e9. Poches pour genouill\u00e8res. Protection haute visibilit\u00e9. POCHES : Poche sur la jambe avec soufflet et rabat. Poches poitrine avec rabats et fermeture velcro. Poches arri\u00e8re avec soufflet et rabat. Poche pour t\u00e9l\u00e9phone portable \u00e0 l'int\u00e9rieur. Poches rembourr\u00e9es aux genoux \u00e0 l'int\u00e9rieur. Poches en biais. Poche m\u00e8tre avec porte couteau et poche stylo. INSTRUCTIONS DE LAVAGE : Lavage industriel X 50. PRO : convient au s\u00e9chage en tambour. LAVAGE : lavage industriel EN ISO 15797. CERTIFICATION : EN 14404:2004+A1:2010 avec genouill\u00e8res 4027, 4057, 4058 et 4032. Les v\u00eatements de classe 2 et 3 en orange sont conformes \u00e0 la norme RIS-3279-TOM Issue 2.<\/p>\n<p>85% polyester, 15% coton, satin, 300g\/m<\/p>","protected":false},"excerpt":{"rendered":"<p>Brusttaschen mit Patten und Klettverschluss. Offene Seitentaschen, eine davon mit einem D-Ring. Bein- und Ges\u00e4sstaschen mit Balg und Patte. Hammerhalter. Zollstocktasche mit Stifttasche und Messerhalter. Verstellbare \u00c4rmell\u00e4nge mit Klettverschluss. Handytasche auf der Innenseite. Kniepolstertasche innen. 50 mm reflektierendes Band. Ausweistasche. Zertifiziert nach EN 471 Klasse 3, der europ\u00e4ischen Norm f\u00fcr Warnschutzkleidung. ABSCHLUSS: Verstellbare Beinabschl\u00fcsse mit [&hellip;]<\/p>\n","protected":false},"featured_media":590912,"template":"","meta":[],"product_brand":[],"product_cat":[10454],"product_tag":[],"class_list":{"0":"post-590860","1":"product","2":"type-product","3":"status-publish","4":"has-post-thumbnail","6":"product_cat-overalls","7":"pa_brand-blaklaeder","8":"pa_brand-type-workwear","9":"pa_filter-color-blau","10":"pa_filter-color-gelb","11":"pa_filter-color-orange","12":"pa_filter-color-rot","13":"pa_filter-color-schwarz","15":"first","16":"instock","17":"sale","18":"taxable","19":"shipping-taxable","20":"purchasable","21":"product-type-variable","22":"add-to-wishlist-before_image"},"exclude_global_add_ons":[],"addons":[],"acf":[],"_links":{"self":[{"href":"https:\/\/shop.kustom.ch\/fr\/wp-json\/wp\/v2\/product\/590860"}],"collection":[{"href":"https:\/\/shop.kustom.ch\/fr\/wp-json\/wp\/v2\/product"}],"about":[{"href":"https:\/\/shop.kustom.ch\/fr\/wp-json\/wp\/v2\/types\/product"}],"wp:featuredmedia":[{"embeddable":true,"href":"https:\/\/shop.kustom.ch\/fr\/wp-json\/wp\/v2\/media\/590912"}],"wp:attachment":[{"href":"https:\/\/shop.kustom.ch\/fr\/wp-json\/wp\/v2\/media?parent=590860"}],"wp:term":[{"taxonomy":"product_brand","embeddable":true,"href":"https:\/\/shop.kustom.ch\/fr\/wp-json\/wp\/v2\/product_brand?post=590860"},{"taxonomy":"product_cat","embeddable":true,"href":"https:\/\/shop.kustom.ch\/fr\/wp-json\/wp\/v2\/product_cat?post=590860"},{"taxonomy":"product_tag","embeddable":true,"href":"https:\/\/shop.kustom.ch\/fr\/wp-json\/wp\/v2\/product_tag?post=590860"}],"curies":[{"name":"wp","href":"https:\/\/api.w.org\/{rel}","templated":true}]}}