{"id":590797,"date":"2025-03-04T23:13:42","date_gmt":"2025-03-04T22:13:42","guid":{"rendered":"https:\/\/shop.kustom.ch\/?post_type=product&#038;p=590797"},"modified":"2026-03-31T09:08:12","modified_gmt":"2026-03-31T08:08:12","slug":"overall-2","status":"publish","type":"product","link":"https:\/\/shop.kustom.ch\/fr\/produit\/overall-2\/","title":{"rendered":"Combinaison"},"content":{"rendered":"<p>Prot\u00e9gez-vous des salissures et des \u00e9claboussures dans ce v\u00eatement de travail dot\u00e9 de solutions de poches intelligentes et d'autres d\u00e9tails pr\u00e9cieux tels qu'une poche m\u00e8tre renforc\u00e9e, une bande \u00e9lastique r\u00e9glable dans le dos, une fermeture \u00e0 glissi\u00e8re dissimul\u00e9e \u00e0 double sens et une couture d'entrejambe renforc\u00e9e.<\/p>\n<p>FERMETURE : Poignets r\u00e9glables. D\u00c9TAILS : Coutures renforc\u00e9es \u00e0 l'entrejambe. Taille \u00e9lastique r\u00e9glable. FERMETURE FRONTALE : Fermeture \u00e0 glissi\u00e8re m\u00e9tallique \u00e0 double sens dissimul\u00e9e. CARACT\u00c9RISTIQUES PRINCIPALES : Pouvoir nettoyant. Hommes . TISSU : bleu. Industrie \/ Service. POCHES : poches poitrine, une avec rabat et bouton pression, une avec poche stylo. Poches arri\u00e8re renforc\u00e9es. Poches lat\u00e9rales. Poche pour m\u00e8tre pliant. INSTRUCTIONS DE LAVAGE : Nettoyage \u00e0 sec - normal P<\/p>\n<p>65% polyester, 35% coton, serg\u00e9, 240 g\/m<\/p>","protected":false},"excerpt":{"rendered":"<p>Sch\u00fctzen Sie sich vor Schmutz und Spritzern in dieser Arbeitskleidung mit intelligenten Taschenl\u00f6sungen und anderen wertvollen Details wie einer verst\u00e4rkten Zollstocktasche, einem verstellbaren Gummizug im R\u00fccken, einem verdeckten Zwei-Wege-Reissverschluss und einer verst\u00e4rkten Schrittnaht. ABSCHLUSS: Verstellbare \u00c4rmelb\u00fcndchen. DETAILS: Verst\u00e4rkte N\u00e4hte am Schritt. Verstellbare elastische Taille. FRONTVERSCHLUSS: Verdeckter Zwei-Wege-Metall-Reissverschluss. HAUPTEIGENSCHAFTEN: Reinigungskraft. Herren. STOFF: blau. Industrie \/ Service. [&hellip;]<\/p>\n","protected":false},"featured_media":590818,"template":"","meta":[],"product_brand":[],"product_cat":[10454],"product_tag":[],"class_list":{"0":"post-590797","1":"product","2":"type-product","3":"status-publish","4":"has-post-thumbnail","6":"product_cat-overalls","7":"pa_brand-blaklaeder","8":"pa_brand-type-workwear","9":"pa_filter-color-blau","10":"pa_filter-color-schwarz","12":"first","13":"instock","14":"sale","15":"taxable","16":"shipping-taxable","17":"purchasable","18":"product-type-variable","19":"add-to-wishlist-before_image"},"exclude_global_add_ons":[],"addons":[],"acf":[],"_links":{"self":[{"href":"https:\/\/shop.kustom.ch\/fr\/wp-json\/wp\/v2\/product\/590797"}],"collection":[{"href":"https:\/\/shop.kustom.ch\/fr\/wp-json\/wp\/v2\/product"}],"about":[{"href":"https:\/\/shop.kustom.ch\/fr\/wp-json\/wp\/v2\/types\/product"}],"wp:featuredmedia":[{"embeddable":true,"href":"https:\/\/shop.kustom.ch\/fr\/wp-json\/wp\/v2\/media\/590818"}],"wp:attachment":[{"href":"https:\/\/shop.kustom.ch\/fr\/wp-json\/wp\/v2\/media?parent=590797"}],"wp:term":[{"taxonomy":"product_brand","embeddable":true,"href":"https:\/\/shop.kustom.ch\/fr\/wp-json\/wp\/v2\/product_brand?post=590797"},{"taxonomy":"product_cat","embeddable":true,"href":"https:\/\/shop.kustom.ch\/fr\/wp-json\/wp\/v2\/product_cat?post=590797"},{"taxonomy":"product_tag","embeddable":true,"href":"https:\/\/shop.kustom.ch\/fr\/wp-json\/wp\/v2\/product_tag?post=590797"}],"curies":[{"name":"wp","href":"https:\/\/api.w.org\/{rel}","templated":true}]}}