{"id":590777,"date":"2025-03-04T23:13:39","date_gmt":"2025-03-04T22:13:39","guid":{"rendered":"https:\/\/shop.kustom.ch\/?post_type=product&#038;p=590777"},"modified":"2026-03-31T09:08:07","modified_gmt":"2026-03-31T08:08:07","slug":"industrie-overall-stretch-2","status":"publish","type":"product","link":"https:\/\/shop.kustom.ch\/fr\/produit\/industrie-overall-stretch-2\/","title":{"rendered":"Combinaison industrielle Stretch"},"content":{"rendered":"<p>Une combinaison tr\u00e8s confortable et flexible en toile de coton confortable avec un stretch bidirectionnel, qui ne gratte pas et qui est lavable industriellement. Avec des d\u00e9tails r\u00e9fl\u00e9chissants pour \u00eatre vu en cas de besoin.<\/p>\n<p>FERMETURE : Possibilit\u00e9 de rallonger l'ourlet de la jambe. D\u00c9TAILS : Anneau en D. Boutons cach\u00e9s. Col montant. Couture int\u00e9rieure de la jambe avec triple couture. Taille \u00e9lastique r\u00e9glable. FERMETURE FRONTALE : Fermeture \u00e0 glissi\u00e8re m\u00e9tallique \u00e0 double sens, renforc\u00e9e et dissimul\u00e9e. FONCTIONNALIT\u00c9 : Stretch \u00e0 deux sens. Jambes de pantalon particuli\u00e8rement ergonomiques. CARACT\u00c9RISTIQUES PRINCIPALES : Pouvoir nettoyant. Unisexe. EN 14004. REFLEX : mat\u00e9riau r\u00e9fl\u00e9chissant sur les manches. TISSU : bleu. Ne se raye pas. Industrie \/ Service. POCHES : Poches sur les jambes avec soufflet et rabat, boutons m\u00e9talliques cach\u00e9s. Poches poitrine avec soufflet et rabat. Poche arri\u00e8re, une avec rabat. Poche pour t\u00e9l\u00e9phone portable \u00e0 l'int\u00e9rieur. Poches ext\u00e9rieures pour genouill\u00e8res. Poche pour stylo sur la manche. Poches lat\u00e9rales. Poche m\u00e8tre \u00e0 l'int\u00e9rieur. INSTRUCTIONS DE LAVAGE : Ne pas blanchir. LAVAGE : Lavage industriel EN ISO 15797. CERTIFICATION : EN 14404:2004+A1:2010 avec genouill\u00e8res 4057.<\/p>\n<p>98% coton, 2% \u00e9lastol\u00e9fine, toile, 285 g\/m<\/p>","protected":false},"excerpt":{"rendered":"<p>Ein sehr bequemer, flexibler Overall aus gem\u00fctlichem Baumwoll-Canvas mit Zwei-Wege-Stretch, der kratzfrei und industriell waschbar ist. Mit reflektierenden Details, damit Sie bei Bedarf gesehen werden. ABSCHLUSS: Verl\u00e4ngerungsm\u00f6glichkeit am Beinsaum. DETAILS: D-Ring. Verdeckte Kn\u00f6pfe. Stehkragen. Innenbeinnaht mit 3-fach-Naht. Verstellbare elastische Taille. FRONTVERSCHLUSS: Verdeckter, verst\u00e4rkter Zwei-Wege-Reissverschluss aus Metall. FUNKTIONALIT\u00c4T: 2-Wege-Stretch. Besonders ergonomisch geformte Hosenbeine. HAUPTEIGENSCHAFTEN: Reinigungskraft. Unisex. [&hellip;]<\/p>\n","protected":false},"featured_media":590816,"template":"","meta":[],"product_brand":[],"product_cat":[10448],"product_tag":[],"class_list":{"0":"post-590777","1":"product","2":"type-product","3":"status-publish","4":"has-post-thumbnail","6":"product_cat-latzhose","7":"pa_brand-blaklaeder","8":"pa_brand-type-workwear","9":"pa_filter-color-blau","10":"pa_filter-color-grau","11":"pa_filter-color-schwarz","13":"first","14":"instock","15":"sale","16":"taxable","17":"shipping-taxable","18":"purchasable","19":"product-type-variable","20":"add-to-wishlist-before_image"},"exclude_global_add_ons":[],"addons":[],"acf":[],"_links":{"self":[{"href":"https:\/\/shop.kustom.ch\/fr\/wp-json\/wp\/v2\/product\/590777"}],"collection":[{"href":"https:\/\/shop.kustom.ch\/fr\/wp-json\/wp\/v2\/product"}],"about":[{"href":"https:\/\/shop.kustom.ch\/fr\/wp-json\/wp\/v2\/types\/product"}],"wp:featuredmedia":[{"embeddable":true,"href":"https:\/\/shop.kustom.ch\/fr\/wp-json\/wp\/v2\/media\/590816"}],"wp:attachment":[{"href":"https:\/\/shop.kustom.ch\/fr\/wp-json\/wp\/v2\/media?parent=590777"}],"wp:term":[{"taxonomy":"product_brand","embeddable":true,"href":"https:\/\/shop.kustom.ch\/fr\/wp-json\/wp\/v2\/product_brand?post=590777"},{"taxonomy":"product_cat","embeddable":true,"href":"https:\/\/shop.kustom.ch\/fr\/wp-json\/wp\/v2\/product_cat?post=590777"},{"taxonomy":"product_tag","embeddable":true,"href":"https:\/\/shop.kustom.ch\/fr\/wp-json\/wp\/v2\/product_tag?post=590777"}],"curies":[{"name":"wp","href":"https:\/\/api.w.org\/{rel}","templated":true}]}}