{"id":590661,"date":"2025-03-04T23:12:18","date_gmt":"2025-03-04T22:12:18","guid":{"rendered":"https:\/\/shop.kustom.ch\/?post_type=product&#038;p=590661"},"modified":"2026-03-31T09:07:56","modified_gmt":"2026-03-31T08:07:56","slug":"overall-lebensmittelindustrie","status":"publish","type":"product","link":"https:\/\/shop.kustom.ch\/fr\/produit\/overall-lebensmittelindustrie\/","title":{"rendered":"Overall Industrie alimentaire"},"content":{"rendered":"<p>Une combinaison sp\u00e9cialement con\u00e7ue pour l'industrie alimentaire, qui r\u00e9pond \u00e0 toutes les normes \u00e9lev\u00e9es d'hygi\u00e8ne clinique. Ce v\u00eatement de travail n'a pas de poches ext\u00e9rieures, mais deux poches poitrine \u00e0 l'int\u00e9rieur, dont une avec une fermeture \u00e0 glissi\u00e8re en plastique. La combinaison est dot\u00e9e d'une fermeture \u00e0 glissi\u00e8re plastique \u00e0 double sens dissimul\u00e9e et, pour plus de confort, d'un \u00e9lastique r\u00e9glable \u00e0 la taille et d'un \u00e9lastique aux deux manches et au bas des jambes. Elle peut \u00eatre lav\u00e9e industriellement selon la norme EN ISO 15797. <\/p>\n<p>FERMETURE : \u00c9lastique au bas des jambes. Poignets avec \u00e9lastique. D\u00c9TAILS : Taille \u00e9lastique r\u00e9glable. FERMETURE FRONTALE : Fermeture \u00e0 glissi\u00e8re m\u00e9tallique \u00e0 double sens dissimul\u00e9e. CARACTERISTIQUES PRINCIPALES : Artisan. Homme. TISSU : blanc. Industrie \/ Service. POCHES : Poches poitrine int\u00e9rieures, dont une avec fermeture \u00e9clair en plastique. INSTRUCTIONS DE LAVAGE : repassage - moyen. LAVAGE : lavage industriel EN ISO 15797<\/p>\n<p>65% polyester, 35% coton, serg\u00e9, 240 g\/m<\/p>","protected":false},"excerpt":{"rendered":"<p>Ein Overall speziell f\u00fcr die Lebensmittelindustrie entwickelt, der alle hohen Standards der klinischen Hygiene erf\u00fcllt. Das Arbeitskleidungsst\u00fcck hat keine Aussentaschen, daf\u00fcr aber zwei Brusttaschen innen, eine davon mit einem Kunststoffreissverschluss. Der Overall hat einen verdeckten Zwei-Wege-Reissverschluss aus Kunststoff, und f\u00fcr erh\u00f6hten Komfort gibt es einen verstellbaren Gummizug in der Taille und einen Gummizug in beiden [&hellip;]<\/p>\n","protected":false},"featured_media":590705,"template":"","meta":[],"product_brand":[],"product_cat":[10454],"product_tag":[],"class_list":{"0":"post-590661","1":"product","2":"type-product","3":"status-publish","4":"has-post-thumbnail","6":"product_cat-overalls","7":"pa_brand-blaklaeder","8":"pa_brand-type-workwear","9":"pa_filter-color-blau","10":"pa_filter-color-grau","11":"pa_filter-color-rot","12":"pa_filter-color-weiss","14":"first","15":"instock","16":"sale","17":"taxable","18":"shipping-taxable","19":"purchasable","20":"product-type-variable","21":"add-to-wishlist-before_image"},"exclude_global_add_ons":[],"addons":[],"acf":[],"_links":{"self":[{"href":"https:\/\/shop.kustom.ch\/fr\/wp-json\/wp\/v2\/product\/590661"}],"collection":[{"href":"https:\/\/shop.kustom.ch\/fr\/wp-json\/wp\/v2\/product"}],"about":[{"href":"https:\/\/shop.kustom.ch\/fr\/wp-json\/wp\/v2\/types\/product"}],"wp:featuredmedia":[{"embeddable":true,"href":"https:\/\/shop.kustom.ch\/fr\/wp-json\/wp\/v2\/media\/590705"}],"wp:attachment":[{"href":"https:\/\/shop.kustom.ch\/fr\/wp-json\/wp\/v2\/media?parent=590661"}],"wp:term":[{"taxonomy":"product_brand","embeddable":true,"href":"https:\/\/shop.kustom.ch\/fr\/wp-json\/wp\/v2\/product_brand?post=590661"},{"taxonomy":"product_cat","embeddable":true,"href":"https:\/\/shop.kustom.ch\/fr\/wp-json\/wp\/v2\/product_cat?post=590661"},{"taxonomy":"product_tag","embeddable":true,"href":"https:\/\/shop.kustom.ch\/fr\/wp-json\/wp\/v2\/product_tag?post=590661"}],"curies":[{"name":"wp","href":"https:\/\/api.w.org\/{rel}","templated":true}]}}