{"id":590640,"date":"2025-03-04T23:11:43","date_gmt":"2025-03-04T22:11:43","guid":{"rendered":"https:\/\/shop.kustom.ch\/?post_type=product&#038;p=590640"},"modified":"2026-03-31T09:07:55","modified_gmt":"2026-03-31T08:07:55","slug":"multinorm-overall-inhaerent","status":"publish","type":"product","link":"https:\/\/shop.kustom.ch\/fr\/produit\/multinorm-overall-inhaerent\/","title":{"rendered":"Combinaison Multinorm Inh\u00e9rent"},"content":{"rendered":"<p>Combinaison ol\u00e9ofuge, antisalissure et hydrofuge fabriqu\u00e9e dans un tissu intrins\u00e8quement ignifuge, c'est-\u00e0-dire que les propri\u00e9t\u00e9s ignifuges sont naturellement pr\u00e9sentes dans les fibres. Cette combinaison souple permet une bonne libert\u00e9 de mouvement et les genoux sont renforc\u00e9s par du tissu CORDURA\u00ae\/Kevlar\u00ae\/Protal\u00ae. Elle dispose de nombreuses solutions de poches intelligentes, con\u00e7ues pour r\u00e9pondre aux normes de certification. Les poches soumises \u00e0 une usure excessive sont doublement renforc\u00e9es pour prolonger leur dur\u00e9e de vie. Une ouverture dans la poche permet d'acc\u00e9der aux v\u00eatements plac\u00e9s en dessous. Le tissu ripstop offre une r\u00e9sistance exceptionnelle \u00e0 la d\u00e9chirure. Test\u00e9 et approuv\u00e9 pour 50 lavages. Toutes les tailles C peuvent \u00eatre prolong\u00e9es jusqu'aux tailles C-150. Certifi\u00e9 selon les normes EN 14404, EN 1149-5, EN ISO 11611, EN 13034, EN ISO 20471, EN ISO 11612, IEC 61482-2. ATPV : 11 cal\/cm\u00b2.<\/p>\n<p>FERMETURE : Possibilit\u00e9 de rallonger l'ourlet de la jambe. Largeur de l'ourlet des jambes r\u00e9glable avec des boutons-pression en plastique. Poignets r\u00e9glables avec boutons-pression. D\u00c9TAILS : Poche d'identification amovible pour les v\u00eatements ignifuges. \u00c9tiquettes de certification ext\u00e9rieures. Boutons-pression en plastique. Col haut avec fermeture \u00e0 glissi\u00e8re. Boucles de chaque c\u00f4t\u00e9 de la poitrine pour le d\u00e9tecteur de gaz \/ l'oxyg\u00e9nom\u00e8tre \/ le microphone. Parties des \u00e9paules de couleur contrast\u00e9e. Taille r\u00e9glable. FERMETURE FRONTALE : Fermeture frontale avec boutons-pression en plastique dissimul\u00e9s. FONCTIONNALIT\u00c9 : Sans m\u00e9tal. CARACTERISTIQUES PRINCIPALES : Artisan. Messieurs. EN 13034. REFLEX : Bandes r\u00e9fl\u00e9chissantes sur les \u00e9paules. TISSU : Jaune haute visibilit\u00e9. Poches pour genouill\u00e8res. Protection contre les flammes. POCHES : Poche sur la jambe avec soufflet, poche pour t\u00e9l\u00e9phone portable et poche pour stylo. Poches poitrine avec fermeture \u00e9clair cach\u00e9e. Poches arri\u00e8re renforc\u00e9es par un soufflet et un rabat. Poches ext\u00e9rieures pour genouill\u00e8res. Poches avant avec rabat et bouton-pression. Poche m\u00e8tre renforc\u00e9e avec porte couteau et poche stylo. INSTRUCTIONS DE LAVAGE : PRO : convient au s\u00e9chage en tambour. RENFORCEMENT : CORDURA\u00ae\/Kevlar\u00ae\/Protal\u00ae - renforc\u00e9 aux genoux. CERTIFICATION : ATPV Rating : 32 cal\/cm\u00b2, CAT 3. 50 lavages max. Max. 20 cycles de lavage. EN 14404:2004+A1:2010 avec les genouill\u00e8res 4027 et 4057. ELIM - 10 cal\/cm\u00b2. Max. 50 cycles de lavage. EN ISO 11612 A1, A2, B1, C1, E2, F1. EN ISO 20471, classe 3<\/p>\n<p>44% Modacrylique, 30% Coton, 20% FR Polyamide, 5% Aramide, 1% antistatique, Ripstop, ignifug\u00e9, antistatique, 260 g\/m<\/p>","protected":false},"excerpt":{"rendered":"<p>\u00d6l-, schmutz- und wasserabweisender Overall aus einem inh\u00e4rent schwer entflammbaren Gewebe, d. h. die schwer entflammbaren Eigenschaften sind von Natur aus in den Fasern vorhanden. Dieser weiche Overall erm\u00f6glicht eine gute Bewegungsfreiheit und die Knie sind mit CORDURA\u00ae\/Kevlar\u00ae\/Protal\u00ae-Gewebe verst\u00e4rkt. Er verf\u00fcgt \u00fcber viele intelligente Taschenl\u00f6sungen, entwickelt um den Zertifizierungsstandards zu entsprechen. Taschen, die einem \u00fcberm\u00e4ssigen [&hellip;]<\/p>\n","protected":false},"featured_media":590654,"template":"","meta":[],"product_brand":[],"product_cat":[10454],"product_tag":[],"class_list":{"0":"post-590640","1":"product","2":"type-product","3":"status-publish","4":"has-post-thumbnail","6":"product_cat-overalls","7":"pa_brand-blaklaeder","8":"pa_brand-type-workwear","9":"pa_filter-color-blau","10":"pa_filter-color-gelb","11":"pa_filter-color-orange","13":"first","14":"instock","15":"sale","16":"taxable","17":"shipping-taxable","18":"purchasable","19":"product-type-variable","20":"add-to-wishlist-before_image"},"exclude_global_add_ons":[],"addons":[],"acf":[],"_links":{"self":[{"href":"https:\/\/shop.kustom.ch\/fr\/wp-json\/wp\/v2\/product\/590640"}],"collection":[{"href":"https:\/\/shop.kustom.ch\/fr\/wp-json\/wp\/v2\/product"}],"about":[{"href":"https:\/\/shop.kustom.ch\/fr\/wp-json\/wp\/v2\/types\/product"}],"wp:featuredmedia":[{"embeddable":true,"href":"https:\/\/shop.kustom.ch\/fr\/wp-json\/wp\/v2\/media\/590654"}],"wp:attachment":[{"href":"https:\/\/shop.kustom.ch\/fr\/wp-json\/wp\/v2\/media?parent=590640"}],"wp:term":[{"taxonomy":"product_brand","embeddable":true,"href":"https:\/\/shop.kustom.ch\/fr\/wp-json\/wp\/v2\/product_brand?post=590640"},{"taxonomy":"product_cat","embeddable":true,"href":"https:\/\/shop.kustom.ch\/fr\/wp-json\/wp\/v2\/product_cat?post=590640"},{"taxonomy":"product_tag","embeddable":true,"href":"https:\/\/shop.kustom.ch\/fr\/wp-json\/wp\/v2\/product_tag?post=590640"}],"curies":[{"name":"wp","href":"https:\/\/api.w.org\/{rel}","templated":true}]}}