{"id":590469,"date":"2025-03-04T23:09:23","date_gmt":"2025-03-04T22:09:23","guid":{"rendered":"https:\/\/shop.kustom.ch\/?post_type=product&#038;p=590469"},"modified":"2026-03-31T09:07:39","modified_gmt":"2026-03-31T08:07:39","slug":"damen-strickjacke-mit-softshell","status":"publish","type":"product","link":"https:\/\/shop.kustom.ch\/fr\/produit\/damen-strickjacke-mit-softshell\/","title":{"rendered":"Veste en tricot pour femmes avec softshell"},"content":{"rendered":"<p>Un cardigan \u00e0 la coupe f\u00e9minine, avec un beau col et une qualit\u00e9 de polaire au confort imbattable. Cette veste avec fermeture \u00e9clair \u00e0 double sens sur le devant est fabriqu\u00e9e dans un mat\u00e9riau unique que l'on peut d\u00e9crire au mieux comme une polaire tridimensionnelle. Le mat\u00e9riau bross\u00e9 donne \u00e0 la veste son apparence avec un motif 3D, un confort souple et \u00e9lastique et de la chaleur quand on en a le plus besoin. La veste est renforc\u00e9e aux manches, aux \u00e9paules et \u00e0 l'ourlet arri\u00e8re par un mat\u00e9riau softshell afin d'augmenter la r\u00e9sistance et, comme il n'y a pas de softshell sous les aisselles, la ventilation est meilleure. La veste dispose d'excellentes surfaces de profilage, mais convient aussi bien pour le travail que pour les loisirs. \u00c9galement disponible en mod\u00e8le 5942 pour hommes.<\/p>\n<p>FERMETURE : Dos rallong\u00e9. Poignets avec \u00e9lastique. D\u00c9TAILS : \u00c9paules renforc\u00e9es. FERMETURE FRONTALE : Fermeture \u00e0 glissi\u00e8re plastique \u00e0 double sens. FONCTIONNALIT\u00c9 : Coupe cintr\u00e9e. CARACTERISTIQUES PRINCIPALES : P\u00eacheur. TISSU : Femmes. Noir. Insert en stretch. Vent \/ humidit\u00e9 \/ froid. POCHES : Poche de poitrine avec fermeture \u00e0 glissi\u00e8re. Poches avant avec fermetures \u00e0 glissi\u00e8re. INSTRUCTIONS DE LAVAGE : 40\u00b0 C<\/p>\n<p>97% polyester, 3% \u00e9lasthanne, tricot jacquard, bross\u00e9 d'un c\u00f4t\u00e9, stretch, 290 g\/m<\/p>","protected":false},"excerpt":{"rendered":"<p>Eine Strickjacke im Damenschnitt, mit sch\u00f6nem Kragen und unschlagbar komfortabler Fleecequalit\u00e4t. Diese Jacke mit Zwei-Wege-Reissverschluss an der Vorderseite ist aus einem einzigartigen Material gefertigt, das am besten als dreidimensionales Fleece beschrieben werden kann. Das geb\u00fcrstete Material verleiht der Jacke ihr Aussehen mit 3D-Muster, geschmeidigem, elastischem Komfort und W\u00e4rme, wenn man sie am meisten braucht. Die [&hellip;]<\/p>\n","protected":false},"featured_media":590522,"template":"","meta":[],"product_brand":[],"product_cat":[4186],"product_tag":[],"class_list":{"0":"post-590469","1":"product","2":"type-product","3":"status-publish","4":"has-post-thumbnail","6":"product_cat-jacken","7":"pa_brand-blaklaeder","8":"pa_brand-type-workwear","9":"pa_filter-color-gruen","10":"pa_filter-color-schwarz","12":"first","13":"instock","14":"sale","15":"taxable","16":"shipping-taxable","17":"purchasable","18":"product-type-variable","19":"add-to-wishlist-before_image"},"exclude_global_add_ons":[],"addons":[],"acf":[],"_links":{"self":[{"href":"https:\/\/shop.kustom.ch\/fr\/wp-json\/wp\/v2\/product\/590469"}],"collection":[{"href":"https:\/\/shop.kustom.ch\/fr\/wp-json\/wp\/v2\/product"}],"about":[{"href":"https:\/\/shop.kustom.ch\/fr\/wp-json\/wp\/v2\/types\/product"}],"wp:featuredmedia":[{"embeddable":true,"href":"https:\/\/shop.kustom.ch\/fr\/wp-json\/wp\/v2\/media\/590522"}],"wp:attachment":[{"href":"https:\/\/shop.kustom.ch\/fr\/wp-json\/wp\/v2\/media?parent=590469"}],"wp:term":[{"taxonomy":"product_brand","embeddable":true,"href":"https:\/\/shop.kustom.ch\/fr\/wp-json\/wp\/v2\/product_brand?post=590469"},{"taxonomy":"product_cat","embeddable":true,"href":"https:\/\/shop.kustom.ch\/fr\/wp-json\/wp\/v2\/product_cat?post=590469"},{"taxonomy":"product_tag","embeddable":true,"href":"https:\/\/shop.kustom.ch\/fr\/wp-json\/wp\/v2\/product_tag?post=590469"}],"curies":[{"name":"wp","href":"https:\/\/api.w.org\/{rel}","templated":true}]}}