{"id":590430,"date":"2025-03-04T23:08:48","date_gmt":"2025-03-04T22:08:48","guid":{"rendered":"https:\/\/shop.kustom.ch\/?post_type=product&#038;p=590430"},"modified":"2026-03-31T09:07:38","modified_gmt":"2026-03-31T08:07:38","slug":"strickjacke-mit-softshell-2","status":"publish","type":"product","link":"https:\/\/shop.kustom.ch\/fr\/produit\/strickjacke-mit-softshell-2\/","title":{"rendered":"Veste en tricot avec softshell"},"content":{"rendered":"<p>Un cardigan avec un beau col et une qualit\u00e9 de polaire au confort imbattable. Cette veste est fabriqu\u00e9e dans un mat\u00e9riau unique que l'on peut d\u00e9crire au mieux comme une polaire tridimensionnelle. Le mat\u00e9riau bross\u00e9 conf\u00e8re \u00e0 la veste son look \u00e0 motifs 3D, un confort extensible et souple et de la chaleur quand on en a le plus besoin. Pour une plus grande durabilit\u00e9, les zones expos\u00e9es de la veste sont renforc\u00e9es par des inserts en softshell et comme il n'y a pas de softshell sous les bras, la ventilation est meilleure. La veste dispose d'excellentes surfaces de profilage, mais elle convient aussi bien pour le travail que pour les loisirs. \u00c9galement disponible en mod\u00e8le femme 5943.<\/p>\n<p>FERMETURE : Dos rallong\u00e9. Poignets avec \u00e9lastique. D\u00c9TAILS : \u00c9paules renforc\u00e9es. FERMETURE FRONTALE : Patte \u00e0 vent \u00e0 l'int\u00e9rieur. CARACTERISTIQUES PRINCIPALES : P\u00eacheur. TISSU : Disponible pour hommes et femmes. Vert. Insert en stretch. Tissu stretch. POCHES : Poche de poitrine avec fermeture \u00e0 glissi\u00e8re. Poches avant avec fermetures \u00e0 glissi\u00e8re. INSTRUCTIONS DE LAVAGE : 40\u00b0 C<\/p>\n<p>97% polyester, 3% \u00e9lasthanne, tricot jacquard, bross\u00e9 d'un c\u00f4t\u00e9, stretch, 290 g\/m<\/p>","protected":false},"excerpt":{"rendered":"<p>Eine Strickjacke mit einem sch\u00f6nen Kragen und unschlagbar bequemer Fleecequalit\u00e4t. Diese Jacke besteht aus einem einzigartigen Material, das am besten als dreidimensionales Fleece beschrieben werden kann. Das geb\u00fcrstete Material verleiht der Jacke ihren 3D-gemusterten Look, dehnbaren und geschmeidigen Komfort und W\u00e4rme, wenn man sie am meisten braucht. F\u00fcr eine h\u00f6here Strapazierf\u00e4higkeit sind die exponierten Bereiche [&hellip;]<\/p>\n","protected":false},"featured_media":590485,"template":"","meta":[],"product_brand":[],"product_cat":[4186],"product_tag":[],"class_list":{"0":"post-590430","1":"product","2":"type-product","3":"status-publish","4":"has-post-thumbnail","6":"product_cat-jacken","7":"pa_brand-blaklaeder","8":"pa_brand-type-workwear","9":"pa_filter-color-blau","10":"pa_filter-color-grau","11":"pa_filter-color-gruen","12":"pa_filter-color-rot","13":"pa_filter-color-schwarz","15":"first","16":"instock","17":"sale","18":"taxable","19":"shipping-taxable","20":"purchasable","21":"product-type-variable","22":"add-to-wishlist-before_image"},"exclude_global_add_ons":[],"addons":[],"acf":[],"_links":{"self":[{"href":"https:\/\/shop.kustom.ch\/fr\/wp-json\/wp\/v2\/product\/590430"}],"collection":[{"href":"https:\/\/shop.kustom.ch\/fr\/wp-json\/wp\/v2\/product"}],"about":[{"href":"https:\/\/shop.kustom.ch\/fr\/wp-json\/wp\/v2\/types\/product"}],"wp:featuredmedia":[{"embeddable":true,"href":"https:\/\/shop.kustom.ch\/fr\/wp-json\/wp\/v2\/media\/590485"}],"wp:attachment":[{"href":"https:\/\/shop.kustom.ch\/fr\/wp-json\/wp\/v2\/media?parent=590430"}],"wp:term":[{"taxonomy":"product_brand","embeddable":true,"href":"https:\/\/shop.kustom.ch\/fr\/wp-json\/wp\/v2\/product_brand?post=590430"},{"taxonomy":"product_cat","embeddable":true,"href":"https:\/\/shop.kustom.ch\/fr\/wp-json\/wp\/v2\/product_cat?post=590430"},{"taxonomy":"product_tag","embeddable":true,"href":"https:\/\/shop.kustom.ch\/fr\/wp-json\/wp\/v2\/product_tag?post=590430"}],"curies":[{"name":"wp","href":"https:\/\/api.w.org\/{rel}","templated":true}]}}