{"id":590385,"date":"2025-03-04T23:08:10","date_gmt":"2025-03-04T22:08:10","guid":{"rendered":"https:\/\/shop.kustom.ch\/?post_type=product&#038;p=590385"},"modified":"2026-03-31T09:07:34","modified_gmt":"2026-03-31T08:07:34","slug":"damen-strickjacke","status":"publish","type":"product","link":"https:\/\/shop.kustom.ch\/fr\/produit\/damen-strickjacke\/","title":{"rendered":"Veste en tricot pour femmes"},"content":{"rendered":"<p>Un cardigan \u00e0 capuche au design tendance et d'une qualit\u00e9 polaire imbattable en termes de confort. Cette veste \u00e0 fermeture \u00e9clair bidirectionnelle est dot\u00e9e d'un nouveau mat\u00e9riau unique, que l'on peut d\u00e9crire au mieux comme une polaire tridimensionnelle. Le mat\u00e9riau bross\u00e9 conf\u00e8re \u00e0 la veste son apparence avec un confort extensible et souple et de la chaleur si n\u00e9cessaire. La veste est renforc\u00e9e par un mat\u00e9riau softshell au niveau des bras, des \u00e9paules et du bas du dos afin d'augmenter la durabilit\u00e9, et comme il n'y a pas de mat\u00e9riau softshell sous les bras, la ventilation est am\u00e9lior\u00e9e. Le 5941 a d'excellentes surfaces de profilage, mais il convient aussi bien au travail qu'aux loisirs. Vous l'appr\u00e9cierez \u00e0 coup s\u00fbr. \u00c9galement disponible en mod\u00e8le homme 5940.<\/p>\n<p>FERMETURE : Dos rallong\u00e9. Poignets avec \u00e9lastique. D\u00c9TAILS : Capuche fixe. \u00c9paules renforc\u00e9es. FERMETURE FRONTALE : Patte \u00e0 vent \u00e0 l'int\u00e9rieur. FONCTIONNALIT\u00c9 : Taille pour femmes. CARACTERISTIQUES PRINCIPALES : Couvreur. TISSU : Disponible pour hommes et femmes. rouge. Fermeture \u00e9clair \u00e0 double sens. Vent \/ humidit\u00e9 \/ froid. POCHES : Poche de poitrine avec fermeture \u00e0 glissi\u00e8re. Poches avant avec fermetures \u00e0 glissi\u00e8re. INSTRUCTIONS DE LAVAGE : 40\u00b0 C<\/p>\n<p>97% polyester, 3% \u00e9lasthanne, tricot jacquard, bross\u00e9 d'un c\u00f4t\u00e9, stretch, 290 g\/m<\/p>","protected":false},"excerpt":{"rendered":"<p>Eine Strickjacke mit Kapuze in modischem Design und unschlagbar bequemer Fleece-Qualit\u00e4t. Diese Jacke mit Zwei-Wege-Reissverschluss hat ein neues, einzigartiges Material, das am besten als dreidimensionaler Fleece beschrieben werden kann. Das geb\u00fcrstete Material verleiht der Jacke ihr Aussehen mit dehnbarem und geschmeidigem Komfort und W\u00e4rme bei Bedarf. Die Jacke ist an den Armen, Schultern und am [&hellip;]<\/p>\n","protected":false},"featured_media":590439,"template":"","meta":[],"product_brand":[],"product_cat":[4186],"product_tag":[],"class_list":{"0":"post-590385","1":"product","2":"type-product","3":"status-publish","4":"has-post-thumbnail","6":"product_cat-jacken","7":"pa_brand-blaklaeder","8":"pa_brand-type-workwear","9":"pa_filter-color-blau","10":"pa_filter-color-grau","11":"pa_filter-color-rot","12":"pa_filter-color-schwarz","14":"first","15":"instock","16":"sale","17":"taxable","18":"shipping-taxable","19":"purchasable","20":"product-type-variable","21":"add-to-wishlist-before_image"},"exclude_global_add_ons":[],"addons":[],"acf":[],"_links":{"self":[{"href":"https:\/\/shop.kustom.ch\/fr\/wp-json\/wp\/v2\/product\/590385"}],"collection":[{"href":"https:\/\/shop.kustom.ch\/fr\/wp-json\/wp\/v2\/product"}],"about":[{"href":"https:\/\/shop.kustom.ch\/fr\/wp-json\/wp\/v2\/types\/product"}],"wp:featuredmedia":[{"embeddable":true,"href":"https:\/\/shop.kustom.ch\/fr\/wp-json\/wp\/v2\/media\/590439"}],"wp:attachment":[{"href":"https:\/\/shop.kustom.ch\/fr\/wp-json\/wp\/v2\/media?parent=590385"}],"wp:term":[{"taxonomy":"product_brand","embeddable":true,"href":"https:\/\/shop.kustom.ch\/fr\/wp-json\/wp\/v2\/product_brand?post=590385"},{"taxonomy":"product_cat","embeddable":true,"href":"https:\/\/shop.kustom.ch\/fr\/wp-json\/wp\/v2\/product_cat?post=590385"},{"taxonomy":"product_tag","embeddable":true,"href":"https:\/\/shop.kustom.ch\/fr\/wp-json\/wp\/v2\/product_tag?post=590385"}],"curies":[{"name":"wp","href":"https:\/\/api.w.org\/{rel}","templated":true}]}}