{"id":590324,"date":"2025-03-04T23:07:30","date_gmt":"2025-03-04T22:07:30","guid":{"rendered":"https:\/\/shop.kustom.ch\/?post_type=product&#038;p=590324"},"modified":"2026-03-31T09:07:33","modified_gmt":"2026-03-31T08:07:33","slug":"strickjacke-mit-softshell","status":"publish","type":"product","link":"https:\/\/shop.kustom.ch\/fr\/produit\/strickjacke-mit-softshell\/","title":{"rendered":"Veste en tricot avec softshell"},"content":{"rendered":"<p>Un cardigan \u00e0 capuche au design tendance et d'une qualit\u00e9 polaire imbattable en termes de confort. Cette veste est dot\u00e9e d'un nouveau mat\u00e9riau unique, que l'on peut d\u00e9crire au mieux comme une polaire tridimensionnelle. Le mat\u00e9riau bross\u00e9 conf\u00e8re \u00e0 la veste son apparence avec un confort \u00e9lastique et souple et de la chaleur en cas de besoin. Pour une plus grande durabilit\u00e9, des inserts softshell de renfort sont plac\u00e9s dans les zones expos\u00e9es de la veste, et comme il n'y a pas d'inserts softshell sous les bras, la ventilation est am\u00e9lior\u00e9e. La 5940 a d'excellentes surfaces de profilage, mais elle convient aussi bien pour le travail quotidien que pour les loisirs. Vous l'appr\u00e9cierez \u00e0 coup s\u00fbr.<\/p>\n<p>FERMETURE : Dos rallong\u00e9. Poignets avec \u00e9lastique. D\u00c9TAILS : Capuche fixe. \u00c9paules renforc\u00e9es. FERMETURE FRONTALE : Fermeture \u00e0 glissi\u00e8re en plastique. CARACTERISTIQUES PRINCIPALES : Conducteur. TISSU : Hommes. Noir. Vent \/ humidit\u00e9 \/ froid. PORTEFEUILLE : Poche de poitrine avec fermeture \u00e9clair. Poches avant avec fermetures \u00e0 glissi\u00e8re. INSTRUCTIONS DE LAVAGE : Ne pas blanchir.<\/p>\n<p>97% polyester, 3% \u00e9lasthanne, tricot jacquard, bross\u00e9 d'un c\u00f4t\u00e9, stretch, 290 g\/m<\/p>","protected":false},"excerpt":{"rendered":"<p>Eine Strickjacke mit Kapuze in modischem Design und unschlagbar komfortabler Fleece-Qualit\u00e4t. Diese Jacke hat ein neues, einzigartiges Material, das sich am besten als dreidimensionales Fleece beschreiben l\u00e4sst. Das geb\u00fcrstete Material verleiht der Jacke ihr Aussehen mit elastischem und geschmeidigem Komfort und W\u00e4rme bei Bedarf. F\u00fcr eine erh\u00f6hte Haltbarkeit sind in den exponierten Bereichen der Jacke [&hellip;]<\/p>\n","protected":false},"featured_media":590353,"template":"","meta":[],"product_brand":[],"product_cat":[4186],"product_tag":[],"class_list":{"0":"post-590324","1":"product","2":"type-product","3":"status-publish","4":"has-post-thumbnail","6":"product_cat-jacken","7":"pa_brand-blaklaeder","8":"pa_brand-type-workwear","9":"pa_filter-color-blau","10":"pa_filter-color-grau","11":"pa_filter-color-gruen","12":"pa_filter-color-orange","13":"pa_filter-color-rot","14":"pa_filter-color-schwarz","16":"first","17":"instock","18":"sale","19":"taxable","20":"shipping-taxable","21":"purchasable","22":"product-type-variable","23":"add-to-wishlist-before_image"},"exclude_global_add_ons":[],"addons":[],"acf":[],"_links":{"self":[{"href":"https:\/\/shop.kustom.ch\/fr\/wp-json\/wp\/v2\/product\/590324"}],"collection":[{"href":"https:\/\/shop.kustom.ch\/fr\/wp-json\/wp\/v2\/product"}],"about":[{"href":"https:\/\/shop.kustom.ch\/fr\/wp-json\/wp\/v2\/types\/product"}],"wp:featuredmedia":[{"embeddable":true,"href":"https:\/\/shop.kustom.ch\/fr\/wp-json\/wp\/v2\/media\/590353"}],"wp:attachment":[{"href":"https:\/\/shop.kustom.ch\/fr\/wp-json\/wp\/v2\/media?parent=590324"}],"wp:term":[{"taxonomy":"product_brand","embeddable":true,"href":"https:\/\/shop.kustom.ch\/fr\/wp-json\/wp\/v2\/product_brand?post=590324"},{"taxonomy":"product_cat","embeddable":true,"href":"https:\/\/shop.kustom.ch\/fr\/wp-json\/wp\/v2\/product_cat?post=590324"},{"taxonomy":"product_tag","embeddable":true,"href":"https:\/\/shop.kustom.ch\/fr\/wp-json\/wp\/v2\/product_tag?post=590324"}],"curies":[{"name":"wp","href":"https:\/\/api.w.org\/{rel}","templated":true}]}}