{"id":590281,"date":"2025-03-04T23:06:27","date_gmt":"2025-03-04T22:06:27","guid":{"rendered":"https:\/\/shop.kustom.ch\/?post_type=product&#038;p=590281"},"modified":"2026-03-31T09:07:28","modified_gmt":"2026-03-31T08:07:28","slug":"damen-hybrid-jacke","status":"publish","type":"product","link":"https:\/\/shop.kustom.ch\/fr\/produit\/damen-hybrid-jacke\/","title":{"rendered":"Veste hybride pour femme"},"content":{"rendered":"<p>Une veste hybride con\u00e7ue pour la silhouette f\u00e9minine. Dot\u00e9e d'un rembourrage fin mais chaud sur l'avant, l'arri\u00e8re et la capuche et d'un tissu softshell sur les \u00e9paules, les bras et les c\u00f4t\u00e9s. Un v\u00eatement confortable et chaud qui permet une excellente libert\u00e9 de mouvement lors de travaux dans des environnements plus froids. Fonctionne aussi bien qu'une veste ou un pull.<\/p>\n<p>FINITION : Dos rallong\u00e9. Finition des manches avec \u00e9lastique et poignets. D\u00c9TAILS : Bonnes surfaces pour les finitions. Capuche fixe. FERMETURE FRONTALE : Patte de boutonnage avec doublure polaire \u00e0 l'int\u00e9rieur. FONCTIONNALIT\u00c9 : Haut du corps chaudement doubl\u00e9 devant et derri\u00e8re et partiellement sur la capuche et les \u00e9paules. Coupe cintr\u00e9e. CARACTERISTIQUES PRINCIPALES : Poseur de sol. TISSU : Disponible pour hommes et femmes. Jaune haute visibilit\u00e9. Fermeture \u00e9clair \u00e0 double sens. Vent \/ humidit\u00e9 \/ froid. POCHES : Poches avant avec fermetures \u00e0 glissi\u00e8re. INSTRUCTIONS DE LAVAGE : Ne pas nettoyer \u00e0 sec.<\/p>\n<p>100% Polyester, bross\u00e9 d'un c\u00f4t\u00e9, 380 g\/m<\/p>","protected":false},"excerpt":{"rendered":"<p>Eine Hybrid Jacke, die f\u00fcr die weibliche Figur entwickelt wurde. Ausgestattet mit einer d\u00fcnnen aber warmen Polsterung auf der Vorder- und R\u00fcckseite und an der Kapuze und einem Softshell Stoff an den Schultern, den Armen und den Seiten. Ein bequemes, warmes Kleidungsst\u00fcck, das bei Arbeiten in k\u00e4lteren Umgebungen eine ausgezeichnete Bewegungsfreiheit erm\u00f6glicht. Funktioniert genauso gut [&hellip;]<\/p>\n","protected":false},"featured_media":590316,"template":"","meta":[],"product_brand":[],"product_cat":[4186],"product_tag":[],"class_list":{"0":"post-590281","1":"product","2":"type-product","3":"status-publish","4":"has-post-thumbnail","6":"product_cat-jacken","7":"pa_brand-blaklaeder","8":"pa_brand-type-workwear","9":"pa_filter-color-blau","10":"pa_filter-color-gelb","11":"pa_filter-color-grau","12":"pa_filter-color-rot","13":"pa_filter-color-schwarz","15":"first","16":"instock","17":"sale","18":"taxable","19":"shipping-taxable","20":"purchasable","21":"product-type-variable","22":"add-to-wishlist-before_image"},"exclude_global_add_ons":[],"addons":[],"acf":[],"_links":{"self":[{"href":"https:\/\/shop.kustom.ch\/fr\/wp-json\/wp\/v2\/product\/590281"}],"collection":[{"href":"https:\/\/shop.kustom.ch\/fr\/wp-json\/wp\/v2\/product"}],"about":[{"href":"https:\/\/shop.kustom.ch\/fr\/wp-json\/wp\/v2\/types\/product"}],"wp:featuredmedia":[{"embeddable":true,"href":"https:\/\/shop.kustom.ch\/fr\/wp-json\/wp\/v2\/media\/590316"}],"wp:attachment":[{"href":"https:\/\/shop.kustom.ch\/fr\/wp-json\/wp\/v2\/media?parent=590281"}],"wp:term":[{"taxonomy":"product_brand","embeddable":true,"href":"https:\/\/shop.kustom.ch\/fr\/wp-json\/wp\/v2\/product_brand?post=590281"},{"taxonomy":"product_cat","embeddable":true,"href":"https:\/\/shop.kustom.ch\/fr\/wp-json\/wp\/v2\/product_cat?post=590281"},{"taxonomy":"product_tag","embeddable":true,"href":"https:\/\/shop.kustom.ch\/fr\/wp-json\/wp\/v2\/product_tag?post=590281"}],"curies":[{"name":"wp","href":"https:\/\/api.w.org\/{rel}","templated":true}]}}