{"id":590218,"date":"2025-03-04T23:05:10","date_gmt":"2025-03-04T22:05:10","guid":{"rendered":"https:\/\/shop.kustom.ch\/?post_type=product&#038;p=590218"},"modified":"2026-03-31T09:07:00","modified_gmt":"2026-03-31T08:07:00","slug":"fleecejacke-evolution","status":"publish","type":"product","link":"https:\/\/shop.kustom.ch\/fr\/produit\/fleecejacke-evolution\/","title":{"rendered":"Veste polaire Evolution"},"content":{"rendered":"<p>La veste technique en polaire est pr\u00e8s du corps et se compose d'un mat\u00e9riau stretch souple avec une bonne \u00e9vacuation de l'humidit\u00e9. La polaire isole du froid, s\u00e8che rapidement et vous garde au sec et \u00e0 l'aise, m\u00eame lorsque vous travaillez dur. Pour un ajustement et un confort optimaux, la veste a un dos allong\u00e9 et des trous pour les pouces. Elle s'adapte parfaitement sous une veste shell lorsque les temp\u00e9ratures sont plus froides.<\/p>\n<p>FERMETURE : Bande \u00e9lastique dans l'ourlet inf\u00e9rieur. Poignets \u00e9largis avec ouverture pour le pouce et ourlet \u00e9lastique. D\u00c9TAILS : Col doubl\u00e9 en polaire. FERMETURE FRONTALE : Fermeture \u00e9clair \u00e0 l'avant avec protection du menton en polaire. CARACTERISTIQUES PRINCIPALES : Poseur de sol. TISSU : hommes. noir. Vent \/ humidit\u00e9 \/ froid. POCHES : poches avant zipp\u00e9es, doubl\u00e9es de polaire. INSTRUCTIONS DE LAVAGE : Ne pas essorer.<\/p>\n<p>92% polyester, 8% \u00e9lasthanne, polaire bross\u00e9e d'un c\u00f4t\u00e9, s\u00e9chage rapide, 240g\/m<\/p>","protected":false},"excerpt":{"rendered":"<p>Technische Fleecejacke liegt eng am K\u00f6rper und besteht aus einem nachgiebigen Stretch Material mit gutem Feuchtigkeitstransport. Das Fleece isoliert gegen K\u00e4lte, trocknet schnell und h\u00e4lt Sie trocken und komfortabel, sogar bei harter Arbeit. F\u00fcr optimale Passform und Komfort, hat die Jacke einen verl\u00e4ngerten R\u00fccken und Daumenl\u00f6cher. Passt perfekt unter die Shelljacke bei k\u00e4lteren Temperaturen. ABSCHLUSS: [&hellip;]<\/p>\n","protected":false},"featured_media":590283,"template":"","meta":[],"product_brand":[],"product_cat":[4186],"product_tag":[],"class_list":{"0":"post-590218","1":"product","2":"type-product","3":"status-publish","4":"has-post-thumbnail","6":"product_cat-jacken","7":"pa_brand-blaklaeder","8":"pa_brand-type-workwear","9":"pa_filter-color-schwarz","11":"first","12":"instock","13":"sale","14":"taxable","15":"shipping-taxable","16":"purchasable","17":"product-type-variable","18":"add-to-wishlist-before_image"},"exclude_global_add_ons":[],"addons":[],"acf":[],"_links":{"self":[{"href":"https:\/\/shop.kustom.ch\/fr\/wp-json\/wp\/v2\/product\/590218"}],"collection":[{"href":"https:\/\/shop.kustom.ch\/fr\/wp-json\/wp\/v2\/product"}],"about":[{"href":"https:\/\/shop.kustom.ch\/fr\/wp-json\/wp\/v2\/types\/product"}],"wp:featuredmedia":[{"embeddable":true,"href":"https:\/\/shop.kustom.ch\/fr\/wp-json\/wp\/v2\/media\/590283"}],"wp:attachment":[{"href":"https:\/\/shop.kustom.ch\/fr\/wp-json\/wp\/v2\/media?parent=590218"}],"wp:term":[{"taxonomy":"product_brand","embeddable":true,"href":"https:\/\/shop.kustom.ch\/fr\/wp-json\/wp\/v2\/product_brand?post=590218"},{"taxonomy":"product_cat","embeddable":true,"href":"https:\/\/shop.kustom.ch\/fr\/wp-json\/wp\/v2\/product_cat?post=590218"},{"taxonomy":"product_tag","embeddable":true,"href":"https:\/\/shop.kustom.ch\/fr\/wp-json\/wp\/v2\/product_tag?post=590218"}],"curies":[{"name":"wp","href":"https:\/\/api.w.org\/{rel}","templated":true}]}}