{"id":590200,"date":"2025-03-04T23:05:07","date_gmt":"2025-03-04T22:05:07","guid":{"rendered":"https:\/\/shop.kustom.ch\/?post_type=product&#038;p=590200"},"modified":"2026-03-31T09:06:59","modified_gmt":"2026-03-31T08:06:59","slug":"microfleece-jacke-3","status":"publish","type":"product","link":"https:\/\/shop.kustom.ch\/fr\/produit\/microfleece-jacke-3\/","title":{"rendered":"Veste en micropolaire"},"content":{"rendered":"<p>Veste polaire anti-boulochage \u00e0 la coupe \u00e9troite, id\u00e9ale comme deuxi\u00e8me couche. Cette veste polaire est dot\u00e9e d'un tissu stretch sur les c\u00f4t\u00e9s, de deux poches int\u00e9rieures et du logo Bl\u00e5kl\u00e4der sur la nuque.<\/p>\n<p>FERMETURE : Dos rallong\u00e9. D\u00c9TAILS : Logo imprim\u00e9 sur la nuque. Empi\u00e8cement stretch sur le c\u00f4t\u00e9 et les manches. FERMETURE FRONTALE : Patte de boutonnage avec doublure en polaire \u00e0 l'int\u00e9rieur. CARACTERISTIQUES PRINCIPALES : Conducteur. TISSU : hommes. blanc. Vent \/ humidit\u00e9 \/ froid. POCHES : poches avant zipp\u00e9es et deux poches int\u00e9rieures. INSTRUCTIONS DE LAVAGE : Ne pas essorer.<\/p>\n<p>100 % polyester, micropolaire, anti-boulochage, 170 g\/m<\/p>","protected":false},"excerpt":{"rendered":"<p>Schmal geschnittene, Anti-Pilling Fleecejacke, die sich ideal als zweite Lage eignet. Diese Fleecejacke hat Stretchmaterial an den Seiten, zwei innenliegende Taschen und Bl\u00e5kl\u00e4der Logo am Nacken. ABSCHLUSS: Verl\u00e4ngerter R\u00fccken. DETAILS: Logo-Aufdruck im Nacken. Stretch-Einsatz an der Seite und den \u00c4rmeln. FRONTVERSCHLUSS: Windleiste mit Fleecefutter innen. HAUPTEIGENSCHAFTEN: Fahrer. STOFF: Herren. weiss. Wind \/ N\u00e4sse \/ K\u00e4lte. [&hellip;]<\/p>\n","protected":false},"featured_media":590248,"template":"","meta":[],"product_brand":[],"product_cat":[4186],"product_tag":[],"class_list":{"0":"post-590200","1":"product","2":"type-product","3":"status-publish","4":"has-post-thumbnail","6":"product_cat-jacken","7":"pa_brand-blaklaeder","8":"pa_brand-type-workwear","9":"pa_filter-color-grau","10":"pa_filter-color-schwarz","11":"pa_filter-color-weiss","13":"first","14":"instock","15":"sale","16":"taxable","17":"shipping-taxable","18":"purchasable","19":"product-type-variable","20":"add-to-wishlist-before_image"},"exclude_global_add_ons":[],"addons":[],"acf":[],"_links":{"self":[{"href":"https:\/\/shop.kustom.ch\/fr\/wp-json\/wp\/v2\/product\/590200"}],"collection":[{"href":"https:\/\/shop.kustom.ch\/fr\/wp-json\/wp\/v2\/product"}],"about":[{"href":"https:\/\/shop.kustom.ch\/fr\/wp-json\/wp\/v2\/types\/product"}],"wp:featuredmedia":[{"embeddable":true,"href":"https:\/\/shop.kustom.ch\/fr\/wp-json\/wp\/v2\/media\/590248"}],"wp:attachment":[{"href":"https:\/\/shop.kustom.ch\/fr\/wp-json\/wp\/v2\/media?parent=590200"}],"wp:term":[{"taxonomy":"product_brand","embeddable":true,"href":"https:\/\/shop.kustom.ch\/fr\/wp-json\/wp\/v2\/product_brand?post=590200"},{"taxonomy":"product_cat","embeddable":true,"href":"https:\/\/shop.kustom.ch\/fr\/wp-json\/wp\/v2\/product_cat?post=590200"},{"taxonomy":"product_tag","embeddable":true,"href":"https:\/\/shop.kustom.ch\/fr\/wp-json\/wp\/v2\/product_tag?post=590200"}],"curies":[{"name":"wp","href":"https:\/\/api.w.org\/{rel}","templated":true}]}}