{"id":590138,"date":"2025-03-04T23:03:55","date_gmt":"2025-03-04T22:03:55","guid":{"rendered":"https:\/\/shop.kustom.ch\/?post_type=product&#038;p=590138"},"modified":"2026-03-31T09:06:50","modified_gmt":"2026-03-31T08:06:50","slug":"shell-jacke","status":"publish","type":"product","link":"https:\/\/shop.kustom.ch\/fr\/produit\/shell-jacke\/","title":{"rendered":"Veste Shell"},"content":{"rendered":"<p>Veste de protection contre les intemp\u00e9ries pratique et facile \u00e0 porter, fabriqu\u00e9e dans une mati\u00e8re stretch lisse, douce et silencieuse, qui vous garantit un grand confort et une grande libert\u00e9 de mouvement. La veste est imperm\u00e9able au vent et \u00e0 l'eau avec des coutures coll\u00e9es et est dot\u00e9e de d\u00e9tails r\u00e9fl\u00e9chissants judicieusement plac\u00e9s sur le devant, le dos, la capuche et les manches pour une visibilit\u00e9 accrue. La doublure en mesh gratt\u00e9 augmente la respirabilit\u00e9 et la membrane du tissu ext\u00e9rieur emp\u00eache l'humidit\u00e9 de p\u00e9n\u00e9trer - pour que vous restiez au sec toute la journ\u00e9e. Certifi\u00e9 selon la norme EN 343.<\/p>\n<p>FERMETURE : Ceinture r\u00e9glable avec cordon de serrage. Poignets avec manchettes int\u00e9rieures. D\u00c9TAILS : fermeture \u00e0 glissi\u00e8re dans la doublure, pour une finition textile facile. Poche pour carte d'identit\u00e9 escamotable. Capuche amovible et r\u00e9glable avec doublure en mesh. Col doubl\u00e9 en polaire. FERMETURE FRONTALE : Fermeture \u00e0 glissi\u00e8re invisible et renforc\u00e9e en plastique. FONCTIONNALIT\u00c9 : A\u00e9ration dans le dos. CARACTERISTIQUES PRINCIPALES : B\u00fbcheron. EN 343. REFLEX : D\u00e9tails r\u00e9fl\u00e9chissants sur le devant, le dos, la capuche et les manches. TISSU : Disponible pour hommes et femmes. rouge. coupe-vent. Vent \/ humidit\u00e9 \/ froid. POCHES : Poches de poitrine avec fermeture \u00e0 glissi\u00e8re. Poche int\u00e9rieure pour documents. Poche pour t\u00e9l\u00e9phone portable \u00e0 l'int\u00e9rieur. Poche int\u00e9rieure en mesh. Poches de rangement avec fermeture \u00e9clair et doublure en polaire. INSTRUCTIONS DE LAVAGE : Ne pas repasser. CERTIFICATION : EN 343, classe 4,4<\/p>\n<p>100% Polyester, serg\u00e9, stretch, enduit, \u00e9tanche \u00e0 l'eau 11.000mm, coupe-vent, respirant Ret 6,3, 150 g\/m\u00b2.<\/p>","protected":false},"excerpt":{"rendered":"<p>Praktische und bewegungsfreundliche Wetterschutz-Jacke aus einem glatten, weichen und leisen Stretch-Material, das Ihnen hohen Tragekomfort und Bewegungsfreiheit gew\u00e4hrleistet. Die Jacke ist wind- und wasserdicht mit verklebten N\u00e4hten und mit geschickt platzierten, reflektierenden Details an Vorderseite, R\u00fccken, Kapuze und \u00c4rmel f\u00fcr erh\u00f6hte Sichtbarkeit ausgestattet. Das aufgeraute Mesh Futter erh\u00f6ht die Atmungsaktivit\u00e4t und die Membrane des Aussenmaterials [&hellip;]<\/p>\n","protected":false},"featured_media":590189,"template":"","meta":[],"product_brand":[],"product_cat":[4186],"product_tag":[],"class_list":{"0":"post-590138","1":"product","2":"type-product","3":"status-publish","4":"has-post-thumbnail","6":"product_cat-jacken","7":"pa_brand-blaklaeder","8":"pa_brand-type-workwear","9":"pa_filter-color-rot","10":"pa_filter-color-schwarz","12":"first","13":"instock","14":"sale","15":"taxable","16":"shipping-taxable","17":"purchasable","18":"product-type-variable","19":"add-to-wishlist-before_image"},"exclude_global_add_ons":[],"addons":[],"acf":[],"_links":{"self":[{"href":"https:\/\/shop.kustom.ch\/fr\/wp-json\/wp\/v2\/product\/590138"}],"collection":[{"href":"https:\/\/shop.kustom.ch\/fr\/wp-json\/wp\/v2\/product"}],"about":[{"href":"https:\/\/shop.kustom.ch\/fr\/wp-json\/wp\/v2\/types\/product"}],"wp:featuredmedia":[{"embeddable":true,"href":"https:\/\/shop.kustom.ch\/fr\/wp-json\/wp\/v2\/media\/590189"}],"wp:attachment":[{"href":"https:\/\/shop.kustom.ch\/fr\/wp-json\/wp\/v2\/media?parent=590138"}],"wp:term":[{"taxonomy":"product_brand","embeddable":true,"href":"https:\/\/shop.kustom.ch\/fr\/wp-json\/wp\/v2\/product_brand?post=590138"},{"taxonomy":"product_cat","embeddable":true,"href":"https:\/\/shop.kustom.ch\/fr\/wp-json\/wp\/v2\/product_cat?post=590138"},{"taxonomy":"product_tag","embeddable":true,"href":"https:\/\/shop.kustom.ch\/fr\/wp-json\/wp\/v2\/product_tag?post=590138"}],"curies":[{"name":"wp","href":"https:\/\/api.w.org\/{rel}","templated":true}]}}