{"id":590073,"date":"2025-03-04T23:02:43","date_gmt":"2025-03-04T22:02:43","guid":{"rendered":"https:\/\/shop.kustom.ch\/?post_type=product&#038;p=590073"},"modified":"2026-03-31T09:06:49","modified_gmt":"2026-03-31T08:06:49","slug":"high-vis-shell-jacke","status":"publish","type":"product","link":"https:\/\/shop.kustom.ch\/fr\/produit\/high-vis-shell-jacke\/","title":{"rendered":"Veste High Vis Shell"},"content":{"rendered":"<p>Une veste softshell doubl\u00e9e de mesh, coupe-vent et d\u00e9perlante, avec des coutures scell\u00e9es. Parfait pour les fra\u00eeches journ\u00e9es d'automne et d'hiver ou pour les temp\u00e9ratures plus glaciales avec une couche suppl\u00e9mentaire de polaire en dessous. Avec capuche amovible et r\u00e9glable, dos rallong\u00e9 et poche pour carte d'identit\u00e9 escamotable. Certifi\u00e9 selon la norme EN ISO 20471, v\u00eatement de signalisation \u00e0 haute visibilit\u00e9, XS-S classe 2, M et plus classe 3.<\/p>\n<p>FERMETURE : Dos rallong\u00e9. Poignets avec manchettes int\u00e9rieures. D\u00c9TAILS : fermeture \u00e0 glissi\u00e8re dans la doublure, pour une finition textile facile. Poche pour carte d'identit\u00e9 escamotable. Capuche amovible et r\u00e9glable avec doublure en mesh. Col doubl\u00e9 en polaire. FERMETURE FRONTALE : Patte \u00e0 vent avec doublure en polaire \u00e0 l'int\u00e9rieur. FONCTIONNALIT\u00c9 : A\u00e9rations dans le dos. TRAVAILLEURS PRINCIPAUX : Travailleurs de la route et du b\u00e2timent. EN ISO 20471. R\u00c9FLEXE : Bandes r\u00e9fl\u00e9chissantes de transfert de 50 mm de large. TISSU : Disponible pour hommes et femmes. Jaune haute visibilit\u00e9. Imperm\u00e9able \u00e0 l'eau. Protection haute visibilit\u00e9. POCHES : Poche de poitrine avec fermeture \u00e0 glissi\u00e8re. Poche pour documents \u00e0 l'avant. Poche int\u00e9rieure en mesh. Poches de rangement avec fermeture \u00e9clair et doublure en polaire. INSTRUCTIONS DE LAVAGE : Nombre de lavages : 20. Ne pas essorer. CERTIFICATION : EN 343, classe 4,4. EN ISO 20471, XS-S classe 2, M et plus classe 3.<\/p>\n<p>100% Polyester, serg\u00e9, stretch, enduit, \u00e9tanche \u00e0 l'eau 11.000mm, coupe-vent, respirant Ret 6,3, 150 g\/m\u00b2.<\/p>","protected":false},"excerpt":{"rendered":"<p>Eine Mesh-gef\u00fctterte, wind- und wasserabweisende Softshell-Jacke mit versiegelten N\u00e4hten. Perfekt f\u00fcr k\u00fchle Herbst- und Wintertage oder bei frostigeren Temperaturen mit einer Extra-Fleece-Lage darunter. Mit abnehmbarer und verstellbarer Kapuze, verl\u00e4ngertem R\u00fccken und versenkbarer Ausweistasche. Zertifiziert nach EN ISO 20471, Warnschutzkleidung mit hoher Sichtbarkeit, XS-S Klasse 2, M und h\u00f6her Klasse 3. ABSCHLUSS: Verl\u00e4ngerter R\u00fccken. \u00c4rmelb\u00fcndchen mit [&hellip;]<\/p>\n","protected":false},"featured_media":590116,"template":"","meta":[],"product_brand":[],"product_cat":[4186],"product_tag":[],"class_list":{"0":"post-590073","1":"product","2":"type-product","3":"status-publish","4":"has-post-thumbnail","6":"product_cat-jacken","7":"pa_brand-blaklaeder","8":"pa_brand-type-workwear","9":"pa_filter-color-blau","10":"pa_filter-color-gelb","11":"pa_filter-color-grau","12":"pa_filter-color-orange","13":"pa_filter-color-rot","14":"pa_filter-color-schwarz","16":"first","17":"instock","18":"sale","19":"taxable","20":"shipping-taxable","21":"purchasable","22":"product-type-variable","23":"add-to-wishlist-before_image"},"exclude_global_add_ons":[],"addons":[],"acf":[],"_links":{"self":[{"href":"https:\/\/shop.kustom.ch\/fr\/wp-json\/wp\/v2\/product\/590073"}],"collection":[{"href":"https:\/\/shop.kustom.ch\/fr\/wp-json\/wp\/v2\/product"}],"about":[{"href":"https:\/\/shop.kustom.ch\/fr\/wp-json\/wp\/v2\/types\/product"}],"wp:featuredmedia":[{"embeddable":true,"href":"https:\/\/shop.kustom.ch\/fr\/wp-json\/wp\/v2\/media\/590116"}],"wp:attachment":[{"href":"https:\/\/shop.kustom.ch\/fr\/wp-json\/wp\/v2\/media?parent=590073"}],"wp:term":[{"taxonomy":"product_brand","embeddable":true,"href":"https:\/\/shop.kustom.ch\/fr\/wp-json\/wp\/v2\/product_brand?post=590073"},{"taxonomy":"product_cat","embeddable":true,"href":"https:\/\/shop.kustom.ch\/fr\/wp-json\/wp\/v2\/product_cat?post=590073"},{"taxonomy":"product_tag","embeddable":true,"href":"https:\/\/shop.kustom.ch\/fr\/wp-json\/wp\/v2\/product_tag?post=590073"}],"curies":[{"name":"wp","href":"https:\/\/api.w.org\/{rel}","templated":true}]}}