{"id":590050,"date":"2025-03-04T23:02:10","date_gmt":"2025-03-04T22:02:10","guid":{"rendered":"https:\/\/shop.kustom.ch\/?post_type=product&#038;p=590050"},"modified":"2026-03-31T09:06:40","modified_gmt":"2026-03-31T08:06:40","slug":"damen-kapuzenjacke","status":"publish","type":"product","link":"https:\/\/shop.kustom.ch\/fr\/produit\/damen-kapuzenjacke\/","title":{"rendered":"Veste \u00e0 capuche pour femmes"},"content":{"rendered":"<p>Une veste \u00e0 capuche pour femmes avec une capuche fixe, ajustable et doubl\u00e9e Pile qui est douce et confortable au toucher. Les fermetures \u00e0 glissi\u00e8re robustes et les poignets et l'ourlet assurent la stabilit\u00e9. <\/p>\n<p>FERMETURE : Ceinture \u00e0 c\u00f4tes. Finition des manches avec poignets. D\u00c9TAILS : Capuche fixe et r\u00e9glable. \u00c9tiquette cousue sur les manches. FERMETURE FRONTALE : Patte de boutonnage avec doublure en polaire \u00e0 l'int\u00e9rieur. FONCTIONNALIT\u00c9 : Taille pour femmes. CARACTERISTIQUES PRINCIPALES : Artisan. Femmes . TISSU : femmes. noir. Vent \/ humidit\u00e9 \/ froid. POCHES : Poches avant avec fermetures \u00e0 glissi\u00e8re. INSTRUCTIONS DE LAVAGE : Ne pas repasser.<\/p>\n<p>100% polyester, 2 couches de tricot et sherpa li\u00e9 430 g\/m<\/p>","protected":false},"excerpt":{"rendered":"<p>Eine Kapuzenjacke f\u00fcr Damen mit einer festen, einstellbaren und Pile gef\u00fctterten Kapuze, die sich weich und bequem anf\u00fchlt. Robuste Reissverschl\u00fcsse und B\u00fcndchen an \u00c4rmeln und Saum bieten Stabilit\u00e4t. ABSCHLUSS: Gerippter Bund. Armabschluss mit B\u00fcndchen. DETAILS: Feste, verstellbare Kapuze. Aufgen\u00e4htes Label auf den \u00c4rmeln. FRONTVERSCHLUSS: Windleiste mit Fleecefutter innen. FUNKTIONALIT\u00c4T: Damengr\u00f6sse. HAUPTEIGENSCHAFTEN: Handwerker. Damen. STOFF: Damen. [&hellip;]<\/p>\n","protected":false},"featured_media":590112,"template":"","meta":[],"product_brand":[],"product_cat":[4184],"product_tag":[],"class_list":{"0":"post-590050","1":"product","2":"type-product","3":"status-publish","4":"has-post-thumbnail","6":"product_cat-hoodies-pullover","7":"pa_brand-blaklaeder","8":"pa_brand-type-workwear","9":"pa_filter-color-schwarz","11":"first","12":"instock","13":"sale","14":"taxable","15":"shipping-taxable","16":"purchasable","17":"product-type-variable","18":"add-to-wishlist-before_image"},"exclude_global_add_ons":[],"addons":[],"acf":[],"_links":{"self":[{"href":"https:\/\/shop.kustom.ch\/fr\/wp-json\/wp\/v2\/product\/590050"}],"collection":[{"href":"https:\/\/shop.kustom.ch\/fr\/wp-json\/wp\/v2\/product"}],"about":[{"href":"https:\/\/shop.kustom.ch\/fr\/wp-json\/wp\/v2\/types\/product"}],"wp:featuredmedia":[{"embeddable":true,"href":"https:\/\/shop.kustom.ch\/fr\/wp-json\/wp\/v2\/media\/590112"}],"wp:attachment":[{"href":"https:\/\/shop.kustom.ch\/fr\/wp-json\/wp\/v2\/media?parent=590050"}],"wp:term":[{"taxonomy":"product_brand","embeddable":true,"href":"https:\/\/shop.kustom.ch\/fr\/wp-json\/wp\/v2\/product_brand?post=590050"},{"taxonomy":"product_cat","embeddable":true,"href":"https:\/\/shop.kustom.ch\/fr\/wp-json\/wp\/v2\/product_cat?post=590050"},{"taxonomy":"product_tag","embeddable":true,"href":"https:\/\/shop.kustom.ch\/fr\/wp-json\/wp\/v2\/product_tag?post=590050"}],"curies":[{"name":"wp","href":"https:\/\/api.w.org\/{rel}","templated":true}]}}