{"id":590032,"date":"2025-03-04T23:02:07","date_gmt":"2025-03-04T22:02:07","guid":{"rendered":"https:\/\/shop.kustom.ch\/?post_type=product&#038;p=590032"},"modified":"2026-03-31T09:06:40","modified_gmt":"2026-03-31T08:06:40","slug":"damen-microfleece-jacke","status":"publish","type":"product","link":"https:\/\/shop.kustom.ch\/fr\/produit\/damen-microfleece-jacke\/","title":{"rendered":"Veste en micropolaire pour femmes"},"content":{"rendered":"<p>Une veste en micropolaire qui peut aussi \u00eatre utilis\u00e9e comme deuxi\u00e8me couche avec des d\u00e9tails r\u00e9fl\u00e9chissants discontinus et des inserts en haute visibilit\u00e9 pour une meilleure visibilit\u00e9. Cette veste pour femmes tient le froid \u00e0 l'\u00e9cart et donne une sensation de bien-\u00eatre gr\u00e2ce \u00e0 son mat\u00e9riau. Pour une coupe optimale, le dos est allong\u00e9 et des poignets \u00e9lastiques se trouvent sur les manches et l'ourlet. Le col est doubl\u00e9 en polaire et la veste dispose d'une fermeture \u00e9clair \u00e0 double sens. <\/p>\n<p>FERMETURE : Bande \u00e9lastique dans l'ourlet inf\u00e9rieur. Poignets avec \u00e9lastique. D\u00c9TAILS : Col doubl\u00e9 en polaire. Empi\u00e8cements en haute visibilit\u00e9, pour une meilleure visibilit\u00e9. FERMETURE FRONTALE : Fermeture \u00e0 glissi\u00e8re plastique \u00e0 double sens. CARACT\u00c9RISTIQUES PRINCIPALES : Artisan. REFLEX : r\u00e9flecteurs sur les \u00e9paules et les manches. TISSU : Disponible pour hommes et femmes. Jaune. Fermeture \u00e9clair \u00e0 double sens. Vent \/ humidit\u00e9 \/ froid. POCHES : Poches avant zipp\u00e9es et deux poches int\u00e9rieures. INSTRUCTIONS DE LAVAGE : Ne pas nettoyer \u00e0 sec. CERTIFICATION : Non certifi\u00e9e High Vis.<\/p>\n<p>100 % polyester, micropolaire, anti-boulochage, 170 g\/m<\/p>","protected":false},"excerpt":{"rendered":"<p>Eine Microfleece Jacke, die auch als zweite Lage mit unterbrochenen Reflexdetails und Eins\u00e4tzen in High Vis f\u00fcr h\u00f6here Sichtbarkeit genutzt werden kann. Die Damen Jacke h\u00e4lt die K\u00e4lte fern und gibt dank des Materials ein gutes Gef\u00fchl. F\u00fcr eine optimale Passform ist der R\u00fccken verl\u00e4ngert und elastische B\u00fcndchen sind an den \u00c4rmeln und am Saum [&hellip;]<\/p>\n","protected":false},"featured_media":590080,"template":"","meta":[],"product_brand":[],"product_cat":[4186],"product_tag":[],"class_list":{"0":"post-590032","1":"product","2":"type-product","3":"status-publish","4":"has-post-thumbnail","6":"product_cat-jacken","7":"pa_brand-blaklaeder","8":"pa_brand-type-workwear","9":"pa_filter-color-blau","10":"pa_filter-color-gelb","11":"pa_filter-color-schwarz","13":"first","14":"instock","15":"sale","16":"taxable","17":"shipping-taxable","18":"purchasable","19":"product-type-variable","20":"add-to-wishlist-before_image"},"exclude_global_add_ons":[],"addons":[],"acf":[],"_links":{"self":[{"href":"https:\/\/shop.kustom.ch\/fr\/wp-json\/wp\/v2\/product\/590032"}],"collection":[{"href":"https:\/\/shop.kustom.ch\/fr\/wp-json\/wp\/v2\/product"}],"about":[{"href":"https:\/\/shop.kustom.ch\/fr\/wp-json\/wp\/v2\/types\/product"}],"wp:featuredmedia":[{"embeddable":true,"href":"https:\/\/shop.kustom.ch\/fr\/wp-json\/wp\/v2\/media\/590080"}],"wp:attachment":[{"href":"https:\/\/shop.kustom.ch\/fr\/wp-json\/wp\/v2\/media?parent=590032"}],"wp:term":[{"taxonomy":"product_brand","embeddable":true,"href":"https:\/\/shop.kustom.ch\/fr\/wp-json\/wp\/v2\/product_brand?post=590032"},{"taxonomy":"product_cat","embeddable":true,"href":"https:\/\/shop.kustom.ch\/fr\/wp-json\/wp\/v2\/product_cat?post=590032"},{"taxonomy":"product_tag","embeddable":true,"href":"https:\/\/shop.kustom.ch\/fr\/wp-json\/wp\/v2\/product_tag?post=590032"}],"curies":[{"name":"wp","href":"https:\/\/api.w.org\/{rel}","templated":true}]}}