{"id":590010,"date":"2025-03-04T23:01:37","date_gmt":"2025-03-04T22:01:37","guid":{"rendered":"https:\/\/shop.kustom.ch\/?post_type=product&#038;p=590010"},"modified":"2026-03-31T09:06:39","modified_gmt":"2026-03-31T08:06:39","slug":"leichte-gefuetterte-damen-winterjacke","status":"publish","type":"product","link":"https:\/\/shop.kustom.ch\/fr\/produit\/leichte-gefuetterte-damen-winterjacke\/","title":{"rendered":"Veste d'hiver l\u00e9g\u00e8re et doubl\u00e9e pour femmes"},"content":{"rendered":"<p>Une veste l\u00e9g\u00e8rement doubl\u00e9e pour femmes avec une doublure AirMesh, id\u00e9ale pour les conditions m\u00e9t\u00e9orologiques un peu plus fra\u00eeches. Gr\u00e2ce \u00e0 sa construction, l'AirMesh isole dans des conditions froides tout en respirant et en \u00e9vacuant l'humidit\u00e9. Cela donne au v\u00eatement une meilleure coupe et une plus grande libert\u00e9 de mouvement. La veste est imperm\u00e9able au vent et \u00e0 l'eau avec une respirabilit\u00e9 et des coutures coll\u00e9es. La veste bicolore est \u00e9quip\u00e9e d'une fermeture \u00e9clair \u00e0 double sens, de d\u00e9tails r\u00e9fl\u00e9chissants et d'une capuche amovible. Elle fait partie de la collection Unite et est disponible en trois combinaisons de couleurs diff\u00e9rentes. Certifi\u00e9e selon la norme EN 343.<\/p>\n<p>FERMETURE : Ceinture r\u00e9glable avec cordon de serrage. Poignets r\u00e9glables. D\u00c9TAILS : fermeture \u00e0 glissi\u00e8re dans la doublure, pour une finition textile facile. Logo imprim\u00e9 sur la poitrine. Capuche amovible et r\u00e9glable avec doublure en mesh. FERMETURE FRONTALE : fermeture \u00e0 glissi\u00e8re plastique \u00e0 double sens. FONCTIONNALIT\u00c9 : Mat\u00e9riau coupe-vent &amp; imperm\u00e9able avec respirabilit\u00e9, coutures soud\u00e9es. CARACT\u00c9RISTIQUES PRINCIPALES : Artisan. EN 343. REFLEX : Impression r\u00e9fl\u00e9chissante sur les manches et la capuche. TISSU : Disponible pour hommes et femmes. coupe-vent. Vent \/ humidit\u00e9 \/ froid. POCHES : Poches de poitrine avec fermeture \u00e0 glissi\u00e8re. Poches avant avec fermetures \u00e0 glissi\u00e8re. INSTRUCTIONS DE LAVAGE : ne pas repasser. CERTIFICATION : EN 343, classe 3.2<\/p>\n<p>100% Polyester, Oxford, enduit, imperm\u00e9able 15.000 mm, coupe-vent, respirant Ret 8,5, 200g\/m<\/p>","protected":false},"excerpt":{"rendered":"<p>Eine leicht gef\u00fctterte Jacke f\u00fcr Damen mit AirMesh Futter, das ideal f\u00fcr etwas k\u00fchlere Wetterbedingungen geeignet ist. Dank seiner Konstruktion isoliert das AirMesh unter kalten Bedingungen w\u00e4hrend es atmet und Feuchtigkeit transportiert. Dies gibt dem Kleidungsst\u00fcck eine bessere Passform und Bewegungsfreiheit. Die Jacke ist wind- und wasserdicht mit Atmungsaktivit\u00e4t und verklebten N\u00e4hten. Die zweifarbige Jacke [&hellip;]<\/p>\n","protected":false},"featured_media":590058,"template":"","meta":[],"product_brand":[],"product_cat":[4186],"product_tag":[],"class_list":{"0":"post-590010","1":"product","2":"type-product","3":"status-publish","4":"has-post-thumbnail","6":"product_cat-jacken","7":"pa_brand-blaklaeder","8":"pa_brand-type-workwear","9":"pa_filter-color-blau","10":"pa_filter-color-gelb","12":"first","13":"instock","14":"sale","15":"taxable","16":"shipping-taxable","17":"purchasable","18":"product-type-variable","19":"add-to-wishlist-before_image"},"exclude_global_add_ons":[],"addons":[],"acf":[],"_links":{"self":[{"href":"https:\/\/shop.kustom.ch\/fr\/wp-json\/wp\/v2\/product\/590010"}],"collection":[{"href":"https:\/\/shop.kustom.ch\/fr\/wp-json\/wp\/v2\/product"}],"about":[{"href":"https:\/\/shop.kustom.ch\/fr\/wp-json\/wp\/v2\/types\/product"}],"wp:featuredmedia":[{"embeddable":true,"href":"https:\/\/shop.kustom.ch\/fr\/wp-json\/wp\/v2\/media\/590058"}],"wp:attachment":[{"href":"https:\/\/shop.kustom.ch\/fr\/wp-json\/wp\/v2\/media?parent=590010"}],"wp:term":[{"taxonomy":"product_brand","embeddable":true,"href":"https:\/\/shop.kustom.ch\/fr\/wp-json\/wp\/v2\/product_brand?post=590010"},{"taxonomy":"product_cat","embeddable":true,"href":"https:\/\/shop.kustom.ch\/fr\/wp-json\/wp\/v2\/product_cat?post=590010"},{"taxonomy":"product_tag","embeddable":true,"href":"https:\/\/shop.kustom.ch\/fr\/wp-json\/wp\/v2\/product_tag?post=590010"}],"curies":[{"name":"wp","href":"https:\/\/api.w.org\/{rel}","templated":true}]}}