{"id":589988,"date":"2025-03-04T23:01:04","date_gmt":"2025-03-04T22:01:04","guid":{"rendered":"https:\/\/shop.kustom.ch\/?post_type=product&#038;p=589988"},"modified":"2026-03-31T09:06:33","modified_gmt":"2026-03-31T08:06:33","slug":"damen-multinorm-jacke-inhaerent","status":"publish","type":"product","link":"https:\/\/shop.kustom.ch\/fr\/produit\/damen-multinorm-jacke-inhaerent\/","title":{"rendered":"Veste multinorme pour femmes Inh\u00e9rent"},"content":{"rendered":"<p>Veste ignifug\u00e9e pour femmes, fabriqu\u00e9e dans un mat\u00e9riau ripstop durable avec une bonne r\u00e9sistance \u00e0 la d\u00e9chirure, pour r\u00e9sister aux conditions de travail difficiles. Cette veste r\u00e9sistante \u00e0 l'huile, \u00e0 la salet\u00e9 et \u00e0 l'eau pr\u00e9sente des d\u00e9tails intelligents tels que des poches doubles sur la poitrine avec fermeture \u00e0 glissi\u00e8re dissimul\u00e9e, un dos allong\u00e9 et un ourlet r\u00e9glable avec fermeture velcro pour un ajustement confortable. Elle poss\u00e8de des bandes r\u00e9fl\u00e9chissantes cousues r\u00e9sistantes aux flammes, des fermetures velcro sur les manches et un col haut pour une bonne protection. Test\u00e9 et approuv\u00e9 pour 50 lavages. Certifi\u00e9 selon les normes EN 1149-5, EN ISO 11611, EN 13034, EN ISO 20471, EN ISO 11612, IEC 61482-2. ATPV : 11 cal\/cm\u00b2.<\/p>\n<p>FERMETURE : Ceinture r\u00e9glable avec fermeture velcro. Poignets r\u00e9glables avec boutons-pression. D\u00c9TAILS : \u00c9tiquettes de certification ext\u00e9rieures. Boutons en plastique. Col haut avec fermeture \u00e0 glissi\u00e8re. Boucles de chaque c\u00f4t\u00e9 de la poitrine pour d\u00e9tecteur de gaz\/oxyg\u00e9nom\u00e8tre\/microphone. FERMETURE FRONTALE : Fermeture frontale avec boutons-pression en plastique dissimul\u00e9s. FONCTIONNALIT\u00c9 : R\u00e9sistant \u00e0 l'huile, \u00e0 la salet\u00e9 et \u00e0 l'eau. CARACT\u00c9RISTIQUES PRINCIPALES : Artisan. EN ISO 11612. REFLEX : Bandes r\u00e9fl\u00e9chissantes ignifuges avec doubles coutures. TISSU : Disponible pour hommes et femmes. Jaune haute visibilit\u00e9. Ne contient pas de m\u00e9tal. R\u00e9sistant aux flammes. POCHES : Poche poitrine avec anneau en D. Poches avant avec rabat et bouton-pression. INSTRUCTIONS DE LAVAGE : Ne pas repasser. CERTIFICATION : ATPV Rating : 32 cal\/cm\u00b2, CAT 3. 50 lavages maximum. EN 13034 PB (6). ATPV - 11 cal\/cm\u00b2. Max. 50 cycles de lavage. Max. 50 cycles de lavage. Groupe de certification C<\/p>\n<p>44% Modacrylique, 30% Coton, 20% FR Polyamide, 5% Aramide, 1% antistatique, Ripstop, ignifug\u00e9, antistatique, 260 g\/m<\/p>","protected":false},"excerpt":{"rendered":"<p>Flammschutz Damenjacke aus einen haltbaren Ripstop Material mit guter Reissfestigkeit, um die strapazierenden Anforderungen bei der Arbeit zu \u00fcberstehen. Die \u00f6l-, schmutz- und wasserabweisende Jacke hat intelligente Details wie doppelte Brusttaschen mit verdecktem Reissverschluss, einen verl\u00e4ngerten R\u00fccken und einen einstellbaren Saum mit Klettverschluss f\u00fcr einen bequemen Sitz. Sie hat flammfeste, aufgen\u00e4hte Reflexstreifen, Klettverschl\u00fcsse an den [&hellip;]<\/p>\n","protected":false},"featured_media":590029,"template":"","meta":[],"product_brand":[],"product_cat":[4186],"product_tag":[],"class_list":{"0":"post-589988","1":"product","2":"type-product","3":"status-publish","4":"has-post-thumbnail","6":"product_cat-jacken","7":"pa_brand-blaklaeder","8":"pa_brand-type-workwear","9":"pa_filter-color-blau","10":"pa_filter-color-gelb","12":"first","13":"instock","14":"sale","15":"taxable","16":"shipping-taxable","17":"purchasable","18":"product-type-variable","19":"add-to-wishlist-before_image"},"exclude_global_add_ons":[],"addons":[],"acf":[],"_links":{"self":[{"href":"https:\/\/shop.kustom.ch\/fr\/wp-json\/wp\/v2\/product\/589988"}],"collection":[{"href":"https:\/\/shop.kustom.ch\/fr\/wp-json\/wp\/v2\/product"}],"about":[{"href":"https:\/\/shop.kustom.ch\/fr\/wp-json\/wp\/v2\/types\/product"}],"wp:featuredmedia":[{"embeddable":true,"href":"https:\/\/shop.kustom.ch\/fr\/wp-json\/wp\/v2\/media\/590029"}],"wp:attachment":[{"href":"https:\/\/shop.kustom.ch\/fr\/wp-json\/wp\/v2\/media?parent=589988"}],"wp:term":[{"taxonomy":"product_brand","embeddable":true,"href":"https:\/\/shop.kustom.ch\/fr\/wp-json\/wp\/v2\/product_brand?post=589988"},{"taxonomy":"product_cat","embeddable":true,"href":"https:\/\/shop.kustom.ch\/fr\/wp-json\/wp\/v2\/product_cat?post=589988"},{"taxonomy":"product_tag","embeddable":true,"href":"https:\/\/shop.kustom.ch\/fr\/wp-json\/wp\/v2\/product_tag?post=589988"}],"curies":[{"name":"wp","href":"https:\/\/api.w.org\/{rel}","templated":true}]}}