{"id":589970,"date":"2025-03-04T23:01:00","date_gmt":"2025-03-04T22:01:00","guid":{"rendered":"https:\/\/shop.kustom.ch\/?post_type=product&#038;p=589970"},"modified":"2026-03-31T09:06:32","modified_gmt":"2026-03-31T08:06:32","slug":"damen-high-vis-strickjacke","status":"publish","type":"product","link":"https:\/\/shop.kustom.ch\/fr\/produit\/damen-high-vis-strickjacke\/","title":{"rendered":"Veste en tricot haute visibilit\u00e9 pour femmes"},"content":{"rendered":"<p>Veste haute visibilit\u00e9 \u00e9l\u00e9gante en tissu tricot\u00e9 confortable, con\u00e7ue pour la silhouette f\u00e9minine. Des bandes r\u00e9fl\u00e9chissantes discontinues assurent une meilleure respirabilit\u00e9 et mobilit\u00e9. La veste est dot\u00e9e de fermetures \u00e0 glissi\u00e8re et est renforc\u00e9e par du tissu Softshell aux \u00e9paules, aux manches et \u00e0 l'ourlet arri\u00e8re, ce qui augmente sa durabilit\u00e9. C'est une veste id\u00e9ale pour les loisirs et le travail. Certifi\u00e9e selon la norme EN ISO 20471, classe 2.<\/p>\n<p>FERMETURE : Dos rallong\u00e9. Poignets avec \u00e9lastique. D\u00c9TAILS : Capuche fixe. FERMETURE FRONTALE : Fermeture \u00e0 glissi\u00e8re plastique \u00e0 double sens. FONCTIONNALIT\u00c9 : Taille femme. CARACT\u00c9RISTIQUES PRINCIPALES : Jardinier. EN ISO 20471. REFLEX : Bandes r\u00e9fl\u00e9chissantes de transfert de 50 mm de large. TISSU : Femme. Jaune haute visibilit\u00e9. Protection haute visibilit\u00e9. POCHES : Poche de poitrine avec fermeture \u00e0 glissi\u00e8re. Poches frontales, dont une avec anneau en D. CONSEILS DE LAVAGE : Nombre de lavages : 20. Ne pas blanchir. RENFORCEMENT : Renforc\u00e9 aux \u00e9paules, aux manches et sur les c\u00f4t\u00e9s. CERTIFICATION : Groupe de certification B<\/p>\n<p>100% Polyester, tricot grossier, bross\u00e9 d'un c\u00f4t\u00e9, 380 g\/m<\/p>","protected":false},"excerpt":{"rendered":"<p>Stylische High Vis Jacke aus einem bequemen Strickgewebe, entworfen f\u00fcr die weibliche Figur. Unterbrochene Reflexstreifen sorgen f\u00fcr mehr Atmungsaktivit\u00e4t und Mobilit\u00e4t. Die Jacke hat Reissverschl\u00fcsse und ist mit Softshell Stoff an den Schultern, \u00c4rmeln und am Hintersaum verst\u00e4rkt, wodurch sich die Haltbarkeit erh\u00f6ht. Dies ist eine tolle Jacke f\u00fcr Freizeit und Beruf. Zertifiziert nach der [&hellip;]<\/p>\n","protected":false},"featured_media":590026,"template":"","meta":[],"product_brand":[],"product_cat":[4186],"product_tag":[],"class_list":{"0":"post-589970","1":"product","2":"type-product","3":"status-publish","4":"has-post-thumbnail","6":"product_cat-jacken","7":"pa_brand-blaklaeder","8":"pa_brand-type-workwear","9":"pa_filter-color-blau","10":"pa_filter-color-gelb","11":"pa_filter-color-schwarz","13":"first","14":"instock","15":"sale","16":"taxable","17":"shipping-taxable","18":"purchasable","19":"product-type-variable","20":"add-to-wishlist-before_image"},"exclude_global_add_ons":[],"addons":[],"acf":[],"_links":{"self":[{"href":"https:\/\/shop.kustom.ch\/fr\/wp-json\/wp\/v2\/product\/589970"}],"collection":[{"href":"https:\/\/shop.kustom.ch\/fr\/wp-json\/wp\/v2\/product"}],"about":[{"href":"https:\/\/shop.kustom.ch\/fr\/wp-json\/wp\/v2\/types\/product"}],"wp:featuredmedia":[{"embeddable":true,"href":"https:\/\/shop.kustom.ch\/fr\/wp-json\/wp\/v2\/media\/590026"}],"wp:attachment":[{"href":"https:\/\/shop.kustom.ch\/fr\/wp-json\/wp\/v2\/media?parent=589970"}],"wp:term":[{"taxonomy":"product_brand","embeddable":true,"href":"https:\/\/shop.kustom.ch\/fr\/wp-json\/wp\/v2\/product_brand?post=589970"},{"taxonomy":"product_cat","embeddable":true,"href":"https:\/\/shop.kustom.ch\/fr\/wp-json\/wp\/v2\/product_cat?post=589970"},{"taxonomy":"product_tag","embeddable":true,"href":"https:\/\/shop.kustom.ch\/fr\/wp-json\/wp\/v2\/product_tag?post=589970"}],"curies":[{"name":"wp","href":"https:\/\/api.w.org\/{rel}","templated":true}]}}