{"id":589946,"date":"2025-03-04T23:00:29","date_gmt":"2025-03-04T22:00:29","guid":{"rendered":"https:\/\/shop.kustom.ch\/?post_type=product&#038;p=589946"},"modified":"2026-03-31T09:06:31","modified_gmt":"2026-03-31T08:06:31","slug":"damen-high-vis-microfleece-jacke","status":"publish","type":"product","link":"https:\/\/shop.kustom.ch\/fr\/produit\/damen-high-vis-microfleece-jacke\/","title":{"rendered":"Veste en micropolaire haute visibilit\u00e9 pour femmes"},"content":{"rendered":"<p>Une veste l\u00e9g\u00e8re et confortable, fabriqu\u00e9e en polaire anti-boulochage. Elle est id\u00e9ale \u00e0 porter comme v\u00eatement de dessus l\u00e9ger ou comme deuxi\u00e8me couche. La veste a un col haut, une fermeture \u00e0 glissi\u00e8re et de larges bandes r\u00e9fl\u00e9chissantes \u00e9lastiques sur le torse, les bras et les \u00e9paules pour une meilleure visibilit\u00e9. Certifi\u00e9e selon la norme EN ISO 20471, XS-M classe 2, L-&gt; classe 3.<\/p>\n<p>FERMETURE : Bande \u00e9lastique dans l'ourlet inf\u00e9rieur. Poignets avec \u00e9lastique. D\u00c9TAILS : Impression - Bl\u00e5kl\u00e4der. Col haut avec fermeture \u00e0 glissi\u00e8re. FERMETURE FRONTALE : Patte \u00e0 vent \u00e0 l'int\u00e9rieur. FONCTIONNALIT\u00c9 : Taille femme. CARACT\u00c9RISTIQUES PRINCIPALES : Artisan. EN ISO 20471. REFLEX : Mat\u00e9riau r\u00e9fl\u00e9chissant sur le torse, les manches et les \u00e9paules. TISSU : Disponible pour hommes et femmes. Jaune haute visibilit\u00e9. Protection haute visibilit\u00e9. POCHES : Poches avant avec fermetures \u00e0 glissi\u00e8re. INSTRUCTIONS DE LAVAGE : Nombre de lavages : 25. 60\u00b0 C. CERTIFICATION : EN ISO 20471, XS-M classe 2, L-&gt; classe 3<\/p>\n<p>100 % polyester, micropolaire, anti-boulochage, 170 g\/m<\/p>","protected":false},"excerpt":{"rendered":"<p>Eine leichte und bequeme Jacke, die aus einem Antipilling Fleece besteht. Sie ist ideal als leichte Oberbekleidung oder als zweite Lage zu tragen. Die Jacke hat einen hohen Kragen, einen Reissverschluss und breite elastische Reflexstreifen am Oberk\u00f6rper, den Armen und Schultern f\u00fcr eine bessere Sichtbarkeit. Zertifiziert nach EN ISO 20471, XS-M Klasse 2, L-&gt; Klasse [&hellip;]<\/p>\n","protected":false},"featured_media":590000,"template":"","meta":[],"product_brand":[],"product_cat":[4186],"product_tag":[],"class_list":{"0":"post-589946","1":"product","2":"type-product","3":"status-publish","4":"has-post-thumbnail","6":"product_cat-jacken","7":"pa_brand-blaklaeder","8":"pa_brand-type-workwear","9":"pa_filter-color-gelb","10":"pa_filter-color-orange","11":"pa_filter-color-rot","13":"first","14":"instock","15":"sale","16":"taxable","17":"shipping-taxable","18":"purchasable","19":"product-type-variable","20":"add-to-wishlist-before_image"},"exclude_global_add_ons":[],"addons":[],"acf":[],"_links":{"self":[{"href":"https:\/\/shop.kustom.ch\/fr\/wp-json\/wp\/v2\/product\/589946"}],"collection":[{"href":"https:\/\/shop.kustom.ch\/fr\/wp-json\/wp\/v2\/product"}],"about":[{"href":"https:\/\/shop.kustom.ch\/fr\/wp-json\/wp\/v2\/types\/product"}],"wp:featuredmedia":[{"embeddable":true,"href":"https:\/\/shop.kustom.ch\/fr\/wp-json\/wp\/v2\/media\/590000"}],"wp:attachment":[{"href":"https:\/\/shop.kustom.ch\/fr\/wp-json\/wp\/v2\/media?parent=589946"}],"wp:term":[{"taxonomy":"product_brand","embeddable":true,"href":"https:\/\/shop.kustom.ch\/fr\/wp-json\/wp\/v2\/product_brand?post=589946"},{"taxonomy":"product_cat","embeddable":true,"href":"https:\/\/shop.kustom.ch\/fr\/wp-json\/wp\/v2\/product_cat?post=589946"},{"taxonomy":"product_tag","embeddable":true,"href":"https:\/\/shop.kustom.ch\/fr\/wp-json\/wp\/v2\/product_tag?post=589946"}],"curies":[{"name":"wp","href":"https:\/\/api.w.org\/{rel}","templated":true}]}}