{"id":589903,"date":"2025-03-04T22:59:53","date_gmt":"2025-03-04T21:59:53","guid":{"rendered":"https:\/\/shop.kustom.ch\/?post_type=product&#038;p=589903"},"modified":"2026-03-31T09:06:25","modified_gmt":"2026-03-31T08:06:25","slug":"winddichte-fleecejacke","status":"publish","type":"product","link":"https:\/\/shop.kustom.ch\/fr\/produit\/winddichte-fleecejacke\/","title":{"rendered":"Veste polaire coupe-vent"},"content":{"rendered":"<p>Veste polaire coupe-vent, respirante et robuste. Pour une r\u00e9sistance \u00e0 l'abrasion extr\u00eamement \u00e9lev\u00e9e, cette veste polaire est dot\u00e9e de renforts en CORDURA\u00ae aux endroits expos\u00e9s, comme les \u00e9paules, les coudes et les manches. Des poches fonctionnelles, comme par exemple une poche de poitrine, des poches avant zipp\u00e9es et deux poches int\u00e9rieures, offrent de nombreuses possibilit\u00e9s de rangement. Pour plus de confort, l'ourlet de la veste peut \u00eatre r\u00e9gl\u00e9 \u00e0 l'aide d'un cordon de serrage et les poignets sont munis de passants pour les pouces. De nombreux d\u00e9tails r\u00e9fl\u00e9chissants assurent une meilleure visibilit\u00e9 !<\/p>\n<p>FERMETURE : Ceinture r\u00e9glable avec cordon de serrage. Poignets avec ouverture pour le pouce. D\u00c9TAILS : Anneau en D. Col doubl\u00e9 en polaire. FERMETURE FRONTALE : Fermeture \u00e0 glissi\u00e8re invisible renforc\u00e9e en plastique. FONCTIONNALIT\u00c9 : Coupe-vent et respirant. CARACT\u00c9RISTIQUES PRINCIPALES : Constructeur de b\u00e9ton. REFLEX : D\u00e9tails r\u00e9fl\u00e9chissants. TISSU : Hommes. blanc. coupe-vent. Vent \/ humidit\u00e9 \/ froid. POCHES : Poche de poitrine avec fermeture \u00e9clair. Poches avant zipp\u00e9es et deux poches int\u00e9rieures. INSTRUCTIONS DE LAVAGE : 40\u00b0 C. RENFORCEMENT : Renforc\u00e9 aux \u00e9paules et aux manches.<\/p>\n<p>100% Polyester, polaire, lamin\u00e9, imperm\u00e9able au vent et \u00e0 l'eau, respirant, 280 g\/m<\/p>","protected":false},"excerpt":{"rendered":"<p>Winddichte, atmungsaktive und robuste Fleece-Jacke. F\u00fcr eine extrem hohe Abriebfestigkeit, hat diese Fleece-Jacke CORDURA\u00ae-Verst\u00e4rkungen an exponierten Stellen, wie Schultern, Ellb\u00f6gen und an den \u00c4rmeln. Funktionelle Taschenl\u00f6sungen, wie z.Bsp. eine Brusttasche, Vordertaschen mit Reissverschluss und 2 Innentaschen bieten sehr viele Verstaum\u00f6glichkeiten. F\u00fcr h\u00f6heren Tragekomfort kann der Saum der Jacke mit einem Kordelzug eingestellt werden und die [&hellip;]<\/p>\n","protected":false},"featured_media":589960,"template":"","meta":[],"product_brand":[],"product_cat":[4186],"product_tag":[],"class_list":{"0":"post-589903","1":"product","2":"type-product","3":"status-publish","4":"has-post-thumbnail","6":"product_cat-jacken","7":"pa_brand-blaklaeder","8":"pa_brand-type-workwear","9":"pa_filter-color-blau","10":"pa_filter-color-grau","11":"pa_filter-color-schwarz","12":"pa_filter-color-weiss","14":"first","15":"instock","16":"sale","17":"taxable","18":"shipping-taxable","19":"purchasable","20":"product-type-variable","21":"add-to-wishlist-before_image"},"exclude_global_add_ons":[],"addons":[],"acf":[],"_links":{"self":[{"href":"https:\/\/shop.kustom.ch\/fr\/wp-json\/wp\/v2\/product\/589903"}],"collection":[{"href":"https:\/\/shop.kustom.ch\/fr\/wp-json\/wp\/v2\/product"}],"about":[{"href":"https:\/\/shop.kustom.ch\/fr\/wp-json\/wp\/v2\/types\/product"}],"wp:featuredmedia":[{"embeddable":true,"href":"https:\/\/shop.kustom.ch\/fr\/wp-json\/wp\/v2\/media\/589960"}],"wp:attachment":[{"href":"https:\/\/shop.kustom.ch\/fr\/wp-json\/wp\/v2\/media?parent=589903"}],"wp:term":[{"taxonomy":"product_brand","embeddable":true,"href":"https:\/\/shop.kustom.ch\/fr\/wp-json\/wp\/v2\/product_brand?post=589903"},{"taxonomy":"product_cat","embeddable":true,"href":"https:\/\/shop.kustom.ch\/fr\/wp-json\/wp\/v2\/product_cat?post=589903"},{"taxonomy":"product_tag","embeddable":true,"href":"https:\/\/shop.kustom.ch\/fr\/wp-json\/wp\/v2\/product_tag?post=589903"}],"curies":[{"name":"wp","href":"https:\/\/api.w.org\/{rel}","templated":true}]}}