{"id":589752,"date":"2025-03-04T22:57:32","date_gmt":"2025-03-04T21:57:32","guid":{"rendered":"https:\/\/shop.kustom.ch\/?post_type=product&#038;p=589752"},"modified":"2026-03-31T09:06:16","modified_gmt":"2026-03-31T08:06:16","slug":"softshell-jacke","status":"publish","type":"product","link":"https:\/\/shop.kustom.ch\/fr\/produit\/softshell-jacke\/","title":{"rendered":"Veste softshell"},"content":{"rendered":"<p>Cette veste softshell tr\u00e8s flexible et polyvalente est dot\u00e9e d'une capuche ajustable. Con\u00e7ue pour vous offrir une libert\u00e9 de mouvement maximale, cette veste est fabriqu\u00e9e dans un tissu extensible, r\u00e9sistant au vent et \u00e0 l'eau.<\/p>\n<p>FERMETURE : Ceinture r\u00e9glable avec cordon de serrage. Poignets r\u00e9glables avec fermeture velcro. D\u00c9TAILS : Impression sur la poitrine. Capuche fixe et r\u00e9glable. FERMETURE FRONTALE : fermeture \u00e9clair \u00e0 l'avant avec protection du menton en polaire. FONCTIONNALIT\u00c9 : Imperm\u00e9able au vent et \u00e0 l'eau, coutures non scell\u00e9es, respirant. CARACT\u00c9RISTIQUES PRINCIPALES : Artisan. REFLEX : Impression r\u00e9fl\u00e9chissante sur les manches et la poitrine. TISSU : Disponible pour hommes et femmes. rouge. imperm\u00e9able. Vent \/ humidit\u00e9 \/ froid. POCHES : Poche de poitrine avec fermeture \u00e0 glissi\u00e8re. Poches avant avec fermetures \u00e0 glissi\u00e8re. INSTRUCTIONS DE LAVAGE : Ne pas blanchir.<\/p>\n<p>100% polyester, tissu softshell 3 couches, imperm\u00e9able 17.000mm, coupe-vent, respirant Ret 7,2, 300 g\/m<\/p>","protected":false},"excerpt":{"rendered":"<p>Diese sehr flexible und vielseitige Softshell-Jacke hat eine verstellbare Kapuze. Die Jacke wurde entworfen, um Ihnen maximale Bewegungsfreiheit zu bieten und besteht aus einem dehnbaren, wind- und wasserfesten Stoff. ABSCHLUSS: Verstellbarer Bund mit Kordelzug. Verstellbare \u00c4rmelb\u00fcndchen mit Klettverschluss. DETAILS: Aufdruck auf der Brust. Feste, verstellbare Kapuze. FRONTVERSCHLUSS: Reissverschluss vorne mit Kinnschutz aus Fleece. FUNKTIONALIT\u00c4T: Wind- [&hellip;]<\/p>\n","protected":false},"featured_media":589818,"template":"","meta":[],"product_brand":[],"product_cat":[4186],"product_tag":[],"class_list":{"0":"post-589752","1":"product","2":"type-product","3":"status-publish","4":"has-post-thumbnail","6":"product_cat-jacken","7":"pa_brand-blaklaeder","8":"pa_brand-type-workwear","9":"pa_filter-color-blau","10":"pa_filter-color-gelb","11":"pa_filter-color-grau","12":"pa_filter-color-gruen","13":"pa_filter-color-rot","14":"pa_filter-color-schwarz","16":"first","17":"instock","18":"sale","19":"taxable","20":"shipping-taxable","21":"purchasable","22":"product-type-variable","23":"add-to-wishlist-before_image"},"exclude_global_add_ons":[],"addons":[],"acf":[],"_links":{"self":[{"href":"https:\/\/shop.kustom.ch\/fr\/wp-json\/wp\/v2\/product\/589752"}],"collection":[{"href":"https:\/\/shop.kustom.ch\/fr\/wp-json\/wp\/v2\/product"}],"about":[{"href":"https:\/\/shop.kustom.ch\/fr\/wp-json\/wp\/v2\/types\/product"}],"wp:featuredmedia":[{"embeddable":true,"href":"https:\/\/shop.kustom.ch\/fr\/wp-json\/wp\/v2\/media\/589818"}],"wp:attachment":[{"href":"https:\/\/shop.kustom.ch\/fr\/wp-json\/wp\/v2\/media?parent=589752"}],"wp:term":[{"taxonomy":"product_brand","embeddable":true,"href":"https:\/\/shop.kustom.ch\/fr\/wp-json\/wp\/v2\/product_brand?post=589752"},{"taxonomy":"product_cat","embeddable":true,"href":"https:\/\/shop.kustom.ch\/fr\/wp-json\/wp\/v2\/product_cat?post=589752"},{"taxonomy":"product_tag","embeddable":true,"href":"https:\/\/shop.kustom.ch\/fr\/wp-json\/wp\/v2\/product_tag?post=589752"}],"curies":[{"name":"wp","href":"https:\/\/api.w.org\/{rel}","templated":true}]}}