{"id":589751,"date":"2025-03-04T22:57:32","date_gmt":"2025-03-04T21:57:32","guid":{"rendered":"https:\/\/shop.kustom.ch\/?post_type=product&#038;p=589751"},"modified":"2026-03-31T09:06:12","modified_gmt":"2026-03-31T08:06:12","slug":"multinorm-softshell-jacke","status":"publish","type":"product","link":"https:\/\/shop.kustom.ch\/fr\/produit\/multinorm-softshell-jacke\/","title":{"rendered":"Veste Multinorm Softshell"},"content":{"rendered":"<p>Une veste softshell haute visibilit\u00e9 sans m\u00e9tal ni polyester, qui est intrins\u00e8quement ignifuge. La veste coupe-vent et d\u00e9perlante est fabriqu\u00e9e dans un mat\u00e9riau softshell et dispose d'une excellente respirabilit\u00e9. Elle est \u00e9galement dot\u00e9e d'un dos allong\u00e9, de manches pr\u00e9form\u00e9es et de poignets qui am\u00e9liorent encore son confort d\u00e9j\u00e0 fantastique. La veste est \u00e9quip\u00e9e de deux boucles pour accrocher les appareils de mesure des gaz et de l'oxyg\u00e8ne. Cela rend la veste softshell particuli\u00e8rement utile pour les travaux dans des environnements p\u00e9trochimiques ou dans l'industrie p\u00e9troli\u00e8re et gazi\u00e8re, par exemple. Elle est certifi\u00e9e selon les normes EN 1149-5. EN 13034. EN ISO 20471. EN ISO 11611. EN ISO 11612. IEC 61482-2.<\/p>\n<p>FERMETURE : Finition des manches avec \u00e9lastique et poignet. D\u00c9TAILS : Anneau en D. \u00c9tiquette \u00e0 l'ext\u00e9rieur. Boutons-pression en plastique. Col doubl\u00e9 en polaire. Passants de chaque c\u00f4t\u00e9 de la poitrine pour microphones et autres \u00e9quipements. FERMETURE FRONTALE : Fermeture frontale avec boutons-pression en plastique dissimul\u00e9s. FONCTIONNALIT\u00c9 : Sans m\u00e9tal. TRAVAUX PRINCIPAUX : Travailleurs de la route et du b\u00e2timent. EN ISO 20471. REFLEX : Bandes r\u00e9fl\u00e9chissantes de transfert ignifuges interrompues. TISSU : Hommes. Jaune haute visibilit\u00e9. Sans m\u00e9tal. Protection contre les flammes. PORTEFEUILLE : Poche de poitrine avec fermeture \u00e9clair. Poche pour t\u00e9l\u00e9phone portable \u00e0 l'int\u00e9rieur. Poches avant avec fermetures \u00e0 glissi\u00e8re. INSTRUCTIONS DE LAVAGE : Ne pas nettoyer \u00e0 sec. CERTIFICATION : EN 1149-5. EN 13034 PB (6). EBT - 33 cal\/cm\u00b2. EN ISO 11611 classe 2 , A1+A2. EN ISO 11612 A1,A2, B1,C2,F2. EN ISO 20471, XS-S classe 2, M et plus classe 3.<\/p>\n<p>44% modacrylique, 29% coton, 11% polyamide, 6% polyur\u00e9thane, 5% polyester, 3% aramide, 2% antistatique, softshell 3 couches, ignifug\u00e9, antistatique, enduit, \u00e9claboussures chimiques (EN13034), 490 g\/m\u00b2.<\/p>","protected":false},"excerpt":{"rendered":"<p>Eine metall- und polyesterfreie Softshell Jacke in High Vis, die inh\u00e4rent flammhemmend ist. Die wind- und wasserabweisende Jacke besteht aus einem Softshell-Material und verf\u00fcgt \u00fcber eine hervorragende Atmungsaktivit\u00e4t. Ausserdem hat sie einen verl\u00e4ngerten R\u00fccken, vorgeformte \u00c4rmel und B\u00fcndchen an den \u00c4rmelenden, die den ohnehin schon fantastischen Tragekomfort noch verbessern. Die Jacke ist mit zwei Schlaufen, [&hellip;]<\/p>\n","protected":false},"featured_media":589787,"template":"","meta":[],"product_brand":[],"product_cat":[4186],"product_tag":[],"class_list":{"0":"post-589751","1":"product","2":"type-product","3":"status-publish","4":"has-post-thumbnail","6":"product_cat-jacken","7":"pa_brand-blaklaeder","8":"pa_brand-type-workwear","9":"pa_filter-color-blau","10":"pa_filter-color-gelb","12":"first","13":"instock","14":"sale","15":"taxable","16":"shipping-taxable","17":"purchasable","18":"product-type-variable","19":"add-to-wishlist-before_image"},"exclude_global_add_ons":[],"addons":[],"acf":[],"_links":{"self":[{"href":"https:\/\/shop.kustom.ch\/fr\/wp-json\/wp\/v2\/product\/589751"}],"collection":[{"href":"https:\/\/shop.kustom.ch\/fr\/wp-json\/wp\/v2\/product"}],"about":[{"href":"https:\/\/shop.kustom.ch\/fr\/wp-json\/wp\/v2\/types\/product"}],"wp:featuredmedia":[{"embeddable":true,"href":"https:\/\/shop.kustom.ch\/fr\/wp-json\/wp\/v2\/media\/589787"}],"wp:attachment":[{"href":"https:\/\/shop.kustom.ch\/fr\/wp-json\/wp\/v2\/media?parent=589751"}],"wp:term":[{"taxonomy":"product_brand","embeddable":true,"href":"https:\/\/shop.kustom.ch\/fr\/wp-json\/wp\/v2\/product_brand?post=589751"},{"taxonomy":"product_cat","embeddable":true,"href":"https:\/\/shop.kustom.ch\/fr\/wp-json\/wp\/v2\/product_cat?post=589751"},{"taxonomy":"product_tag","embeddable":true,"href":"https:\/\/shop.kustom.ch\/fr\/wp-json\/wp\/v2\/product_tag?post=589751"}],"curies":[{"name":"wp","href":"https:\/\/api.w.org\/{rel}","templated":true}]}}