{"id":589726,"date":"2025-03-04T22:57:01","date_gmt":"2025-03-04T21:57:01","guid":{"rendered":"https:\/\/shop.kustom.ch\/?post_type=product&#038;p=589726"},"modified":"2026-03-31T08:53:13","modified_gmt":"2026-03-31T07:53:13","slug":"sweatshirt-mit-half-zip-2","status":"publish","type":"product","link":"https:\/\/shop.kustom.ch\/fr\/produit\/sweatshirt-mit-half-zip-2\/","title":{"rendered":"Sweat-shirt avec demi-zip"},"content":{"rendered":"<p>Sweat-shirt haute visibilit\u00e9 avec col haut et fermeture \u00e0 glissi\u00e8re. Le sweat-shirt a des poignets tricot\u00e9s et un dos allong\u00e9. Il est dot\u00e9 de d\u00e9tails r\u00e9fl\u00e9chissants discontinus et d'inserts en haute visibilit\u00e9 pour une meilleure visibilit\u00e9. La couleur contrast\u00e9e est en 100 % coton et la zone de haute visibilit\u00e9 est en 100 % polyester.<\/p>\n<p>FERMETURE : Dos rallong\u00e9. Finition des manches avec poignets. D\u00c9TAILS : Col haut avec fermeture \u00e0 glissi\u00e8re. Empi\u00e8cements en haute visibilit\u00e9, pour une meilleure visibilit\u00e9. CARACTERISTIQUES PRINCIPALES : Conducteur. Hommes . REFLEX : Bandes r\u00e9fl\u00e9chissantes sur les \u00e9paules. TISSU : Hommes. Jaune haute visibilit\u00e9. Visible. Tissu fluorescent en polyester High Vis 100%. INSTRUCTIONS DE LAVAGE : Ne pas blanchir. CERTIFICATION : Non certifi\u00e9 High Vis<\/p>\n<p>100% Coton, French Terry, 320 g\/m<\/p>","protected":false},"excerpt":{"rendered":"<p>High Vis Sweatshirt mit hohem Kragen und Reissverschluss. Das Sweatshirt hat gestrickte B\u00fcndchen und einen verl\u00e4ngerten R\u00fccken. Es hat unterbrochene Reflexdetails und Eins\u00e4tze aus High Vis f\u00fcr bessere Sichtbarkeit. Die Kontrastfarbe besteht aus 100 % Baumwolle und der Warnschutzbereich besteht aus 100 % Polyester. ABSCHLUSS: Verl\u00e4ngerter R\u00fccken. Armabschluss mit B\u00fcndchen. DETAILS: Hoher Kragen mit Reissverschluss. [&hellip;]<\/p>\n","protected":false},"featured_media":589784,"template":"","meta":[],"product_brand":[],"product_cat":[4184],"product_tag":[],"class_list":{"0":"post-589726","1":"product","2":"type-product","3":"status-publish","4":"has-post-thumbnail","6":"product_cat-hoodies-pullover","7":"pa_brand-blaklaeder","8":"pa_brand-type-workwear","9":"pa_filter-color-gelb","10":"pa_filter-color-schwarz","12":"first","13":"instock","14":"sale","15":"taxable","16":"shipping-taxable","17":"purchasable","18":"product-type-variable","19":"add-to-wishlist-before_image"},"exclude_global_add_ons":[],"addons":[],"acf":[],"_links":{"self":[{"href":"https:\/\/shop.kustom.ch\/fr\/wp-json\/wp\/v2\/product\/589726"}],"collection":[{"href":"https:\/\/shop.kustom.ch\/fr\/wp-json\/wp\/v2\/product"}],"about":[{"href":"https:\/\/shop.kustom.ch\/fr\/wp-json\/wp\/v2\/types\/product"}],"wp:featuredmedia":[{"embeddable":true,"href":"https:\/\/shop.kustom.ch\/fr\/wp-json\/wp\/v2\/media\/589784"}],"wp:attachment":[{"href":"https:\/\/shop.kustom.ch\/fr\/wp-json\/wp\/v2\/media?parent=589726"}],"wp:term":[{"taxonomy":"product_brand","embeddable":true,"href":"https:\/\/shop.kustom.ch\/fr\/wp-json\/wp\/v2\/product_brand?post=589726"},{"taxonomy":"product_cat","embeddable":true,"href":"https:\/\/shop.kustom.ch\/fr\/wp-json\/wp\/v2\/product_cat?post=589726"},{"taxonomy":"product_tag","embeddable":true,"href":"https:\/\/shop.kustom.ch\/fr\/wp-json\/wp\/v2\/product_tag?post=589726"}],"curies":[{"name":"wp","href":"https:\/\/api.w.org\/{rel}","templated":true}]}}