{"id":589668,"date":"2025-03-04T22:56:24","date_gmt":"2025-03-04T21:56:24","guid":{"rendered":"https:\/\/shop.kustom.ch\/?post_type=product&#038;p=589668"},"modified":"2026-03-31T08:53:12","modified_gmt":"2026-03-31T07:53:12","slug":"damen-t-shirt-3d","status":"publish","type":"product","link":"https:\/\/shop.kustom.ch\/fr\/produit\/damen-t-shirt-3d\/","title":{"rendered":"T-shirt femme 3D"},"content":{"rendered":"<p>T-shirt styl\u00e9 en coton avec une coupe f\u00e9minine et une impression 3D encore plus attrayante sur la poitrine avec l'inscription \u201aBl\u00e5kl\u00e4der\u2018. Ce T-shirt peut \u00eatre port\u00e9 aussi bien au travail que pendant les loisirs et montre que vous avez un excellent go\u00fbt en mati\u00e8re de v\u00eatements de travail.<\/p>\n<p>DETAILS : Imprim\u00e9 - Bl\u00e5kl\u00e4der 3D. Col rond. Coutures renforc\u00e9es au cou. FONCTIONNALIT\u00c9 : Coupe d\u00e9contract\u00e9e. CARACTERISTIQUES PRINCIPALES : Constructeur de b\u00e9ton. TISSU : Disponible pour hommes et femmes. Profil. INSTRUCTIONS DE LAVAGE : Ne pas blanchir.<\/p>\n<p>100% Coton, jersey, 150 g\/m<\/p>","protected":false},"excerpt":{"rendered":"<p>Stylisches Baumwoll T-Shirt mit femininem Schnitt und einem noch attraktiveren 3D-Druck auf der Brust mit der Aufschrift &#8218;Bl\u00e5kl\u00e4der&#8216;. Das T-Shirt kann sowohl im Beruf als auch in der Freizeit getragen werden und zeigt, dass Sie einen ausgezeichneten Geschmack in Sachen Arbeitskleidung haben. DETAILS: Print &#8211; Bl\u00e5kl\u00e4der 3D. Rundhals. Verst\u00e4rkte Halsn\u00e4hte. FUNKTIONALIT\u00c4T: L\u00e4ssige Passform. HAUPTEIGENSCHAFTEN: Betonbauer. [&hellip;]<\/p>\n","protected":false},"featured_media":589707,"template":"","meta":[],"product_brand":[],"product_cat":[4201],"product_tag":[],"class_list":{"0":"post-589668","1":"product","2":"type-product","3":"status-publish","4":"has-post-thumbnail","6":"product_cat-t-shirts","7":"pa_brand-blaklaeder","8":"pa_brand-type-workwear","9":"pa_filter-color-blau","10":"pa_filter-color-orange","12":"first","13":"instock","14":"sale","15":"taxable","16":"shipping-taxable","17":"purchasable","18":"product-type-variable","19":"add-to-wishlist-before_image"},"exclude_global_add_ons":[],"addons":[],"acf":[],"_links":{"self":[{"href":"https:\/\/shop.kustom.ch\/fr\/wp-json\/wp\/v2\/product\/589668"}],"collection":[{"href":"https:\/\/shop.kustom.ch\/fr\/wp-json\/wp\/v2\/product"}],"about":[{"href":"https:\/\/shop.kustom.ch\/fr\/wp-json\/wp\/v2\/types\/product"}],"wp:featuredmedia":[{"embeddable":true,"href":"https:\/\/shop.kustom.ch\/fr\/wp-json\/wp\/v2\/media\/589707"}],"wp:attachment":[{"href":"https:\/\/shop.kustom.ch\/fr\/wp-json\/wp\/v2\/media?parent=589668"}],"wp:term":[{"taxonomy":"product_brand","embeddable":true,"href":"https:\/\/shop.kustom.ch\/fr\/wp-json\/wp\/v2\/product_brand?post=589668"},{"taxonomy":"product_cat","embeddable":true,"href":"https:\/\/shop.kustom.ch\/fr\/wp-json\/wp\/v2\/product_cat?post=589668"},{"taxonomy":"product_tag","embeddable":true,"href":"https:\/\/shop.kustom.ch\/fr\/wp-json\/wp\/v2\/product_tag?post=589668"}],"curies":[{"name":"wp","href":"https:\/\/api.w.org\/{rel}","templated":true}]}}