{"id":589643,"date":"2025-03-04T22:55:49","date_gmt":"2025-03-04T21:55:49","guid":{"rendered":"https:\/\/shop.kustom.ch\/?post_type=product&#038;p=589643"},"modified":"2026-03-31T08:53:09","modified_gmt":"2026-03-31T07:53:09","slug":"hoodie","status":"publish","type":"product","link":"https:\/\/shop.kustom.ch\/fr\/produit\/hoodie\/","title":{"rendered":"Hoodie"},"content":{"rendered":"<p>Un sweat \u00e0 capuche chaud, styl\u00e9 et confortable, en tricot doux, qui convient aussi bien pour le travail que pour les loisirs. Il poss\u00e8de une poche pour t\u00e9l\u00e9phone portable avec une fermeture \u00e9clair et une ouverture pour les \u00e9couteurs. Bien adapt\u00e9 au profil de votre entreprise.<\/p>\n<p>FERMETURE : Ceinture \u00e0 c\u00f4tes. Finition des manches avec poignets. D\u00c9TAILS : Capuche fixe et r\u00e9glable. FONCTIONNALIT\u00c9 : Coupe normale. CARACTERISTIQUES PRINCIPALES : Jardinier. Disponible pour les femmes et les hommes. TISSU : Disponible pour femmes et hommes. gris. Profil. PORTEFEUILLE : Support pour c\u00e2ble de t\u00e9l\u00e9phone portable. Poche kangourou avec poche int\u00e9rieure pour t\u00e9l\u00e9phone portable. INSTRUCTIONS DE LAVAGE : repassage - moyen<\/p>\n<p>55% coton, 45% polyester, tricot \u00e9ponge, bross\u00e9 d'un c\u00f4t\u00e9, 320 g\/m<\/p>","protected":false},"excerpt":{"rendered":"<p>Ein stylischer und bequemer warmer Hoodie aus weichem Trikot, der sowohl f\u00fcr die Arbeit als auch f\u00fcr die Freizeit geeignet ist. Er hat eine Handytasche mit einem Reissverschluss und einer \u00d6ffnung f\u00fcr Kopfh\u00f6rer. Gut geeignet f\u00fcr die Profilierung Ihres Unternehmens. ABSCHLUSS: Gerippter Bund. Armabschluss mit B\u00fcndchen. DETAILS: Feste, verstellbare Kapuze. FUNKTIONALIT\u00c4T: Normale Passform. HAUPTEIGENSCHAFTEN: Gartenarbeiter. [&hellip;]<\/p>\n","protected":false},"featured_media":589705,"template":"","meta":[],"product_brand":[],"product_cat":[4184],"product_tag":[],"class_list":{"0":"post-589643","1":"product","2":"type-product","3":"status-publish","4":"has-post-thumbnail","6":"product_cat-hoodies-pullover","7":"pa_brand-blaklaeder","8":"pa_brand-type-workwear","9":"pa_filter-color-blau","10":"pa_filter-color-grau","11":"pa_filter-color-schwarz","13":"first","14":"instock","15":"sale","16":"taxable","17":"shipping-taxable","18":"purchasable","19":"product-type-variable","20":"add-to-wishlist-before_image"},"exclude_global_add_ons":[],"addons":[],"acf":[],"_links":{"self":[{"href":"https:\/\/shop.kustom.ch\/fr\/wp-json\/wp\/v2\/product\/589643"}],"collection":[{"href":"https:\/\/shop.kustom.ch\/fr\/wp-json\/wp\/v2\/product"}],"about":[{"href":"https:\/\/shop.kustom.ch\/fr\/wp-json\/wp\/v2\/types\/product"}],"wp:featuredmedia":[{"embeddable":true,"href":"https:\/\/shop.kustom.ch\/fr\/wp-json\/wp\/v2\/media\/589705"}],"wp:attachment":[{"href":"https:\/\/shop.kustom.ch\/fr\/wp-json\/wp\/v2\/media?parent=589643"}],"wp:term":[{"taxonomy":"product_brand","embeddable":true,"href":"https:\/\/shop.kustom.ch\/fr\/wp-json\/wp\/v2\/product_brand?post=589643"},{"taxonomy":"product_cat","embeddable":true,"href":"https:\/\/shop.kustom.ch\/fr\/wp-json\/wp\/v2\/product_cat?post=589643"},{"taxonomy":"product_tag","embeddable":true,"href":"https:\/\/shop.kustom.ch\/fr\/wp-json\/wp\/v2\/product_tag?post=589643"}],"curies":[{"name":"wp","href":"https:\/\/api.w.org\/{rel}","templated":true}]}}