{"id":589599,"date":"2025-03-04T22:55:10","date_gmt":"2025-03-04T21:55:10","guid":{"rendered":"https:\/\/shop.kustom.ch\/?post_type=product&#038;p=589599"},"modified":"2026-03-31T08:53:03","modified_gmt":"2026-03-31T07:53:03","slug":"uv-schutz-high-vis-polo-shirt","status":"publish","type":"product","link":"https:\/\/shop.kustom.ch\/fr\/produit\/uv-schutz-high-vis-polo-shirt\/","title":{"rendered":"Protection UV Polo haute visibilit\u00e9"},"content":{"rendered":"<p>Polo certifi\u00e9 haute visibilit\u00e9 avec protection UV, en maille l\u00e9g\u00e8re structur\u00e9e pour une bonne ventilation. La mati\u00e8re poss\u00e8de des propri\u00e9t\u00e9s de r\u00e9gulation de l'humidit\u00e9 pour une sensation agr\u00e9able et s\u00e8che sur le corps. Le polo est dot\u00e9 de bandes r\u00e9fl\u00e9chissantes discontinues avec des propri\u00e9t\u00e9s stretch pour une libert\u00e9 de mouvement optimale. Certifi\u00e9 selon les normes EN ISO 20471 classe 2 et EN 13758-2 UPF 40+.<\/p>\n<p>D\u00c9TAILS : Encolure avec boutons. Col c\u00f4tel\u00e9. FONCTIONNALIT\u00c9 : Mat\u00e9riaux avec fonctionnalit\u00e9 anti-odeurs. CARACT\u00c9RISTIQUES PRINCIPALES : Travailleurs de la route et du b\u00e2timent. EN ISO 20471. R\u00c9FL\u00c9CHISSANT : Mat\u00e9riau r\u00e9fl\u00e9chissant sur le torse, les manches et les \u00e9paules. TISSU : Hommes. Jaune haute visibilit\u00e9. Protection haute visibilit\u00e9. INSTRUCTIONS DE LAVAGE : Couleur 5500 \u2013 max. 40 \u00b0C, max. 25 lavages. Ne pas blanchir. CERTIFICATION : EN 13758-2 UPF 40 +. EN ISO 20471, XS-M classe 2, L-&gt; classe 3<\/p>\n<p>100% polyester, tricot birdseye, \u00e9vacuation de l'humidit\u00e9, protection UV, 130g\/m<\/p>","protected":false},"excerpt":{"rendered":"<p>High Vis zertifiziertes Polo Shirt mit UV-Schutz, aus leichtem Strickgewebe mit Struktur f\u00fcr die Bel\u00fcftung. Das Material hat feuchtigkeitsregulierende Eigenschaften f\u00fcr ein angenehmes und trockenes Gef\u00fchl am K\u00f6rper. Das Polo hat unterbrochene Reflexstreifen mit Stretch-Eigenschaften, f\u00fcr optimale Bewegungsfreiheit. Zertifiziert nach EN ISO 20471 Klasse 2 und EN 13758-2 UPF 40+. DETAILS: Halsausschnitt mit Kn\u00f6pfen. Gerippter [&hellip;]<\/p>\n","protected":false},"featured_media":589664,"template":"","meta":[],"product_brand":[],"product_cat":[4201],"product_tag":[],"class_list":{"0":"post-589599","1":"product","2":"type-product","3":"status-publish","4":"has-post-thumbnail","6":"product_cat-t-shirts","7":"pa_brand-blaklaeder","8":"pa_brand-type-workwear","9":"pa_filter-color-gelb","10":"pa_filter-color-orange","11":"pa_filter-color-rot","13":"first","14":"instock","15":"sale","16":"taxable","17":"shipping-taxable","18":"purchasable","19":"product-type-variable","20":"add-to-wishlist-before_image"},"exclude_global_add_ons":[],"addons":[],"acf":[],"_links":{"self":[{"href":"https:\/\/shop.kustom.ch\/fr\/wp-json\/wp\/v2\/product\/589599"}],"collection":[{"href":"https:\/\/shop.kustom.ch\/fr\/wp-json\/wp\/v2\/product"}],"about":[{"href":"https:\/\/shop.kustom.ch\/fr\/wp-json\/wp\/v2\/types\/product"}],"wp:featuredmedia":[{"embeddable":true,"href":"https:\/\/shop.kustom.ch\/fr\/wp-json\/wp\/v2\/media\/589664"}],"wp:attachment":[{"href":"https:\/\/shop.kustom.ch\/fr\/wp-json\/wp\/v2\/media?parent=589599"}],"wp:term":[{"taxonomy":"product_brand","embeddable":true,"href":"https:\/\/shop.kustom.ch\/fr\/wp-json\/wp\/v2\/product_brand?post=589599"},{"taxonomy":"product_cat","embeddable":true,"href":"https:\/\/shop.kustom.ch\/fr\/wp-json\/wp\/v2\/product_cat?post=589599"},{"taxonomy":"product_tag","embeddable":true,"href":"https:\/\/shop.kustom.ch\/fr\/wp-json\/wp\/v2\/product_tag?post=589599"}],"curies":[{"name":"wp","href":"https:\/\/api.w.org\/{rel}","templated":true}]}}