{"id":589514,"date":"2025-03-04T22:53:57","date_gmt":"2025-03-04T21:53:57","guid":{"rendered":"https:\/\/shop.kustom.ch\/?post_type=product&#038;p=589514"},"modified":"2026-03-31T08:52:50","modified_gmt":"2026-03-31T07:52:50","slug":"uv-t-shirt-high-vis-6","status":"publish","type":"product","link":"https:\/\/shop.kustom.ch\/fr\/produit\/uv-t-shirt-high-vis-6\/","title":{"rendered":"T-shirt UV haute visibilit\u00e9"},"content":{"rendered":"<p>T-shirt haute visibilit\u00e9 \u00e0 col rond en tricot l\u00e9ger avec structure pour la ventilation. Le tissu a des propri\u00e9t\u00e9s d'\u00e9vacuation de l'humidit\u00e9 pour une sensation agr\u00e9able et s\u00e8che sur le corps. Garniture r\u00e9fl\u00e9chissante en dessous pour une bonne a\u00e9ration et propri\u00e9t\u00e9s stretch permettant une excellente libert\u00e9 de mouvement. Protection contre les UV 40+. Certifi\u00e9 selon EN 13758-2 UPF 40+ et EN ISO 20471, classe 3.<\/p>\n<p>DETAILS : col rond. FONCTIONNALIT\u00c9 : Mat\u00e9riau avec protection UV. PRINCIPALES CARACT\u00c9RISTIQUES : Travailleurs de la route et du b\u00e2timent. EN 13758-2. REFLEX : bandes r\u00e9fl\u00e9chissantes de transfert de 50 mm de large. TISSU : pour hommes. Jaune haute visibilit\u00e9. Protection contre les UV. Protection haute visibilit\u00e9. INSTRUCTIONS DE LAVAGE : Couleur 5500 - max. 40\u00b0, max. 25 lavages. S\u00e8che-linge - bas. CERTIFICATION : EN 13758-2 UPF 40 +. Les v\u00eatements de classe 2 et 3 en orange sont conformes \u00e0 la norme RIS-3279-TOM Issue 2.<\/p>\n<p>100% polyester, tricot birdseye, \u00e9vacuation de l'humidit\u00e9, protection UV, 130g\/m<\/p>","protected":false},"excerpt":{"rendered":"<p>High Vis T-Shirt mit Rundhalsausschnitt aus leichtem Strickgewebe mit Struktur f\u00fcr die Bel\u00fcftung. Das Material hat feuchtigkeitstransportierende Eigenschaften f\u00fcr ein angenehmes und trockenes Gef\u00fchl am K\u00f6rper. Unterteilter, reflektierender Besatz f\u00fcr gute Bel\u00fcftung und Stretch Eigenschaften, die hervorragende Bewegungsfreiheit erm\u00f6glichen. UV-Schutz 40+. Zertifiziert nach EN 13758-2 UPF 40+ und EN ISO 20471, Klasse 3. DETAILS: Rundhals. [&hellip;]<\/p>\n","protected":false},"featured_media":589578,"template":"","meta":[],"product_brand":[],"product_cat":[4201],"product_tag":[],"class_list":{"0":"post-589514","1":"product","2":"type-product","3":"status-publish","4":"has-post-thumbnail","6":"product_cat-t-shirts","7":"pa_brand-blaklaeder","8":"pa_brand-type-workwear","9":"pa_filter-color-gelb","10":"pa_filter-color-orange","11":"pa_filter-color-rot","13":"first","14":"instock","15":"sale","16":"taxable","17":"shipping-taxable","18":"purchasable","19":"product-type-variable","20":"add-to-wishlist-before_image"},"exclude_global_add_ons":[],"addons":[],"acf":[],"_links":{"self":[{"href":"https:\/\/shop.kustom.ch\/fr\/wp-json\/wp\/v2\/product\/589514"}],"collection":[{"href":"https:\/\/shop.kustom.ch\/fr\/wp-json\/wp\/v2\/product"}],"about":[{"href":"https:\/\/shop.kustom.ch\/fr\/wp-json\/wp\/v2\/types\/product"}],"wp:featuredmedia":[{"embeddable":true,"href":"https:\/\/shop.kustom.ch\/fr\/wp-json\/wp\/v2\/media\/589578"}],"wp:attachment":[{"href":"https:\/\/shop.kustom.ch\/fr\/wp-json\/wp\/v2\/media?parent=589514"}],"wp:term":[{"taxonomy":"product_brand","embeddable":true,"href":"https:\/\/shop.kustom.ch\/fr\/wp-json\/wp\/v2\/product_brand?post=589514"},{"taxonomy":"product_cat","embeddable":true,"href":"https:\/\/shop.kustom.ch\/fr\/wp-json\/wp\/v2\/product_cat?post=589514"},{"taxonomy":"product_tag","embeddable":true,"href":"https:\/\/shop.kustom.ch\/fr\/wp-json\/wp\/v2\/product_tag?post=589514"}],"curies":[{"name":"wp","href":"https:\/\/api.w.org\/{rel}","templated":true}]}}