{"id":589454,"date":"2025-03-04T22:52:48","date_gmt":"2025-03-04T21:52:48","guid":{"rendered":"https:\/\/shop.kustom.ch\/?post_type=product&#038;p=589454"},"modified":"2026-03-31T08:52:27","modified_gmt":"2026-03-31T07:52:27","slug":"damen-high-vis-sweatshirt-2","status":"publish","type":"product","link":"https:\/\/shop.kustom.ch\/fr\/produit\/damen-high-vis-sweatshirt-2\/","title":{"rendered":"Sweat-shirt haute visibilit\u00e9 pour femmes"},"content":{"rendered":"<p>Un sweat-shirt doux et confortable dans une coupe pour femmes avec des transferts r\u00e9fl\u00e9chissants interrompus pour des propri\u00e9t\u00e9s d'\u00e9tirement particuli\u00e8rement bonnes. La partie sombre du sweat-shirt est compos\u00e9e de 100% de coton et la partie haute visibilit\u00e9 de 100% de polyester. \u00c9galement disponible en mod\u00e8le homme 3359.<\/p>\n<p>FERMETURE : Finition des manches avec poignets. D\u00c9TAILS : imprim\u00e9 Bl\u00e5kl\u00e4der sur l'\u00e9paule. Col rond. Coutures renforc\u00e9es au cou. CARACTERISTIQUES PRINCIPALES : Conducteur. Femmes . EN ISO 20471. R\u00c9FLEXE : bandes r\u00e9fl\u00e9chissantes de transfert de 50 mm de large. TISSU : jaune. Haute visibilit\u00e9. Coton 100%. CONSEILS DE LAVAGE : Nombre de lavages : 25. Repassage - moyen. CERTIFICATION : Groupe de certification D<\/p>\n<p>100% Coton, French Terry, 320 g\/m<\/p>","protected":false},"excerpt":{"rendered":"<p>Ein weiches, bequemes Sweatshirt in Damenpassform mit unterbrochenen Reflex-Transfers f\u00fcr besonders gute Stretch-Eigenschaften. Der dunkle Teil des Sweatshirts besteht zu 100% aus Baumwolle und der High Vis Teil aus 100% Polyester. Auch als Herrenmodell 3359 erh\u00e4ltlich. ABSCHLUSS: Armabschluss mit B\u00fcndchen. DETAILS: Bl\u00e5kl\u00e4der-Aufdruck an der Schulter. Rundhals. Verst\u00e4rkte Halsn\u00e4hte. HAUPTEIGENSCHAFTEN: Fahrer. Damen. EN ISO 20471. REFLEX: [&hellip;]<\/p>\n","protected":false},"featured_media":589509,"template":"","meta":[],"product_brand":[],"product_cat":[4184],"product_tag":[],"class_list":{"0":"post-589454","1":"product","2":"type-product","3":"status-publish","4":"has-post-thumbnail","6":"product_cat-hoodies-pullover","7":"pa_brand-blaklaeder","8":"pa_brand-type-workwear","9":"pa_filter-color-blau","10":"pa_filter-color-gelb","11":"pa_filter-color-orange","12":"pa_filter-color-rot","13":"pa_filter-color-schwarz","15":"first","16":"instock","17":"sale","18":"taxable","19":"shipping-taxable","20":"purchasable","21":"product-type-variable","22":"add-to-wishlist-before_image"},"exclude_global_add_ons":[],"addons":[],"acf":[],"_links":{"self":[{"href":"https:\/\/shop.kustom.ch\/fr\/wp-json\/wp\/v2\/product\/589454"}],"collection":[{"href":"https:\/\/shop.kustom.ch\/fr\/wp-json\/wp\/v2\/product"}],"about":[{"href":"https:\/\/shop.kustom.ch\/fr\/wp-json\/wp\/v2\/types\/product"}],"wp:featuredmedia":[{"embeddable":true,"href":"https:\/\/shop.kustom.ch\/fr\/wp-json\/wp\/v2\/media\/589509"}],"wp:attachment":[{"href":"https:\/\/shop.kustom.ch\/fr\/wp-json\/wp\/v2\/media?parent=589454"}],"wp:term":[{"taxonomy":"product_brand","embeddable":true,"href":"https:\/\/shop.kustom.ch\/fr\/wp-json\/wp\/v2\/product_brand?post=589454"},{"taxonomy":"product_cat","embeddable":true,"href":"https:\/\/shop.kustom.ch\/fr\/wp-json\/wp\/v2\/product_cat?post=589454"},{"taxonomy":"product_tag","embeddable":true,"href":"https:\/\/shop.kustom.ch\/fr\/wp-json\/wp\/v2\/product_tag?post=589454"}],"curies":[{"name":"wp","href":"https:\/\/api.w.org\/{rel}","templated":true}]}}