{"id":589350,"date":"2025-03-04T22:51:03","date_gmt":"2025-03-04T21:51:03","guid":{"rendered":"https:\/\/shop.kustom.ch\/?post_type=product&#038;p=589350"},"modified":"2026-03-31T08:52:11","modified_gmt":"2026-03-31T07:52:11","slug":"uv-t-shirt-high-vis-5","status":"publish","type":"product","link":"https:\/\/shop.kustom.ch\/fr\/produit\/uv-t-shirt-high-vis-5\/","title":{"rendered":"T-shirt UV haute visibilit\u00e9"},"content":{"rendered":"<p>Si vous travaillez \u00e0 l'ext\u00e9rieur, vous connaissez la valeur des v\u00eatements qui fonctionnent bien par hautes temp\u00e9ratures. Ce t-shirt fonctionnel est dot\u00e9 d'inserts en mesh strat\u00e9giquement plac\u00e9s dans les principales zones de transpiration et d'inserts pour une \u00e9vacuation optimale de l'humidit\u00e9. Les coutures sous les bras sont plac\u00e9es pour r\u00e9duire l'usure. Le tissu est trait\u00e9 contre les UV pour prot\u00e9ger des rayons du soleil. Le T-shirt a des bandes r\u00e9fl\u00e9chissantes de transfert moul\u00e9es qui suivent les mouvements du corps. Certifi\u00e9 selon la norme EN ISO 20471 classe 2 V\u00eatements de protection \u00e0 haute visibilit\u00e9 et EN 13758-2 UPF 40+.<\/p>\n<p>DETAILS : Impression - Bl\u00e5kl\u00e4der. Col rond. Coutures strat\u00e9giquement plac\u00e9es pour un meilleur confort sous le bras. Empi\u00e8cements pour une \u00e9vacuation optimis\u00e9e de l'humidit\u00e9. FONCTIONNALIT\u00c9 : Mat\u00e9riau avec protection UV. PRINCIPALES CARACT\u00c9RISTIQUES : Jardinier. RIS-3279-TOM . REFLEX : Bandes r\u00e9fl\u00e9chissantes de transfert de 50 mm de large. TISSU : Hommes. Jaune haute visibilit\u00e9. Protection contre les UV. Protection haute visibilit\u00e9 . INSTRUCTIONS DE LAVAGE : Nombre de lavages : 50. Ne pas blanchir. CERTIFICATION : EN 13758-2 UPF 40 +. EN ISO 20471, classe 2<\/p>\n<p>100% polyester, tricot birdseye, \u00e9vacuation de l'humidit\u00e9, protection UV, 130g\/m<\/p>","protected":false},"excerpt":{"rendered":"<p>Wenn Sie draussen arbeiten, wissen Sie welchen Wert Kleidung hat, die bei hohen Temperaturen gut funktioniert. Dieses funktionelle T-Shirt hat strategisch positionierte Mesh Eins\u00e4tze in den Haupt Schweisszonen und Eins\u00e4tze f\u00fcr optimalen Feuchtigkeitstransport. Die N\u00e4hte unter den Armen sind f\u00fcr geringere Abnutzung platziert. Der Stoff ist UV behandelt, um vor Sonnenstrahlen zu sch\u00fctzen. Das T-Shirt [&hellip;]<\/p>\n","protected":false},"featured_media":589400,"template":"","meta":[],"product_brand":[],"product_cat":[4201],"product_tag":[],"class_list":{"0":"post-589350","1":"product","2":"type-product","3":"status-publish","4":"has-post-thumbnail","6":"product_cat-t-shirts","7":"pa_brand-blaklaeder","8":"pa_brand-type-workwear","9":"pa_filter-color-blau","10":"pa_filter-color-gelb","11":"pa_filter-color-orange","12":"pa_filter-color-rot","13":"pa_filter-color-schwarz","15":"first","16":"instock","17":"sale","18":"taxable","19":"shipping-taxable","20":"purchasable","21":"product-type-variable","22":"add-to-wishlist-before_image"},"exclude_global_add_ons":[],"addons":[],"acf":[],"_links":{"self":[{"href":"https:\/\/shop.kustom.ch\/fr\/wp-json\/wp\/v2\/product\/589350"}],"collection":[{"href":"https:\/\/shop.kustom.ch\/fr\/wp-json\/wp\/v2\/product"}],"about":[{"href":"https:\/\/shop.kustom.ch\/fr\/wp-json\/wp\/v2\/types\/product"}],"wp:featuredmedia":[{"embeddable":true,"href":"https:\/\/shop.kustom.ch\/fr\/wp-json\/wp\/v2\/media\/589400"}],"wp:attachment":[{"href":"https:\/\/shop.kustom.ch\/fr\/wp-json\/wp\/v2\/media?parent=589350"}],"wp:term":[{"taxonomy":"product_brand","embeddable":true,"href":"https:\/\/shop.kustom.ch\/fr\/wp-json\/wp\/v2\/product_brand?post=589350"},{"taxonomy":"product_cat","embeddable":true,"href":"https:\/\/shop.kustom.ch\/fr\/wp-json\/wp\/v2\/product_cat?post=589350"},{"taxonomy":"product_tag","embeddable":true,"href":"https:\/\/shop.kustom.ch\/fr\/wp-json\/wp\/v2\/product_tag?post=589350"}],"curies":[{"name":"wp","href":"https:\/\/api.w.org\/{rel}","templated":true}]}}