{"id":589281,"date":"2025-03-04T22:49:54","date_gmt":"2025-03-04T21:49:54","guid":{"rendered":"https:\/\/shop.kustom.ch\/?post_type=product&#038;p=589281"},"modified":"2026-03-31T08:52:00","modified_gmt":"2026-03-31T07:52:00","slug":"damen-sweatshirt-mit-reissverschluss","status":"publish","type":"product","link":"https:\/\/shop.kustom.ch\/fr\/produit\/damen-sweatshirt-mit-reissverschluss\/","title":{"rendered":"Sweat-shirt femme avec fermeture \u00e9clair"},"content":{"rendered":"<p>Sweat-shirt confortable pour femmes. Un v\u00eatement polyvalent parfait en polaire douce et confortable avec un int\u00e9rieur bross\u00e9. Un haut qui convient aussi bien pour l'int\u00e9rieur que pour l'ext\u00e9rieur. Le sweat-shirt a un col haut et deux poches chauffe-mains. Il poss\u00e8de en outre une poche int\u00e9rieure pour t\u00e9l\u00e9phone portable avec fermeture \u00e9clair.<\/p>\n<p>FERMETURE : Poignets avec \u00e9lastique. D\u00c9TAILS : Col haut avec fermeture \u00e0 glissi\u00e8re. FERMETURE FRONTALE : Fermeture \u00e0 glissi\u00e8re en plastique. FONCTIONNALIT\u00c9 : Taille femme. CARACTERISTIQUES PRINCIPALES : Poseur de sol. Femmes . TISSU : Disponible pour les femmes et les hommes. Unis. POCHE : Poche kangourou avec poche int\u00e9rieure pour t\u00e9l\u00e9phone portable. INSTRUCTIONS DE LAVAGE : repassage - bas<\/p>\n<p>100% Polyester, molleton piqu\u00e9, bross\u00e9 d'un c\u00f4t\u00e9, 260 g\/m<\/p>","protected":false},"excerpt":{"rendered":"<p>Bequemes Damen Sweatshirt. Ein perfektes Allround-Kleidungsst\u00fcck aus weichem, bequemen Fleece mit aufgeb\u00fcrsteter Innenseite. Ein Oberteil, das sowohl f\u00fcr drinnen als auch f\u00fcr draussen geeignet ist. Das Sweatshirt hat einen hohen Kragen und zwei Handw\u00e4rmer-Taschen. Zus\u00e4tzlich hat es eine innenliegende Handytasche mit Reissverschluss. ABSCHLUSS: \u00c4rmelb\u00fcndchen mit Gummizug. DETAILS: Hoher Kragen mit Reissverschluss. FRONTVERSCHLUSS: Reissverschluss aus Kunststoff. [&hellip;]<\/p>\n","protected":false},"featured_media":589324,"template":"","meta":[],"product_brand":[],"product_cat":[4184],"product_tag":[],"class_list":{"0":"post-589281","1":"product","2":"type-product","3":"status-publish","4":"has-post-thumbnail","6":"product_cat-hoodies-pullover","7":"pa_brand-blaklaeder","8":"pa_brand-type-workwear","9":"pa_filter-color-blau","10":"pa_filter-color-gelb","12":"first","13":"instock","14":"sale","15":"taxable","16":"shipping-taxable","17":"purchasable","18":"product-type-variable","19":"add-to-wishlist-before_image"},"exclude_global_add_ons":[],"addons":[],"acf":[],"_links":{"self":[{"href":"https:\/\/shop.kustom.ch\/fr\/wp-json\/wp\/v2\/product\/589281"}],"collection":[{"href":"https:\/\/shop.kustom.ch\/fr\/wp-json\/wp\/v2\/product"}],"about":[{"href":"https:\/\/shop.kustom.ch\/fr\/wp-json\/wp\/v2\/types\/product"}],"wp:featuredmedia":[{"embeddable":true,"href":"https:\/\/shop.kustom.ch\/fr\/wp-json\/wp\/v2\/media\/589324"}],"wp:attachment":[{"href":"https:\/\/shop.kustom.ch\/fr\/wp-json\/wp\/v2\/media?parent=589281"}],"wp:term":[{"taxonomy":"product_brand","embeddable":true,"href":"https:\/\/shop.kustom.ch\/fr\/wp-json\/wp\/v2\/product_brand?post=589281"},{"taxonomy":"product_cat","embeddable":true,"href":"https:\/\/shop.kustom.ch\/fr\/wp-json\/wp\/v2\/product_cat?post=589281"},{"taxonomy":"product_tag","embeddable":true,"href":"https:\/\/shop.kustom.ch\/fr\/wp-json\/wp\/v2\/product_tag?post=589281"}],"curies":[{"name":"wp","href":"https:\/\/api.w.org\/{rel}","templated":true}]}}