{"id":589235,"date":"2025-03-04T22:49:21","date_gmt":"2025-03-04T21:49:21","guid":{"rendered":"https:\/\/shop.kustom.ch\/?post_type=product&#038;p=589235"},"modified":"2026-03-31T08:51:59","modified_gmt":"2026-03-31T07:51:59","slug":"uv-polo-shirt-high-vis","status":"publish","type":"product","link":"https:\/\/shop.kustom.ch\/fr\/produit\/uv-polo-shirt-high-vis\/","title":{"rendered":"Polo UV haute visibilit\u00e9"},"content":{"rendered":"<p>Confortable polo haute visibilit\u00e9 avec col c\u00f4tel\u00e9. Coutures renforc\u00e9es au niveau du col et des \u00e9paules. Tissu tricot\u00e9 respirant et l\u00e9ger avec structure. Propri\u00e9t\u00e9s de r\u00e9gulation de l'humidit\u00e9 pour une sensation agr\u00e9able et a\u00e9r\u00e9e sur le corps. Certifi\u00e9 EN ISO 20471 classe 2, visibilit\u00e9 accrue lors de travaux dans des conditions extr\u00eames et EN 13758-2 LSF 40+ propri\u00e9t\u00e9s de protection solaire contre les UV.<\/p>\n<p>DETAILS : Encolure avec boutons. Col \u00e0 c\u00f4tes. FONCTIONNALIT\u00c9 : Mat\u00e9riaux avec fonctionnalit\u00e9 anti-odeur. CARACT\u00c9RISTIQUES PRINCIPALES : Conducteur. RIS-3279-TOM . REFLEX : r\u00e9flecteurs sur les \u00e9paules et le corps. TISSU : Hommes. Jaune haute visibilit\u00e9. Protection haute visibilit\u00e9. INSTRUCTIONS DE LAVAGE : Nombre de lavages : 50. Ne pas nettoyer \u00e0 sec. CERTIFICATION : EN 13758-2 UPF 40 +. Groupe de certification A<\/p>\n<p>100% polyester, tricot Birdseye, protection UV, 130g\/m<\/p>","protected":false},"excerpt":{"rendered":"<p>Komfortables High Vis Polo Shirt mit geripptem Kragen. Verst\u00e4rkte Kragen- und Schultern\u00e4hte. Atmungsaktives und leichtes Strickmaterial mit Struktur. Feuchtigkeitsregulierende Eigenschaften f\u00fcr ein angenehmes und luftiges Gef\u00fchl am K\u00f6rper. Zertifiziert nach EN ISO 20471 Klasse 2, h\u00f6here Sichtbarkeit bei Arbeiten in extremen Bedingungen und EN 13758-2 LSF 40+ Solar UV Schutz Eigenschaften. DETAILS: Halsausschnitt mit Kn\u00f6pfen. [&hellip;]<\/p>\n","protected":false},"featured_media":589289,"template":"","meta":[],"product_brand":[],"product_cat":[4193],"product_tag":[],"class_list":{"0":"post-589235","1":"product","2":"type-product","3":"status-publish","4":"has-post-thumbnail","6":"product_cat-polos","7":"pa_brand-blaklaeder","8":"pa_brand-type-workwear","9":"pa_filter-color-gelb","10":"pa_filter-color-orange","11":"pa_filter-color-rot","13":"first","14":"instock","15":"sale","16":"taxable","17":"shipping-taxable","18":"purchasable","19":"product-type-variable","20":"add-to-wishlist-before_image"},"exclude_global_add_ons":[],"addons":[],"acf":[],"_links":{"self":[{"href":"https:\/\/shop.kustom.ch\/fr\/wp-json\/wp\/v2\/product\/589235"}],"collection":[{"href":"https:\/\/shop.kustom.ch\/fr\/wp-json\/wp\/v2\/product"}],"about":[{"href":"https:\/\/shop.kustom.ch\/fr\/wp-json\/wp\/v2\/types\/product"}],"wp:featuredmedia":[{"embeddable":true,"href":"https:\/\/shop.kustom.ch\/fr\/wp-json\/wp\/v2\/media\/589289"}],"wp:attachment":[{"href":"https:\/\/shop.kustom.ch\/fr\/wp-json\/wp\/v2\/media?parent=589235"}],"wp:term":[{"taxonomy":"product_brand","embeddable":true,"href":"https:\/\/shop.kustom.ch\/fr\/wp-json\/wp\/v2\/product_brand?post=589235"},{"taxonomy":"product_cat","embeddable":true,"href":"https:\/\/shop.kustom.ch\/fr\/wp-json\/wp\/v2\/product_cat?post=589235"},{"taxonomy":"product_tag","embeddable":true,"href":"https:\/\/shop.kustom.ch\/fr\/wp-json\/wp\/v2\/product_tag?post=589235"}],"curies":[{"name":"wp","href":"https:\/\/api.w.org\/{rel}","templated":true}]}}