{"id":589140,"date":"2025-03-04T22:47:45","date_gmt":"2025-03-04T21:47:45","guid":{"rendered":"https:\/\/shop.kustom.ch\/?post_type=product&#038;p=589140"},"modified":"2026-03-31T08:51:53","modified_gmt":"2026-03-31T07:51:53","slug":"damen-poloshirt","status":"publish","type":"product","link":"https:\/\/shop.kustom.ch\/fr\/produit\/damen-poloshirt\/","title":{"rendered":"Polo pour femme"},"content":{"rendered":"<p>Compl\u00e9tez votre garde-robe avec ce polo. Col en tricot c\u00f4tel\u00e9 et coutures renforc\u00e9es au cou et aux \u00e9paules. Il s'accorde parfaitement avec notre collection industrielle. Le t-shirt est disponible en deux couleurs, mais aussi dans quelques alternatives unies.<\/p>\n<p>FERMETURE : Poignets en tricot c\u00f4tel\u00e9. D\u00c9TAILS : Encolure avec boutons. Col \u00e0 c\u00f4tes. Coutures renforc\u00e9es aux \u00e9paules. Fentes sur les c\u00f4t\u00e9s. FONCTIONNALIT\u00c9 : Coupe cintr\u00e9e. CARACTERISTIQUES PRINCIPALES : Conducteur. TISSU : Femmes. Industrie \/ Service. INSTRUCTIONS DE LAVAGE : repassage - moyen<\/p>\n<p>60% coton, 40% polyester, 220 g\/m<\/p>","protected":false},"excerpt":{"rendered":"<p>Erg\u00e4nzen Sie Ihre Garderobe mit diesem Poloshirt. Rippstrickkragen und verst\u00e4rkte Hals- und Schultern\u00e4hte. Passt perfekt zu unserer Industriekollektion. Das Shirt ist zweifarbig, aber auch in einigen einfarbigen Alternativen, erh\u00e4ltlich. ABSCHLUSS: Rippstrickb\u00fcndchen. DETAILS: Halsausschnitt mit Kn\u00f6pfen. Gerippter Kragen. Verst\u00e4rkte Schultern\u00e4hte. Schlitze an den Seiten. FUNKTIONALIT\u00c4T: Tailliert geschnitten. HAUPTEIGENSCHAFTEN: Fahrer. STOFF: Damen. Industrie \/ Service. WASCHANLEITUNG: B\u00fcgeln [&hellip;]<\/p>\n","protected":false},"featured_media":589182,"template":"","meta":[],"product_brand":[],"product_cat":[4193],"product_tag":[],"class_list":{"0":"post-589140","1":"product","2":"type-product","3":"status-publish","4":"has-post-thumbnail","6":"product_cat-polos","7":"pa_brand-blaklaeder","8":"pa_brand-type-workwear","9":"pa_filter-color-blau","10":"pa_filter-color-gelb","11":"pa_filter-color-grau","13":"first","14":"instock","15":"sale","16":"taxable","17":"shipping-taxable","18":"purchasable","19":"product-type-variable","20":"add-to-wishlist-before_image"},"exclude_global_add_ons":[],"addons":[],"acf":[],"_links":{"self":[{"href":"https:\/\/shop.kustom.ch\/fr\/wp-json\/wp\/v2\/product\/589140"}],"collection":[{"href":"https:\/\/shop.kustom.ch\/fr\/wp-json\/wp\/v2\/product"}],"about":[{"href":"https:\/\/shop.kustom.ch\/fr\/wp-json\/wp\/v2\/types\/product"}],"wp:featuredmedia":[{"embeddable":true,"href":"https:\/\/shop.kustom.ch\/fr\/wp-json\/wp\/v2\/media\/589182"}],"wp:attachment":[{"href":"https:\/\/shop.kustom.ch\/fr\/wp-json\/wp\/v2\/media?parent=589140"}],"wp:term":[{"taxonomy":"product_brand","embeddable":true,"href":"https:\/\/shop.kustom.ch\/fr\/wp-json\/wp\/v2\/product_brand?post=589140"},{"taxonomy":"product_cat","embeddable":true,"href":"https:\/\/shop.kustom.ch\/fr\/wp-json\/wp\/v2\/product_cat?post=589140"},{"taxonomy":"product_tag","embeddable":true,"href":"https:\/\/shop.kustom.ch\/fr\/wp-json\/wp\/v2\/product_tag?post=589140"}],"curies":[{"name":"wp","href":"https:\/\/api.w.org\/{rel}","templated":true}]}}