{"id":588962,"date":"2025-03-04T22:45:17","date_gmt":"2025-03-04T21:45:17","guid":{"rendered":"https:\/\/shop.kustom.ch\/?post_type=product&#038;p=588962"},"modified":"2026-03-31T08:51:39","modified_gmt":"2026-03-31T07:51:39","slug":"uv-shirt-high-vis-langarm-3","status":"publish","type":"product","link":"https:\/\/shop.kustom.ch\/fr\/produit\/uv-shirt-high-vis-langarm-3\/","title":{"rendered":"T-shirt UV haute visibilit\u00e9 manches longues"},"content":{"rendered":"<p>T-shirt Hi-Vis avec protection UV en tissu tricot\u00e9 l\u00e9ger avec structure pour la ventilation. Le tissu a des propri\u00e9t\u00e9s d'\u00e9vacuation de l'humidit\u00e9 pour une sensation agr\u00e9able et s\u00e8che sur le corps. Il est dot\u00e9 de bandes r\u00e9fl\u00e9chissantes discontinues avec stretch pour une libert\u00e9 de mouvement optimale et UPF 40+. Certifi\u00e9 selon EN ISO 20471, XS classe 2, S-4XL classe 3, v\u00eatements haute visibilit\u00e9 et EN 13758-2 UPF 40+ propri\u00e9t\u00e9s de protection solaire contre les UV.<\/p>\n<p>DETAILS : Encolure en V. Manches longues. FONCTIONNALIT\u00c9 : Mat\u00e9riau avec protection UV. TRAVAILLEURS PRINCIPAUX : Travailleurs de la route et du b\u00e2timent. EN 13758-2. REFLEX : Mat\u00e9riau r\u00e9fl\u00e9chissant sur le torse, les manches et les \u00e9paules. TISSU : Disponible pour hommes et femmes. Jaune haute visibilit\u00e9. Protection contre les UV. Protection contre la haute visibilit\u00e9. INSTRUCTIONS DE LAVAGE : Couleur 5500 - max. 40\u00b0, max. 25 lavages. Ne pas repasser. CERTIFICATION : EN 13758-2 UPF 40 +. Les v\u00eatements de classe 2 et 3 en orange sont conformes \u00e0 la norme RIS-3279-TOM Issue 2.<\/p>\n<p>100% polyester, tricot birdseye, \u00e9vacuation de l'humidit\u00e9, protection UV, 130g\/m<\/p>","protected":false},"excerpt":{"rendered":"<p>Hi-Vis-T-Shirt mit UV-Schutz aus leichtem Strickgewebe mit Struktur f\u00fcr die Bel\u00fcftung. Das Material hat feuchtigkeitstransportierende Eigenschaften f\u00fcr ein angenehmes und trockenes Gef\u00fchl am K\u00f6rper. Es hat unterbrochene Reflexstreifen mit Stretch f\u00fcr optimale Bewegungsfreiheit und UPF 40+. Zertifiziert nach EN ISO 20471, XS Klasse 2, S-4XL Klasse 3, hochsichtbare Kleidung und EN 13758-2 UPF 40+ Solar [&hellip;]<\/p>\n","protected":false},"featured_media":589025,"template":"","meta":[],"product_brand":[],"product_cat":[4201],"product_tag":[],"class_list":{"0":"post-588962","1":"product","2":"type-product","3":"status-publish","4":"has-post-thumbnail","6":"product_cat-t-shirts","7":"pa_brand-blaklaeder","8":"pa_brand-type-workwear","9":"pa_filter-color-gelb","10":"pa_filter-color-orange","11":"pa_filter-color-rot","13":"first","14":"instock","15":"sale","16":"taxable","17":"shipping-taxable","18":"purchasable","19":"product-type-variable","20":"add-to-wishlist-before_image"},"exclude_global_add_ons":[],"addons":[],"acf":[],"_links":{"self":[{"href":"https:\/\/shop.kustom.ch\/fr\/wp-json\/wp\/v2\/product\/588962"}],"collection":[{"href":"https:\/\/shop.kustom.ch\/fr\/wp-json\/wp\/v2\/product"}],"about":[{"href":"https:\/\/shop.kustom.ch\/fr\/wp-json\/wp\/v2\/types\/product"}],"wp:featuredmedia":[{"embeddable":true,"href":"https:\/\/shop.kustom.ch\/fr\/wp-json\/wp\/v2\/media\/589025"}],"wp:attachment":[{"href":"https:\/\/shop.kustom.ch\/fr\/wp-json\/wp\/v2\/media?parent=588962"}],"wp:term":[{"taxonomy":"product_brand","embeddable":true,"href":"https:\/\/shop.kustom.ch\/fr\/wp-json\/wp\/v2\/product_brand?post=588962"},{"taxonomy":"product_cat","embeddable":true,"href":"https:\/\/shop.kustom.ch\/fr\/wp-json\/wp\/v2\/product_cat?post=588962"},{"taxonomy":"product_tag","embeddable":true,"href":"https:\/\/shop.kustom.ch\/fr\/wp-json\/wp\/v2\/product_tag?post=588962"}],"curies":[{"name":"wp","href":"https:\/\/api.w.org\/{rel}","templated":true}]}}